{"id":1257,"date":"2025-05-28T15:34:02","date_gmt":"2025-05-28T15:34:02","guid":{"rendered":"https:\/\/apwschweiz.ch\/wordpress\/?page_id=1257"},"modified":"2025-09-07T10:11:12","modified_gmt":"2025-09-07T10:11:12","slug":"left","status":"publish","type":"page","link":"https:\/\/apwschweiz.ch\/en\/links\/","title":{"rendered":"Links"},"content":{"rendered":"<div data-elementor-type=\"wp-page\" data-elementor-id=\"1257\" class=\"elementor elementor-1257\" data-elementor-post-type=\"page\">\n\t\t\t\t<div class=\"elementor-element elementor-element-592f7833 e-flex e-con-boxed e-con e-parent\" data-id=\"592f7833\" data-element_type=\"container\" data-e-type=\"container\">\n\t\t\t\t\t<div class=\"e-con-inner\">\n\t\t\t\t<div class=\"elementor-element elementor-element-5c3ad5f elementor-boxstretch-yes elementor-position-left elementor-position-top elementor-position-top elementor-vertical-align-middle elementor-widget__width-inherit elementor-widget elementor-widget-image-box\" data-id=\"5c3ad5f\" data-element_type=\"widget\" data-e-type=\"widget\" data-widget_type=\"image-box.default\">\n\t\t\t\t<div class=\"elementor-widget-container\">\n\t\t\t\t\t<div class=\"elementor-image-box-wrapper\"><figure class=\"elementor-image-box-img\"><a href=\"https:\/\/wahrnehmung.ch\/\" target=\"_blank\" tabindex=\"-1\"><img decoding=\"async\" width=\"288\" height=\"41\" src=\"https:\/\/apwschweiz.ch\/wp-content\/uploads\/2025\/05\/wahrnehmung.ch-Logo-APW-Schweiz.png\" class=\"attachment-full size-full wp-image-1292\" alt=\"perception.ch Logo\" \/><\/a><\/figure><div class=\"elementor-image-box-content\"><h3 class=\"elementor-image-box-title\"><a href=\"https:\/\/wahrnehmung.ch\/\" target=\"_blank\">Perception Foundation<\/a><\/h3><p class=\"elementor-image-box-description\">The non-profit foundation is active in the fields of assessment and therapy as well as counseling and further education. The Affolter Model\u00ae is at the heart of this.<\/p><\/div><\/div>\t\t\t\t<\/div>\n\t\t\t\t<\/div>\n\t\t\t\t<div class=\"elementor-element elementor-element-bdf11c8 elementor-boxstretch-yes elementor-position-left elementor-position-top elementor-position-top elementor-vertical-align-middle elementor-widget__width-inherit elementor-widget elementor-widget-image-box\" data-id=\"bdf11c8\" data-element_type=\"widget\" data-e-type=\"widget\" data-widget_type=\"image-box.default\">\n\t\t\t\t<div class=\"elementor-widget-container\">\n\t\t\t\t\t<div class=\"elementor-image-box-wrapper\"><figure class=\"elementor-image-box-img\"><a href=\"http:\/\/www.tandem-ghg.ch\" target=\"_blank\" tabindex=\"-1\"><img fetchpriority=\"high\" decoding=\"async\" width=\"336\" height=\"200\" src=\"https:\/\/apwschweiz.ch\/wp-content\/uploads\/2025\/05\/Sonnenhalde-tandem-Logo-APW-Schweiz.png\" class=\"attachment-full size-full wp-image-1293\" alt=\"Sonnenhalde-tandem logo\" srcset=\"https:\/\/apwschweiz.ch\/wp-content\/uploads\/2025\/05\/Sonnenhalde-tandem-Logo-APW-Schweiz.png 336w, https:\/\/apwschweiz.ch\/wp-content\/uploads\/2025\/05\/Sonnenhalde-tandem-Logo-APW-Schweiz-300x179.png 300w\" sizes=\"(max-width: 336px) 100vw, 336px\" \/><\/a><\/figure><div class=\"elementor-image-box-content\"><h3 class=\"elementor-image-box-title\"><a href=\"http:\/\/www.tandem-ghg.ch\" target=\"_blank\">Sonnenhalde Tandem<\/a><\/h3><p class=\"elementor-image-box-description\">The Sonnenhalde Tandem institution in the St. Gallen\/Switzerland area offers residential and work\/employment places for adults. <\/p><\/div><\/div>\t\t\t\t<\/div>\n\t\t\t\t<\/div>\n\t\t\t\t<div class=\"elementor-element elementor-element-4cbfde4 elementor-boxstretch-yes elementor-position-left elementor-position-top elementor-position-top elementor-vertical-align-middle elementor-widget__width-inherit elementor-widget elementor-widget-image-box\" data-id=\"4cbfde4\" data-element_type=\"widget\" data-e-type=\"widget\" data-widget_type=\"image-box.default\">\n\t\t\t\t<div class=\"elementor-widget-container\">\n\t\t\t\t\t<div class=\"elementor-image-box-wrapper\"><figure class=\"elementor-image-box-img\"><a href=\"https:\/\/www.wahrnehmungs-schule.ch\/\" target=\"_blank\" tabindex=\"-1\"><img decoding=\"async\" width=\"200\" height=\"200\" src=\"https:\/\/apwschweiz.ch\/wp-content\/uploads\/2025\/05\/Sonderpaedagogische-Tagesschule-fuer-Wahrnehmungsfoerderung-Logo-APW-Schweiz.png\" class=\"attachment-full size-full wp-image-1341\" alt=\"Special educational day school for perceptual development Logo\" srcset=\"https:\/\/apwschweiz.ch\/wp-content\/uploads\/2025\/05\/Sonderpaedagogische-Tagesschule-fuer-Wahrnehmungsfoerderung-Logo-APW-Schweiz.png 200w, https:\/\/apwschweiz.ch\/wp-content\/uploads\/2025\/05\/Sonderpaedagogische-Tagesschule-fuer-Wahrnehmungsfoerderung-Logo-APW-Schweiz-100x100.png 100w, https:\/\/apwschweiz.ch\/wp-content\/uploads\/2025\/05\/Sonderpaedagogische-Tagesschule-fuer-Wahrnehmungsfoerderung-Logo-APW-Schweiz-150x150.png 150w\" sizes=\"(max-width: 200px) 100vw, 200px\" \/><\/a><\/figure><div class=\"elementor-image-box-content\"><h3 class=\"elementor-image-box-title\"><a href=\"https:\/\/www.wahrnehmungs-schule.ch\/\" target=\"_blank\">Special education day school for perceptual development, Zwillikon<\/a><\/h3><p class=\"elementor-image-box-description\">The Perception School in Zwillikon is a special education day school for children with special support needs in the areas of behavior, learning and language - with or without a diagnosis.<\/p><\/div><\/div>\t\t\t\t<\/div>\n\t\t\t\t<\/div>\n\t\t\t\t<div class=\"elementor-element elementor-element-404bfbf elementor-boxstretch-yes elementor-position-left elementor-position-top elementor-position-top elementor-vertical-align-middle elementor-widget__width-inherit elementor-widget elementor-widget-image-box\" data-id=\"404bfbf\" data-element_type=\"widget\" data-e-type=\"widget\" data-widget_type=\"image-box.default\">\n\t\t\t\t<div class=\"elementor-widget-container\">\n\t\t\t\t\t<div class=\"elementor-image-box-wrapper\"><figure class=\"elementor-image-box-img\"><a href=\"http:\/\/www.therapiezentrum-burgau.de\" target=\"_blank\" tabindex=\"-1\"><img loading=\"lazy\" decoding=\"async\" width=\"172\" height=\"98\" src=\"https:\/\/apwschweiz.ch\/wp-content\/uploads\/2025\/05\/Therapie-Zentrum-Burgau-Logo-APW-Schweiz.png\" class=\"attachment-full size-full wp-image-1340\" alt=\"Burgau Therapy Center Logo\" \/><\/a><\/figure><div class=\"elementor-image-box-content\"><h3 class=\"elementor-image-box-title\"><a href=\"http:\/\/www.therapiezentrum-burgau.de\" target=\"_blank\">Burgau Therapy Center<\/a><\/h3><p class=\"elementor-image-box-description\">The Burgau Therapy Center is a facility for neurological rehabilitation in Bavaria. A renowned training center is affiliated with the clinic.<\/p><\/div><\/div>\t\t\t\t<\/div>\n\t\t\t\t<\/div>\n\t\t\t\t<div class=\"elementor-element elementor-element-4e75abe elementor-boxstretch-yes elementor-position-left elementor-position-top elementor-position-top elementor-vertical-align-middle elementor-widget__width-inherit elementor-widget elementor-widget-image-box\" data-id=\"4e75abe\" data-element_type=\"widget\" data-e-type=\"widget\" data-widget_type=\"image-box.default\">\n\t\t\t\t<div class=\"elementor-widget-container\">\n\t\t\t\t\t<div class=\"elementor-image-box-wrapper\"><figure class=\"elementor-image-box-img\"><a href=\"https:\/\/www.proinfirmis.ch\/\" target=\"_blank\" tabindex=\"-1\"><img loading=\"lazy\" decoding=\"async\" width=\"160\" height=\"29\" src=\"https:\/\/apwschweiz.ch\/wp-content\/uploads\/2025\/05\/Pro-Infirmis-Logo-APW-Schweiz.png\" class=\"attachment-full size-full wp-image-1295\" alt=\"pro infirmis logo\" \/><\/a><\/figure><div class=\"elementor-image-box-content\"><h3 class=\"elementor-image-box-title\"><a href=\"https:\/\/www.proinfirmis.ch\/\" target=\"_blank\">Pro Infirmis<\/a><\/h3><p class=\"elementor-image-box-description\">Pro Infirmis is the Swiss specialist organization for people with disabilities and their relatives - for more self-determination, participation and inclusion.<\/p><\/div><\/div>\t\t\t\t<\/div>\n\t\t\t\t<\/div>\n\t\t\t\t<div class=\"elementor-element elementor-element-f86fe8f elementor-boxstretch-yes elementor-position-left elementor-position-top elementor-position-top elementor-vertical-align-middle elementor-widget__width-inherit elementor-widget elementor-widget-image-box\" data-id=\"f86fe8f\" data-element_type=\"widget\" data-e-type=\"widget\" data-widget_type=\"image-box.default\">\n\t\t\t\t<div class=\"elementor-widget-container\">\n\t\t\t\t\t<div class=\"elementor-image-box-wrapper\"><figure class=\"elementor-image-box-img\"><a href=\"http:\/\/www.szh.ch\" target=\"_blank\" tabindex=\"-1\"><img loading=\"lazy\" decoding=\"async\" width=\"438\" height=\"82\" src=\"https:\/\/apwschweiz.ch\/wp-content\/uploads\/2025\/05\/SZH-Logo-APW-Schweiz.png\" class=\"attachment-full size-full wp-image-1296\" alt=\"SZH Logo\" srcset=\"https:\/\/apwschweiz.ch\/wp-content\/uploads\/2025\/05\/SZH-Logo-APW-Schweiz.png 438w, https:\/\/apwschweiz.ch\/wp-content\/uploads\/2025\/05\/SZH-Logo-APW-Schweiz-300x56.png 300w\" sizes=\"(max-width: 438px) 100vw, 438px\" \/><\/a><\/figure><div class=\"elementor-image-box-content\"><h3 class=\"elementor-image-box-title\"><a href=\"http:\/\/www.szh.ch\" target=\"_blank\">Swiss Center for Special Needs Education<\/a><\/h3><p class=\"elementor-image-box-description\">The Swiss Center for Special Needs Education (SZH) informs, advises and networks stakeholders in inclusive education and develops innovative solutions for the challenges in special needs education.<\/p><\/div><\/div>\t\t\t\t<\/div>\n\t\t\t\t<\/div>\n\t\t\t\t<div class=\"elementor-element elementor-element-7aab96e elementor-boxstretch-yes elementor-position-left elementor-position-top elementor-position-top elementor-vertical-align-middle elementor-widget__width-inherit elementor-widget elementor-widget-image-box\" data-id=\"7aab96e\" data-element_type=\"widget\" data-e-type=\"widget\" data-widget_type=\"image-box.default\">\n\t\t\t\t<div class=\"elementor-widget-container\">\n\t\t\t\t\t<div class=\"elementor-image-box-wrapper\"><figure class=\"elementor-image-box-img\"><a href=\"http:\/\/www.autismushilfe.ch\" target=\"_blank\" tabindex=\"-1\"><img loading=\"lazy\" decoding=\"async\" width=\"250\" height=\"43\" src=\"https:\/\/apwschweiz.ch\/wp-content\/uploads\/2025\/05\/autismus-ost-Logo-APW-Schweiz.png\" class=\"attachment-full size-full wp-image-1297\" alt=\"autism east logo\" \/><\/a><\/figure><div class=\"elementor-image-box-content\"><h3 class=\"elementor-image-box-title\"><a href=\"http:\/\/www.autismushilfe.ch\" target=\"_blank\">autism east<\/a><\/h3><p class=\"elementor-image-box-description\">The Autismus Ost specialist unit offers insights into its wide range of services relating to advice, guidance and support for people on the autism spectrum.<\/p><\/div><\/div>\t\t\t\t<\/div>\n\t\t\t\t<\/div>\n\t\t\t\t<div class=\"elementor-element elementor-element-9c164fc elementor-boxstretch-yes elementor-position-left elementor-position-top elementor-position-top elementor-vertical-align-middle elementor-widget__width-inherit elementor-widget elementor-widget-image-box\" data-id=\"9c164fc\" data-element_type=\"widget\" data-e-type=\"widget\" data-widget_type=\"image-box.default\">\n\t\t\t\t<div class=\"elementor-widget-container\">\n\t\t\t\t\t<div class=\"elementor-image-box-wrapper\"><figure class=\"elementor-image-box-img\"><a href=\"https:\/\/www.workaut.ch\/\" target=\"_blank\" tabindex=\"-1\"><img loading=\"lazy\" decoding=\"async\" width=\"284\" height=\"158\" src=\"https:\/\/apwschweiz.ch\/wp-content\/uploads\/2025\/05\/Workaut-Logo-APW-Schweiz.png\" class=\"attachment-full size-full wp-image-1299\" alt=\"Workaut logo\" \/><\/a><\/figure><div class=\"elementor-image-box-content\"><h3 class=\"elementor-image-box-title\"><a href=\"https:\/\/www.workaut.ch\/\" target=\"_blank\">Workaut<\/a><\/h3><p class=\"elementor-image-box-description\">Workaut offers life and work support for people with autism with the aim of promoting individual strengths and enabling social participation.<\/p><\/div><\/div>\t\t\t\t<\/div>\n\t\t\t\t<\/div>\n\t\t\t\t<div class=\"elementor-element elementor-element-61e75a9 elementor-boxstretch-yes elementor-position-left elementor-position-top elementor-position-top elementor-vertical-align-middle elementor-widget__width-inherit elementor-widget elementor-widget-image-box\" data-id=\"61e75a9\" data-element_type=\"widget\" data-e-type=\"widget\" data-widget_type=\"image-box.default\">\n\t\t\t\t<div class=\"elementor-widget-container\">\n\t\t\t\t\t<div class=\"elementor-image-box-wrapper\"><figure class=\"elementor-image-box-img\"><a href=\"https:\/\/autismusverlag.ch\/\" target=\"_blank\" tabindex=\"-1\"><img loading=\"lazy\" decoding=\"async\" width=\"162\" height=\"40\" src=\"https:\/\/apwschweiz.ch\/wp-content\/uploads\/2025\/05\/Autismusverlag-Logo-APW-Schweiz.jpg\" class=\"attachment-full size-full wp-image-1301\" alt=\"Autism Publisher Logo\" \/><\/a><\/figure><div class=\"elementor-image-box-content\"><h3 class=\"elementor-image-box-title\"><a href=\"https:\/\/autismusverlag.ch\/\" target=\"_blank\">Autism Publisher<\/a><\/h3><p class=\"elementor-image-box-description\">Autismusverlag is a specialized online store that provides books, materials and well-founded specialist information on the subject of autism.\n<\/p><\/div><\/div>\t\t\t\t<\/div>\n\t\t\t\t<\/div>\n\t\t\t\t<div class=\"elementor-element elementor-element-66c237d elementor-boxstretch-yes elementor-position-left elementor-position-top elementor-position-top elementor-vertical-align-middle elementor-widget__width-inherit elementor-widget elementor-widget-image-box\" data-id=\"66c237d\" data-element_type=\"widget\" data-e-type=\"widget\" data-widget_type=\"image-box.default\">\n\t\t\t\t<div class=\"elementor-widget-container\">\n\t\t\t\t\t<div class=\"elementor-image-box-wrapper\"><figure class=\"elementor-image-box-img\"><a href=\"https:\/\/intensiv-kids.ch\/intensiv-kids.ch\/\" target=\"_blank\" tabindex=\"-1\"><img loading=\"lazy\" decoding=\"async\" width=\"320\" height=\"73\" src=\"https:\/\/apwschweiz.ch\/wp-content\/uploads\/2025\/05\/intensivkids-Logo-APW-Schweiz.jpg\" class=\"attachment-full size-full wp-image-1302\" alt=\"intensivkids Logo\" srcset=\"https:\/\/apwschweiz.ch\/wp-content\/uploads\/2025\/05\/intensivkids-Logo-APW-Schweiz.jpg 320w, https:\/\/apwschweiz.ch\/wp-content\/uploads\/2025\/05\/intensivkids-Logo-APW-Schweiz-300x68.jpg 300w\" sizes=\"(max-width: 320px) 100vw, 320px\" \/><\/a><\/figure><div class=\"elementor-image-box-content\"><h3 class=\"elementor-image-box-title\"><a href=\"https:\/\/intensiv-kids.ch\/intensiv-kids.ch\/\" target=\"_blank\">Intensive Kids<\/a><\/h3><p class=\"elementor-image-box-description\">intensivkids is an association for parents of children and young adults with complex illnesses and special needs.<\/p><\/div><\/div>\t\t\t\t<\/div>\n\t\t\t\t<\/div>\n\t\t\t\t<div class=\"elementor-element elementor-element-784b602 elementor-boxstretch-yes elementor-position-left elementor-position-top elementor-position-top elementor-vertical-align-middle elementor-widget__width-inherit elementor-widget elementor-widget-image-box\" data-id=\"784b602\" data-element_type=\"widget\" data-e-type=\"widget\" data-widget_type=\"image-box.default\">\n\t\t\t\t<div class=\"elementor-widget-container\">\n\t\t\t\t\t<div class=\"elementor-image-box-wrapper\"><figure class=\"elementor-image-box-img\"><a href=\"https:\/\/autismusnetzost.ch\/\" target=\"_blank\" tabindex=\"-1\"><img loading=\"lazy\" decoding=\"async\" width=\"1500\" height=\"320\" src=\"https:\/\/apwschweiz.ch\/wp-content\/uploads\/2025\/05\/AutismusNetzOst-Logo-APW-Schweiz.png\" class=\"attachment-full size-full wp-image-1303\" alt=\"AutismusNetzOst Logo\" srcset=\"https:\/\/apwschweiz.ch\/wp-content\/uploads\/2025\/05\/AutismusNetzOst-Logo-APW-Schweiz.png 1500w, https:\/\/apwschweiz.ch\/wp-content\/uploads\/2025\/05\/AutismusNetzOst-Logo-APW-Schweiz-500x107.png 500w, https:\/\/apwschweiz.ch\/wp-content\/uploads\/2025\/05\/AutismusNetzOst-Logo-APW-Schweiz-300x64.png 300w, https:\/\/apwschweiz.ch\/wp-content\/uploads\/2025\/05\/AutismusNetzOst-Logo-APW-Schweiz-1024x218.png 1024w, https:\/\/apwschweiz.ch\/wp-content\/uploads\/2025\/05\/AutismusNetzOst-Logo-APW-Schweiz-768x164.png 768w, https:\/\/apwschweiz.ch\/wp-content\/uploads\/2025\/05\/AutismusNetzOst-Logo-APW-Schweiz-1320x282.png 1320w\" sizes=\"(max-width: 1500px) 100vw, 1500px\" \/><\/a><\/figure><div class=\"elementor-image-box-content\"><h3 class=\"elementor-image-box-title\"><a href=\"https:\/\/autismusnetzost.ch\/\" target=\"_blank\">Autism Network East<\/a><\/h3><p class=\"elementor-image-box-description\">Autismus Netz Ost provides information, services and support for people with autism spectrum disorder (ASD) as well as their relatives and professionals.<\/p><\/div><\/div>\t\t\t\t<\/div>\n\t\t\t\t<\/div>\n\t\t\t\t\t<\/div>\n\t\t\t\t<\/div>\n\t\t\t\t<\/div>","protected":false},"excerpt":{"rendered":"<p>On this page you will find a selection of helpful links to specialist agencies, organizations and further information on the subject of perceptual disorders. The collection is aimed at professionals, family members and anyone who would like to find out more about the promotion of perception.<\/p>","protected":false},"author":1,"featured_media":5191,"parent":0,"menu_order":0,"comment_status":"closed","ping_status":"closed","template":"","meta":{"_acf_changed":false,"footnotes":""},"kurstyp":[],"class_list":["post-1257","page","type-page","status-publish","has-post-thumbnail","hentry"],"acf":[],"yoast_head":"<!-- This site is optimized with the Yoast SEO plugin v27.4 - https:\/\/yoast.com\/product\/yoast-seo-wordpress\/ -->\n<title>Wichtige Links | APW Schweiz<\/title>\n<meta name=\"description\" content=\"N\u00fctzliche Links zu Fachstellen, Netzwerken und Informationen rund um Wahrnehmungsf\u00f6rderung und Wahrnehmungsst\u00f6rungen.\" \/>\n<meta name=\"robots\" content=\"index, follow, max-snippet:-1, max-image-preview:large, max-video-preview:-1\" \/>\n<link rel=\"canonical\" href=\"https:\/\/apwschweiz.ch\/en\/left\/\" \/>\n<meta property=\"og:locale\" content=\"en_US\" \/>\n<meta property=\"og:type\" content=\"article\" \/>\n<meta property=\"og:title\" content=\"Wichtige Links | APW Schweiz\" \/>\n<meta property=\"og:description\" content=\"N\u00fctzliche Links zu Fachstellen, Netzwerken und Informationen rund um Wahrnehmungsf\u00f6rderung und Wahrnehmungsst\u00f6rungen.\" \/>\n<meta property=\"og:url\" content=\"https:\/\/apwschweiz.ch\/en\/left\/\" \/>\n<meta property=\"og:site_name\" content=\"APW Schweiz\" \/>\n<meta property=\"article:publisher\" content=\"https:\/\/www.facebook.com\/tauapw\" \/>\n<meta property=\"article:modified_time\" content=\"2025-09-07T10:11:12+00:00\" \/>\n<meta property=\"og:image\" content=\"https:\/\/apwschweiz.ch\/wp-content\/uploads\/2025\/09\/Affolter-Therapie-v3-APW-Schweiz.jpg\" \/>\n\t<meta property=\"og:image:width\" content=\"1400\" \/>\n\t<meta property=\"og:image:height\" content=\"931\" \/>\n\t<meta property=\"og:image:type\" content=\"image\/jpeg\" \/>\n<meta name=\"twitter:card\" content=\"summary_large_image\" \/>\n<meta name=\"twitter:label1\" content=\"Est. reading time\" \/>\n\t<meta name=\"twitter:data1\" content=\"4 minutes\" \/>\n<script type=\"application\/ld+json\" class=\"yoast-schema-graph\">{\"@context\":\"https:\\\/\\\/schema.org\",\"@graph\":[{\"@type\":\"WebPage\",\"@id\":\"https:\\\/\\\/apwschweiz.ch\\\/links\\\/\",\"url\":\"https:\\\/\\\/apwschweiz.ch\\\/links\\\/\",\"name\":\"Wichtige Links | APW Schweiz\",\"isPartOf\":{\"@id\":\"https:\\\/\\\/apwschweiz.ch\\\/#website\"},\"primaryImageOfPage\":{\"@id\":\"https:\\\/\\\/apwschweiz.ch\\\/links\\\/#primaryimage\"},\"image\":{\"@id\":\"https:\\\/\\\/apwschweiz.ch\\\/links\\\/#primaryimage\"},\"thumbnailUrl\":\"https:\\\/\\\/apwschweiz.ch\\\/wp-content\\\/uploads\\\/2025\\\/09\\\/Affolter-Therapie-v3-APW-Schweiz.jpg\",\"datePublished\":\"2025-05-28T15:34:02+00:00\",\"dateModified\":\"2025-09-07T10:11:12+00:00\",\"description\":\"N\u00fctzliche Links zu Fachstellen, Netzwerken und Informationen rund um Wahrnehmungsf\u00f6rderung und Wahrnehmungsst\u00f6rungen.\",\"breadcrumb\":{\"@id\":\"https:\\\/\\\/apwschweiz.ch\\\/links\\\/#breadcrumb\"},\"inLanguage\":\"en-US\",\"potentialAction\":[{\"@type\":\"ReadAction\",\"target\":[\"https:\\\/\\\/apwschweiz.ch\\\/links\\\/\"]}]},{\"@type\":\"ImageObject\",\"inLanguage\":\"en-US\",\"@id\":\"https:\\\/\\\/apwschweiz.ch\\\/links\\\/#primaryimage\",\"url\":\"https:\\\/\\\/apwschweiz.ch\\\/wp-content\\\/uploads\\\/2025\\\/09\\\/Affolter-Therapie-v3-APW-Schweiz.jpg\",\"contentUrl\":\"https:\\\/\\\/apwschweiz.ch\\\/wp-content\\\/uploads\\\/2025\\\/09\\\/Affolter-Therapie-v3-APW-Schweiz.jpg\",\"width\":1400,\"height\":931,\"caption\":\"Affolter Therapie mit Patient\"},{\"@type\":\"BreadcrumbList\",\"@id\":\"https:\\\/\\\/apwschweiz.ch\\\/links\\\/#breadcrumb\",\"itemListElement\":[{\"@type\":\"ListItem\",\"position\":1,\"name\":\"Startseite\",\"item\":\"https:\\\/\\\/apwschweiz.ch\\\/\"},{\"@type\":\"ListItem\",\"position\":2,\"name\":\"Links\"}]},{\"@type\":\"WebSite\",\"@id\":\"https:\\\/\\\/apwschweiz.ch\\\/#website\",\"url\":\"https:\\\/\\\/apwschweiz.ch\\\/\",\"name\":\"Arbeitsgemeinschaft pro Wahrnehmung\",\"description\":\"Gemeinsam f\u00fcr Menschen mit Wahrnehmungs\u00adst\u00f6rungen\",\"publisher\":{\"@id\":\"https:\\\/\\\/apwschweiz.ch\\\/#organization\"},\"alternateName\":\"APW Schweiz\",\"potentialAction\":[{\"@type\":\"SearchAction\",\"target\":{\"@type\":\"EntryPoint\",\"urlTemplate\":\"https:\\\/\\\/apwschweiz.ch\\\/?s={search_term_string}\"},\"query-input\":{\"@type\":\"PropertyValueSpecification\",\"valueRequired\":true,\"valueName\":\"search_term_string\"}}],\"inLanguage\":\"en-US\"},{\"@type\":\"Organization\",\"@id\":\"https:\\\/\\\/apwschweiz.ch\\\/#organization\",\"name\":\"Arbeitsgemeinschaft pro Wahrnehmung\",\"alternateName\":\"APW Schweiz\",\"url\":\"https:\\\/\\\/apwschweiz.ch\\\/\",\"logo\":{\"@type\":\"ImageObject\",\"inLanguage\":\"en-US\",\"@id\":\"https:\\\/\\\/apwschweiz.ch\\\/#\\\/schema\\\/logo\\\/image\\\/\",\"url\":\"https:\\\/\\\/apwschweiz.ch\\\/wp-content\\\/uploads\\\/2025\\\/07\\\/APW-Logo-Quadrat.png\",\"contentUrl\":\"https:\\\/\\\/apwschweiz.ch\\\/wp-content\\\/uploads\\\/2025\\\/07\\\/APW-Logo-Quadrat.png\",\"width\":500,\"height\":500,\"caption\":\"Arbeitsgemeinschaft pro Wahrnehmung\"},\"image\":{\"@id\":\"https:\\\/\\\/apwschweiz.ch\\\/#\\\/schema\\\/logo\\\/image\\\/\"},\"sameAs\":[\"https:\\\/\\\/www.facebook.com\\\/tauapw\"]}]}<\/script>\n<!-- \/ Yoast SEO plugin. -->","yoast_head_json":{"title":"Important links | APW Switzerland","description":"Useful links to specialist agencies, networks and information on the promotion of perception and perceptual disorders.","robots":{"index":"index","follow":"follow","max-snippet":"max-snippet:-1","max-image-preview":"max-image-preview:large","max-video-preview":"max-video-preview:-1"},"canonical":"https:\/\/apwschweiz.ch\/en\/left\/","og_locale":"en_US","og_type":"article","og_title":"Wichtige Links | APW Schweiz","og_description":"N\u00fctzliche Links zu Fachstellen, Netzwerken und Informationen rund um Wahrnehmungsf\u00f6rderung und Wahrnehmungsst\u00f6rungen.","og_url":"https:\/\/apwschweiz.ch\/en\/left\/","og_site_name":"APW Schweiz","article_publisher":"https:\/\/www.facebook.com\/tauapw","article_modified_time":"2025-09-07T10:11:12+00:00","og_image":[{"width":1400,"height":931,"url":"https:\/\/apwschweiz.ch\/wp-content\/uploads\/2025\/09\/Affolter-Therapie-v3-APW-Schweiz.jpg","type":"image\/jpeg"}],"twitter_card":"summary_large_image","twitter_misc":{"Est. reading time":"4 minutes"},"schema":{"@context":"https:\/\/schema.org","@graph":[{"@type":"WebPage","@id":"https:\/\/apwschweiz.ch\/links\/","url":"https:\/\/apwschweiz.ch\/links\/","name":"Important links | APW Switzerland","isPartOf":{"@id":"https:\/\/apwschweiz.ch\/#website"},"primaryImageOfPage":{"@id":"https:\/\/apwschweiz.ch\/links\/#primaryimage"},"image":{"@id":"https:\/\/apwschweiz.ch\/links\/#primaryimage"},"thumbnailUrl":"https:\/\/apwschweiz.ch\/wp-content\/uploads\/2025\/09\/Affolter-Therapie-v3-APW-Schweiz.jpg","datePublished":"2025-05-28T15:34:02+00:00","dateModified":"2025-09-07T10:11:12+00:00","description":"Useful links to specialist agencies, networks and information on the promotion of perception and perceptual disorders.","breadcrumb":{"@id":"https:\/\/apwschweiz.ch\/links\/#breadcrumb"},"inLanguage":"en-US","potentialAction":[{"@type":"ReadAction","target":["https:\/\/apwschweiz.ch\/links\/"]}]},{"@type":"ImageObject","inLanguage":"en-US","@id":"https:\/\/apwschweiz.ch\/links\/#primaryimage","url":"https:\/\/apwschweiz.ch\/wp-content\/uploads\/2025\/09\/Affolter-Therapie-v3-APW-Schweiz.jpg","contentUrl":"https:\/\/apwschweiz.ch\/wp-content\/uploads\/2025\/09\/Affolter-Therapie-v3-APW-Schweiz.jpg","width":1400,"height":931,"caption":"Affolter Therapie mit Patient"},{"@type":"BreadcrumbList","@id":"https:\/\/apwschweiz.ch\/links\/#breadcrumb","itemListElement":[{"@type":"ListItem","position":1,"name":"Startseite","item":"https:\/\/apwschweiz.ch\/"},{"@type":"ListItem","position":2,"name":"Links"}]},{"@type":"WebSite","@id":"https:\/\/apwschweiz.ch\/#website","url":"https:\/\/apwschweiz.ch\/","name":"Working group for perception","description":"Together for people with sensory disorders","publisher":{"@id":"https:\/\/apwschweiz.ch\/#organization"},"alternateName":"APW Schweiz","potentialAction":[{"@type":"SearchAction","target":{"@type":"EntryPoint","urlTemplate":"https:\/\/apwschweiz.ch\/?s={search_term_string}"},"query-input":{"@type":"PropertyValueSpecification","valueRequired":true,"valueName":"search_term_string"}}],"inLanguage":"en-US"},{"@type":"Organization","@id":"https:\/\/apwschweiz.ch\/#organization","name":"Working group for perception","alternateName":"APW Schweiz","url":"https:\/\/apwschweiz.ch\/","logo":{"@type":"ImageObject","inLanguage":"en-US","@id":"https:\/\/apwschweiz.ch\/#\/schema\/logo\/image\/","url":"https:\/\/apwschweiz.ch\/wp-content\/uploads\/2025\/07\/APW-Logo-Quadrat.png","contentUrl":"https:\/\/apwschweiz.ch\/wp-content\/uploads\/2025\/07\/APW-Logo-Quadrat.png","width":500,"height":500,"caption":"Arbeitsgemeinschaft pro Wahrnehmung"},"image":{"@id":"https:\/\/apwschweiz.ch\/#\/schema\/logo\/image\/"},"sameAs":["https:\/\/www.facebook.com\/tauapw"]}]}},"_links":{"self":[{"href":"https:\/\/apwschweiz.ch\/en\/wp-json\/wp\/v2\/pages\/1257","targetHints":{"allow":["GET"]}}],"collection":[{"href":"https:\/\/apwschweiz.ch\/en\/wp-json\/wp\/v2\/pages"}],"about":[{"href":"https:\/\/apwschweiz.ch\/en\/wp-json\/wp\/v2\/types\/page"}],"author":[{"embeddable":true,"href":"https:\/\/apwschweiz.ch\/en\/wp-json\/wp\/v2\/users\/1"}],"replies":[{"embeddable":true,"href":"https:\/\/apwschweiz.ch\/en\/wp-json\/wp\/v2\/comments?post=1257"}],"version-history":[{"count":47,"href":"https:\/\/apwschweiz.ch\/en\/wp-json\/wp\/v2\/pages\/1257\/revisions"}],"predecessor-version":[{"id":5190,"href":"https:\/\/apwschweiz.ch\/en\/wp-json\/wp\/v2\/pages\/1257\/revisions\/5190"}],"wp:featuredmedia":[{"embeddable":true,"href":"https:\/\/apwschweiz.ch\/en\/wp-json\/wp\/v2\/media\/5191"}],"wp:attachment":[{"href":"https:\/\/apwschweiz.ch\/en\/wp-json\/wp\/v2\/media?parent=1257"}],"wp:term":[{"taxonomy":"kurstyp","embeddable":true,"href":"https:\/\/apwschweiz.ch\/en\/wp-json\/wp\/v2\/kurstyp?post=1257"}],"curies":[{"name":"wp","href":"https:\/\/api.w.org\/{rel}","templated":true}]}}