{"id":1274,"date":"2025-05-28T15:51:06","date_gmt":"2025-05-28T15:51:06","guid":{"rendered":"https:\/\/apwschweiz.ch\/wordpress\/?page_id=1274"},"modified":"2026-02-09T10:36:54","modified_gmt":"2026-02-09T10:36:54","slug":"my-story","status":"publish","type":"page","link":"https:\/\/apwschweiz.ch\/en\/meine-geschichte\/","title":{"rendered":"My story"},"content":{"rendered":"<div data-elementor-type=\"wp-page\" data-elementor-id=\"1274\" class=\"elementor elementor-1274\" data-elementor-post-type=\"page\">\n\t\t\t\t<div class=\"elementor-element elementor-element-8355c2b e-flex e-con-boxed e-con e-parent\" data-id=\"8355c2b\" data-element_type=\"container\" data-e-type=\"container\">\n\t\t\t\t\t<div class=\"e-con-inner\">\n\t\t\t\t<div class=\"elementor-element elementor-element-4b0e035 elementor-widget__width-inherit elementor-invisible elementor-widget elementor-widget-text-editor\" data-id=\"4b0e035\" data-element_type=\"widget\" data-e-type=\"widget\" data-settings=\"{&quot;_animation&quot;:&quot;fadeInUp&quot;}\" data-widget_type=\"text-editor.default\">\n\t\t\t\t<div class=\"elementor-widget-container\">\n\t\t\t\t\t\t\t\t\tIt's my way ...\t\t\t\t\t\t\t\t<\/div>\n\t\t\t\t<\/div>\n\t\t\t\t<div class=\"elementor-element elementor-element-da8d662 elementor-widget__width-inherit elementor-invisible elementor-widget elementor-widget-heading\" data-id=\"da8d662\" data-element_type=\"widget\" data-e-type=\"widget\" data-settings=\"{&quot;_animation&quot;:&quot;fadeInUp&quot;,&quot;_animation_delay&quot;:200}\" data-widget_type=\"heading.default\">\n\t\t\t\t<div class=\"elementor-widget-container\">\n\t\t\t\t\t<h2 class=\"elementor-heading-title elementor-size-default\">Experiences that connect<\/h2>\t\t\t\t<\/div>\n\t\t\t\t<\/div>\n\t\t\t\t<div class=\"elementor-element elementor-element-5948799 elementor-widget__width-inherit elementor-widget-tablet__width-inherit elementor-invisible elementor-widget elementor-widget-text-editor\" data-id=\"5948799\" data-element_type=\"widget\" data-e-type=\"widget\" data-settings=\"{&quot;_animation&quot;:&quot;fadeInUp&quot;,&quot;_animation_delay&quot;:400}\" data-widget_type=\"text-editor.default\">\n\t\t\t\t<div class=\"elementor-widget-container\">\n\t\t\t\t\t\t\t\t\t<p>In \u201eMy story\u201c, parents and relatives share their personal experiences of dealing with sensory disorders. These stories are encouraging, give hope and show that No one is alone. In this section, we would like to publish further testimonials - as a contribution to exchange and mutual support.<\/p><p>Would you also like to share your story with others affected or simply record your journey? Then we look forward to receiving your submission to <a href=\"mailto:info@apwschweiz.ch\">info@apwschweiz.ch<\/a><\/p>\t\t\t\t\t\t\t\t<\/div>\n\t\t\t\t<\/div>\n\t\t\t\t<div class=\"elementor-element elementor-element-7ba3fa8 elementor-grid-2 elementor-grid-tablet-2 elementor-grid-mobile-1 elementor-posts--thumbnail-top elementor-widget elementor-widget-posts\" data-id=\"7ba3fa8\" data-element_type=\"widget\" data-e-type=\"widget\" data-settings=\"{&quot;classic_masonry&quot;:&quot;yes&quot;,&quot;classic_row_gap&quot;:{&quot;unit&quot;:&quot;px&quot;,&quot;size&quot;:40,&quot;sizes&quot;:[]},&quot;classic_row_gap_tablet&quot;:{&quot;unit&quot;:&quot;px&quot;,&quot;size&quot;:30,&quot;sizes&quot;:[]},&quot;classic_row_gap_mobile&quot;:{&quot;unit&quot;:&quot;px&quot;,&quot;size&quot;:30,&quot;sizes&quot;:[]},&quot;pagination_type&quot;:&quot;numbers&quot;,&quot;classic_columns&quot;:&quot;2&quot;,&quot;classic_columns_tablet&quot;:&quot;2&quot;,&quot;classic_columns_mobile&quot;:&quot;1&quot;}\" data-widget_type=\"posts.classic\">\n\t\t\t\t<div class=\"elementor-widget-container\">\n\t\t\t\t\t\t\t<div class=\"elementor-posts-container elementor-posts elementor-posts--skin-classic elementor-grid\" role=\"list\">\n\t\t\t\t<article class=\"elementor-post elementor-grid-item post-1883 post type-post status-publish format-standard hentry category-erfahrungsberichte\" role=\"listitem\">\n\t\t\t\t<div class=\"elementor-post__text\">\n\t\t\t\t<h3 class=\"elementor-post__title\">\n\t\t\t<a href=\"https:\/\/apwschweiz.ch\/en\/erfahrungsbericht-kathrin\/\" >\n\t\t\t\tA long road to diagnosis - living with cerebral palsy\t\t\t<\/a>\n\t\t<\/h3>\n\t\t\t\t<div class=\"elementor-post__meta-data\">\n\t\t\t\t\t<span class=\"elementor-post-date\">\n\t\t\t09\/06\/2025\t\t<\/span>\n\t\t\t\t<\/div>\n\t\t\t\t<div class=\"elementor-post__excerpt\">\n\t\t\t<p>From the inconspicuous pregnancy to the diagnosis: a mother talks about the first months of her daughter Kathrin's life, her early observations - and the moment when the diagnosis of cerebral palsy changed everything.<\/p>\n\t\t<\/div>\n\t\t\n\t\t<a class=\"elementor-post__read-more\" href=\"https:\/\/apwschweiz.ch\/en\/erfahrungsbericht-kathrin\/\" aria-label=\"Read more about Ein langer Weg zur Diagnose \u2013 Leben mit cerebraler L\u00e4hmung\" tabindex=\"-1\" >\n\t\t\tRead more \u00bb\t\t<\/a>\n\n\t\t\t\t<\/div>\n\t\t\t\t<\/article>\n\t\t\t\t<article class=\"elementor-post elementor-grid-item post-1881 post type-post status-publish format-standard hentry category-erfahrungsberichte\" role=\"listitem\">\n\t\t\t\t<div class=\"elementor-post__text\">\n\t\t\t\t<h3 class=\"elementor-post__title\">\n\t\t\t<a href=\"https:\/\/apwschweiz.ch\/en\/erfahrungsbericht-lukas\/\" >\n\t\t\t\tEveryday family life with fears, aggression and uncertainty\t\t\t<\/a>\n\t\t<\/h3>\n\t\t\t\t<div class=\"elementor-post__meta-data\">\n\t\t\t\t\t<span class=\"elementor-post-date\">\n\t\t\t09\/06\/2025\t\t<\/span>\n\t\t\t\t<\/div>\n\t\t\t\t<div class=\"elementor-post__excerpt\">\n\t\t\t<p>From birth trauma to a new zest for life: a family describes how fears, aggression and excessive demands shaped their everyday life with Lukas - and how he became a cheerful personality thanks to intensive support and therapy.<\/p>\n\t\t<\/div>\n\t\t\n\t\t<a class=\"elementor-post__read-more\" href=\"https:\/\/apwschweiz.ch\/en\/erfahrungsbericht-lukas\/\" aria-label=\"Read more about Familienalltag mit \u00c4ngsten, Aggressionen und Ungewissheit\" tabindex=\"-1\" >\n\t\t\tRead more \u00bb\t\t<\/a>\n\n\t\t\t\t<\/div>\n\t\t\t\t<\/article>\n\t\t\t\t<\/div>\n\t\t\n\t\t\t\t\t\t<\/div>\n\t\t\t\t<\/div>\n\t\t\t\t\t<\/div>\n\t\t\t\t<\/div>\n\t\t\t\t<\/div>","protected":false},"excerpt":{"rendered":"<p>This section gives relatives and parents of people with perceptual disorders the opportunity to share their experiences. The reports are intended to provide orientation for others affected, give an insight into different life situations and enrich the professional discourse.<\/p>","protected":false},"author":1,"featured_media":6716,"parent":0,"menu_order":0,"comment_status":"closed","ping_status":"closed","template":"","meta":{"_acf_changed":false,"footnotes":""},"kurstyp":[],"class_list":["post-1274","page","type-page","status-publish","has-post-thumbnail","hentry"],"acf":[],"yoast_head":"<!-- This site is optimized with the Yoast SEO plugin v27.4 - https:\/\/yoast.com\/product\/yoast-seo-wordpress\/ -->\n<title>Erfahrungsberichte von Angeh\u00f6rigen | APW Schweiz<\/title>\n<meta name=\"description\" content=\"Lesen Sie pers\u00f6nliche Erfahrungsberichte von Eltern und Angeh\u00f6rigen im Umgang mit Wahrnehmungsst\u00f6rungen. Teilen auch Sie Ihre Geschichte!\" \/>\n<meta name=\"robots\" content=\"index, follow, max-snippet:-1, max-image-preview:large, max-video-preview:-1\" \/>\n<link rel=\"canonical\" href=\"https:\/\/apwschweiz.ch\/en\/my-story\/\" \/>\n<meta property=\"og:locale\" content=\"en_US\" \/>\n<meta property=\"og:type\" content=\"article\" \/>\n<meta property=\"og:title\" content=\"Erfahrungsberichte von Angeh\u00f6rigen | APW Schweiz\" \/>\n<meta property=\"og:description\" content=\"Lesen Sie pers\u00f6nliche Erfahrungsberichte von Eltern und Angeh\u00f6rigen im Umgang mit Wahrnehmungsst\u00f6rungen. Teilen auch Sie Ihre Geschichte!\" \/>\n<meta property=\"og:url\" content=\"https:\/\/apwschweiz.ch\/en\/my-story\/\" \/>\n<meta property=\"og:site_name\" content=\"APW Schweiz\" \/>\n<meta property=\"article:publisher\" content=\"https:\/\/www.facebook.com\/tauapw\" \/>\n<meta property=\"article:modified_time\" content=\"2026-02-09T10:36:54+00:00\" \/>\n<meta property=\"og:image\" content=\"https:\/\/apwschweiz.ch\/wp-content\/uploads\/2026\/02\/portrait-of-a-little-handsome-boy-against-the-background-of-the-autumn-forest.webp\" \/>\n\t<meta property=\"og:image:width\" content=\"2000\" \/>\n\t<meta property=\"og:image:height\" content=\"1333\" \/>\n\t<meta property=\"og:image:type\" content=\"image\/webp\" \/>\n<meta name=\"twitter:card\" content=\"summary_large_image\" \/>\n<meta name=\"twitter:label1\" content=\"Est. reading time\" \/>\n\t<meta name=\"twitter:data1\" content=\"1 minute\" \/>\n<script type=\"application\/ld+json\" class=\"yoast-schema-graph\">{\"@context\":\"https:\\\/\\\/schema.org\",\"@graph\":[{\"@type\":\"WebPage\",\"@id\":\"https:\\\/\\\/apwschweiz.ch\\\/meine-geschichte\\\/\",\"url\":\"https:\\\/\\\/apwschweiz.ch\\\/meine-geschichte\\\/\",\"name\":\"Erfahrungsberichte von Angeh\u00f6rigen | APW Schweiz\",\"isPartOf\":{\"@id\":\"https:\\\/\\\/apwschweiz.ch\\\/#website\"},\"primaryImageOfPage\":{\"@id\":\"https:\\\/\\\/apwschweiz.ch\\\/meine-geschichte\\\/#primaryimage\"},\"image\":{\"@id\":\"https:\\\/\\\/apwschweiz.ch\\\/meine-geschichte\\\/#primaryimage\"},\"thumbnailUrl\":\"https:\\\/\\\/apwschweiz.ch\\\/wp-content\\\/uploads\\\/2026\\\/02\\\/portrait-of-a-little-handsome-boy-against-the-background-of-the-autumn-forest.webp\",\"datePublished\":\"2025-05-28T15:51:06+00:00\",\"dateModified\":\"2026-02-09T10:36:54+00:00\",\"description\":\"Lesen Sie pers\u00f6nliche Erfahrungsberichte von Eltern und Angeh\u00f6rigen im Umgang mit Wahrnehmungsst\u00f6rungen. Teilen auch Sie Ihre Geschichte!\",\"breadcrumb\":{\"@id\":\"https:\\\/\\\/apwschweiz.ch\\\/meine-geschichte\\\/#breadcrumb\"},\"inLanguage\":\"en-US\",\"potentialAction\":[{\"@type\":\"ReadAction\",\"target\":[\"https:\\\/\\\/apwschweiz.ch\\\/meine-geschichte\\\/\"]}]},{\"@type\":\"ImageObject\",\"inLanguage\":\"en-US\",\"@id\":\"https:\\\/\\\/apwschweiz.ch\\\/meine-geschichte\\\/#primaryimage\",\"url\":\"https:\\\/\\\/apwschweiz.ch\\\/wp-content\\\/uploads\\\/2026\\\/02\\\/portrait-of-a-little-handsome-boy-against-the-background-of-the-autumn-forest.webp\",\"contentUrl\":\"https:\\\/\\\/apwschweiz.ch\\\/wp-content\\\/uploads\\\/2026\\\/02\\\/portrait-of-a-little-handsome-boy-against-the-background-of-the-autumn-forest.webp\",\"width\":2000,\"height\":1333,\"caption\":\"Junger Junge steht l\u00e4chelnd im Vordergrund eines Parks, w\u00e4hrend seine Eltern unscharf im Hintergrund unter einem Baum sitzen.\"},{\"@type\":\"BreadcrumbList\",\"@id\":\"https:\\\/\\\/apwschweiz.ch\\\/meine-geschichte\\\/#breadcrumb\",\"itemListElement\":[{\"@type\":\"ListItem\",\"position\":1,\"name\":\"Startseite\",\"item\":\"https:\\\/\\\/apwschweiz.ch\\\/\"},{\"@type\":\"ListItem\",\"position\":2,\"name\":\"Meine Geschichte\"}]},{\"@type\":\"WebSite\",\"@id\":\"https:\\\/\\\/apwschweiz.ch\\\/#website\",\"url\":\"https:\\\/\\\/apwschweiz.ch\\\/\",\"name\":\"Arbeitsgemeinschaft pro Wahrnehmung\",\"description\":\"Gemeinsam f\u00fcr Menschen mit Wahrnehmungs\u00adst\u00f6rungen\",\"publisher\":{\"@id\":\"https:\\\/\\\/apwschweiz.ch\\\/#organization\"},\"alternateName\":\"APW Schweiz\",\"potentialAction\":[{\"@type\":\"SearchAction\",\"target\":{\"@type\":\"EntryPoint\",\"urlTemplate\":\"https:\\\/\\\/apwschweiz.ch\\\/?s={search_term_string}\"},\"query-input\":{\"@type\":\"PropertyValueSpecification\",\"valueRequired\":true,\"valueName\":\"search_term_string\"}}],\"inLanguage\":\"en-US\"},{\"@type\":\"Organization\",\"@id\":\"https:\\\/\\\/apwschweiz.ch\\\/#organization\",\"name\":\"Arbeitsgemeinschaft pro Wahrnehmung\",\"alternateName\":\"APW Schweiz\",\"url\":\"https:\\\/\\\/apwschweiz.ch\\\/\",\"logo\":{\"@type\":\"ImageObject\",\"inLanguage\":\"en-US\",\"@id\":\"https:\\\/\\\/apwschweiz.ch\\\/#\\\/schema\\\/logo\\\/image\\\/\",\"url\":\"https:\\\/\\\/apwschweiz.ch\\\/wp-content\\\/uploads\\\/2025\\\/07\\\/APW-Logo-Quadrat.png\",\"contentUrl\":\"https:\\\/\\\/apwschweiz.ch\\\/wp-content\\\/uploads\\\/2025\\\/07\\\/APW-Logo-Quadrat.png\",\"width\":500,\"height\":500,\"caption\":\"Arbeitsgemeinschaft pro Wahrnehmung\"},\"image\":{\"@id\":\"https:\\\/\\\/apwschweiz.ch\\\/#\\\/schema\\\/logo\\\/image\\\/\"},\"sameAs\":[\"https:\\\/\\\/www.facebook.com\\\/tauapw\"]}]}<\/script>\n<!-- \/ Yoast SEO plugin. -->","yoast_head_json":{"title":"Testimonials from relatives | APW Switzerland","description":"Read personal testimonials from parents and relatives dealing with sensory disorders. Share your story too!","robots":{"index":"index","follow":"follow","max-snippet":"max-snippet:-1","max-image-preview":"max-image-preview:large","max-video-preview":"max-video-preview:-1"},"canonical":"https:\/\/apwschweiz.ch\/en\/my-story\/","og_locale":"en_US","og_type":"article","og_title":"Erfahrungsberichte von Angeh\u00f6rigen | APW Schweiz","og_description":"Lesen Sie pers\u00f6nliche Erfahrungsberichte von Eltern und Angeh\u00f6rigen im Umgang mit Wahrnehmungsst\u00f6rungen. Teilen auch Sie Ihre Geschichte!","og_url":"https:\/\/apwschweiz.ch\/en\/my-story\/","og_site_name":"APW Schweiz","article_publisher":"https:\/\/www.facebook.com\/tauapw","article_modified_time":"2026-02-09T10:36:54+00:00","og_image":[{"width":2000,"height":1333,"url":"https:\/\/apwschweiz.ch\/wp-content\/uploads\/2026\/02\/portrait-of-a-little-handsome-boy-against-the-background-of-the-autumn-forest.webp","type":"image\/webp"}],"twitter_card":"summary_large_image","twitter_misc":{"Est. reading time":"1 minute"},"schema":{"@context":"https:\/\/schema.org","@graph":[{"@type":"WebPage","@id":"https:\/\/apwschweiz.ch\/meine-geschichte\/","url":"https:\/\/apwschweiz.ch\/meine-geschichte\/","name":"Testimonials from relatives | APW Switzerland","isPartOf":{"@id":"https:\/\/apwschweiz.ch\/#website"},"primaryImageOfPage":{"@id":"https:\/\/apwschweiz.ch\/meine-geschichte\/#primaryimage"},"image":{"@id":"https:\/\/apwschweiz.ch\/meine-geschichte\/#primaryimage"},"thumbnailUrl":"https:\/\/apwschweiz.ch\/wp-content\/uploads\/2026\/02\/portrait-of-a-little-handsome-boy-against-the-background-of-the-autumn-forest.webp","datePublished":"2025-05-28T15:51:06+00:00","dateModified":"2026-02-09T10:36:54+00:00","description":"Read personal testimonials from parents and relatives dealing with sensory disorders. Share your story too!","breadcrumb":{"@id":"https:\/\/apwschweiz.ch\/meine-geschichte\/#breadcrumb"},"inLanguage":"en-US","potentialAction":[{"@type":"ReadAction","target":["https:\/\/apwschweiz.ch\/meine-geschichte\/"]}]},{"@type":"ImageObject","inLanguage":"en-US","@id":"https:\/\/apwschweiz.ch\/meine-geschichte\/#primaryimage","url":"https:\/\/apwschweiz.ch\/wp-content\/uploads\/2026\/02\/portrait-of-a-little-handsome-boy-against-the-background-of-the-autumn-forest.webp","contentUrl":"https:\/\/apwschweiz.ch\/wp-content\/uploads\/2026\/02\/portrait-of-a-little-handsome-boy-against-the-background-of-the-autumn-forest.webp","width":2000,"height":1333,"caption":"Junger Junge steht l\u00e4chelnd im Vordergrund eines Parks, w\u00e4hrend seine Eltern unscharf im Hintergrund unter einem Baum sitzen."},{"@type":"BreadcrumbList","@id":"https:\/\/apwschweiz.ch\/meine-geschichte\/#breadcrumb","itemListElement":[{"@type":"ListItem","position":1,"name":"Startseite","item":"https:\/\/apwschweiz.ch\/"},{"@type":"ListItem","position":2,"name":"Meine Geschichte"}]},{"@type":"WebSite","@id":"https:\/\/apwschweiz.ch\/#website","url":"https:\/\/apwschweiz.ch\/","name":"Working group for perception","description":"Together for people with sensory disorders","publisher":{"@id":"https:\/\/apwschweiz.ch\/#organization"},"alternateName":"APW Schweiz","potentialAction":[{"@type":"SearchAction","target":{"@type":"EntryPoint","urlTemplate":"https:\/\/apwschweiz.ch\/?s={search_term_string}"},"query-input":{"@type":"PropertyValueSpecification","valueRequired":true,"valueName":"search_term_string"}}],"inLanguage":"en-US"},{"@type":"Organization","@id":"https:\/\/apwschweiz.ch\/#organization","name":"Working group for perception","alternateName":"APW Schweiz","url":"https:\/\/apwschweiz.ch\/","logo":{"@type":"ImageObject","inLanguage":"en-US","@id":"https:\/\/apwschweiz.ch\/#\/schema\/logo\/image\/","url":"https:\/\/apwschweiz.ch\/wp-content\/uploads\/2025\/07\/APW-Logo-Quadrat.png","contentUrl":"https:\/\/apwschweiz.ch\/wp-content\/uploads\/2025\/07\/APW-Logo-Quadrat.png","width":500,"height":500,"caption":"Arbeitsgemeinschaft pro Wahrnehmung"},"image":{"@id":"https:\/\/apwschweiz.ch\/#\/schema\/logo\/image\/"},"sameAs":["https:\/\/www.facebook.com\/tauapw"]}]}},"_links":{"self":[{"href":"https:\/\/apwschweiz.ch\/en\/wp-json\/wp\/v2\/pages\/1274","targetHints":{"allow":["GET"]}}],"collection":[{"href":"https:\/\/apwschweiz.ch\/en\/wp-json\/wp\/v2\/pages"}],"about":[{"href":"https:\/\/apwschweiz.ch\/en\/wp-json\/wp\/v2\/types\/page"}],"author":[{"embeddable":true,"href":"https:\/\/apwschweiz.ch\/en\/wp-json\/wp\/v2\/users\/1"}],"replies":[{"embeddable":true,"href":"https:\/\/apwschweiz.ch\/en\/wp-json\/wp\/v2\/comments?post=1274"}],"version-history":[{"count":45,"href":"https:\/\/apwschweiz.ch\/en\/wp-json\/wp\/v2\/pages\/1274\/revisions"}],"predecessor-version":[{"id":5853,"href":"https:\/\/apwschweiz.ch\/en\/wp-json\/wp\/v2\/pages\/1274\/revisions\/5853"}],"wp:featuredmedia":[{"embeddable":true,"href":"https:\/\/apwschweiz.ch\/en\/wp-json\/wp\/v2\/media\/6716"}],"wp:attachment":[{"href":"https:\/\/apwschweiz.ch\/en\/wp-json\/wp\/v2\/media?parent=1274"}],"wp:term":[{"taxonomy":"kurstyp","embeddable":true,"href":"https:\/\/apwschweiz.ch\/en\/wp-json\/wp\/v2\/kurstyp?post=1274"}],"curies":[{"name":"wp","href":"https:\/\/api.w.org\/{rel}","templated":true}]}}