{"id":2374,"date":"2025-07-01T11:28:35","date_gmt":"2025-07-01T11:28:35","guid":{"rendered":"https:\/\/apwschweiz.ch\/wordpress\/?page_id=2374"},"modified":"2025-09-17T21:25:55","modified_gmt":"2025-09-17T21:25:55","slug":"agb","status":"publish","type":"page","link":"https:\/\/apwschweiz.ch\/en\/agb\/","title":{"rendered":"GTC"},"content":{"rendered":"<div data-elementor-type=\"wp-page\" data-elementor-id=\"2374\" class=\"elementor elementor-2374\" data-elementor-post-type=\"page\">\n\t\t\t\t<div class=\"elementor-element elementor-element-bbe23c0 e-flex e-con-boxed e-con e-parent\" data-id=\"bbe23c0\" data-element_type=\"container\" data-e-type=\"container\">\n\t\t\t\t\t<div class=\"e-con-inner\">\n\t\t\t\t<div class=\"elementor-element elementor-element-d0787ca elementor-widget elementor-widget-shortcode\" data-id=\"d0787ca\" data-element_type=\"widget\" data-e-type=\"widget\" data-widget_type=\"shortcode.default\">\n\t\t\t\t<div class=\"elementor-widget-container\">\n\t\t\t\t\t\t\t<div class=\"elementor-shortcode\"><div  class=\"agb_content agb_terms  notranslate\"><div><h2>Table of contents<\/h2>\n<ol>\n<li>Scope of application<\/li>\n<li>Conclusion of contract<\/li>\n<li>Prices and terms of payment<\/li>\n<li>Delivery and shipping conditions<\/li>\n<li>Liability for defects<\/li>\n<li>Applicable law, place of jurisdiction<\/li>\n<\/ol>\n\n<h2>1) Scope of application<\/h2>\n\n<p><b>1.1<\/b>&nbsp;These Terms and Conditions of Sabine Augstein, trading as \u201eArbeitsgemeinschaft pro Wahrnehmung\u201c (hereinafter referred to as \"Seller\"), shall apply to all contracts concluded between a consumer or a trader (hereinafter referred to as \"Client\") and the Seller relating to all goods and\/or services presented in the Seller's online store. The inclusion of the Customer's own terms and conditions is hereby rejected, unless otherwise agreed.<\/p>\n\n<p><b>1.2<\/b>&nbsp;For the purposes of these General Terms and Conditions, a consumer is any natural person who enters into a legal transaction for a purpose that cannot be attributed to their commercial or independent professional activity. An entrepreneur within the meaning of these General Terms and Conditions is any natural or legal person or a partnership with legal capacity who, when concluding a legal transaction, is acting in the exercise of their independent professional or commercial activity.<\/p>\n\n<h2>2) Conclusion of contract<\/h2>\n\n<p><b>2.1<\/b>&nbsp;The product descriptions contained in the seller's online store do not constitute binding offers on the part of the seller, but serve to submit a binding offer by the customer.<\/p>\n\n<p><b>2.2<\/b>&nbsp;The customer can submit the offer via the online order form integrated in the seller's online store. After entering his personal data, the customer submits a legally binding contract offer with regard to the goods and\/or services contained in the shopping cart by clicking the button that concludes the order process.<\/p>\n\n<p><b>2.3<\/b>&nbsp;The seller may accept the customer's offer within five days,<\/p>\n\n<ul>\n<li>by sending the customer a written order confirmation or an order confirmation in text form (fax or e-mail), whereby the receipt of the order confirmation by the customer is decisive in this respect, or<\/li>\n<li>by delivering the ordered goods to the customer, whereby the receipt of the goods by the customer is decisive in this respect, or<\/li>\n<li>by requesting payment from the customer after the order has been placed.<\/li>\n<\/ul>\n\n<p>If several of the aforementioned alternatives exist, the contract is concluded at the point in time at which one of the aforementioned alternatives occurs first. If the seller does not accept the customer's offer within the aforementioned period, this shall be deemed a rejection of the offer with the consequence that the customer is no longer bound by his declaration of intent.<\/p>\n\n<p><b>2.4<\/b>&nbsp;The period for accepting the offer begins on the day after the offer is sent by the customer and ends at the end of the fifth day following the sending of the offer.<\/p>\n\n<p><b>2.5<\/b>&nbsp;When an offer is submitted via the seller's online order form, the text of the contract is saved by the seller and sent to the customer in text form (e.g. e-mail, fax or letter) after the order has been sent, together with these General Terms and Conditions. However, the text of the contract can no longer be retrieved by the customer via the seller's website after the order has been sent.<\/p>\n\n<p><b>2.6<\/b>&nbsp;Before binding submission of the order via the seller's online order form, the customer can continuously correct his entries using the usual keyboard and mouse functions. In addition, all entries are displayed again in a confirmation window before the binding submission of the order and can also be corrected there using the usual keyboard and mouse functions.<\/p>\n\n<p><b>2.7<\/b>&nbsp;The German language is available for the conclusion of the contract.<\/p>\n\n<p><b>2.8<\/b>&nbsp;Order processing and contact shall take place by e-mail and automated order processing. The customer must ensure that the e-mail address provided by him for order processing is correct so that the e-mails sent by the seller can be received at this address. In particular, when using SPAM filters, the customer must ensure that all e-mails sent by the seller or by third parties commissioned by the seller to process the order can be delivered.<\/p>\n\n<h2>3) Prices and terms of payment<\/h2>\n\n<p><b>3.1<\/b>&nbsp;The prices quoted by the seller include statutory VAT and other price components. Any additional delivery and shipping costs will be indicated separately in the respective product description.<\/p>\n\n<p><b>3.2<\/b>&nbsp;For deliveries to countries other than Switzerland, additional costs may be incurred in individual cases for which the seller is not responsible and which are to be borne by the customer. These include, for example, costs for the transfer of money by credit institutions (e.g. transfer fees, exchange rate fees) or import duties or taxes (e.g. customs duties). Such costs may also be incurred in relation to the transfer of funds if the delivery is made within Switzerland but the customer makes the payment from a country other than Switzerland.<\/p>\n\n<p><b>3.3<\/b>&nbsp;Various payment options are available to the customer, which are indicated in the seller's online store.<\/p>\n\n<p><b>3.4<\/b>&nbsp;If advance payment has been agreed, payment is due immediately after conclusion of the contract.<\/p>\n\n<h2>4) Delivery and shipping conditions<\/h2>\n\n<p><b>4.1<\/b>&nbsp;Goods are regularly delivered by mail order to the delivery address specified by the customer. When processing the transaction, the delivery address specified in the seller's order processing is decisive. Notwithstanding this, if the payment method PayPal is selected, the delivery address stored by the customer with PayPal at the time of payment shall be decisive.<\/p>\n\n<p><b>4.2<\/b>&nbsp;If the transport company returns the shipped goods to the seller because delivery to the customer was not possible, the customer shall bear the costs for the unsuccessful shipment.<\/p>\n\n<p><b>4.3<\/b>&nbsp;In principle, the risk of accidental loss and accidental deterioration of the goods sold is transferred when the goods are dispatched or handed over to the authorized carrier.<\/p>\n\n<p><b>4.4<\/b>&nbsp;Self-collection is not possible for logistical reasons.<\/p>\n\n<h2>5) Liability for defects<\/h2>\n\n<p>The statutory liability for defects applies.<\/p>\n\n<h2>6) Applicable law, place of jurisdiction<\/h2>\n\n<p><b>6.1<\/b>&nbsp;If the customer is acting as a consumer, Swiss law shall apply to all legal relationships between the parties to the exclusion of the UN Convention on Contracts for the International Sale of Goods and the exclusive place of jurisdiction for all disputes arising from this contract shall be the customer's place of residence.<\/p>\n\n<p><b>6.2<\/b>&nbsp;If the customer acts as an entrepreneur, the exclusive place of jurisdiction for all disputes arising from this contract shall be the seller's place of residence or business.<\/p><\/div><div id=\"itkanzlei_txt_copyright\" style=\"font-size: 12px; margin-top: 8em;\"><div style=\"display: inline-block; vertical-align: top;\"><a href=\"https:\/\/www.it-recht-kanzlei.de\/\" target=\"_blank\"><img decoding=\"async\" src=\"https:\/\/www.it-recht-kanzlei.de\/logo\/Copyright-Logo_AGB.png?i=648fd-4b07f-39c7-907d-1\" id=\"itkanzlei_img_copyright\" alt=\"IT law firm\" title=\"IT law firm\" style=\"margin-top: -20px; border-style: none; max-width: 100%;\" \/><\/a><\/div><div style=\"display: inline-block; vertical-align: top; margin-left: 5px; float: right; white-space: nowrap;\">Status: 09\/17\/2025, 11:28:58 a.m.<\/div><div style=\"clear: right;\"><\/div><\/div><\/div><\/div>\n\t\t\t\t\t\t<\/div>\n\t\t\t\t<\/div>\n\t\t\t\t\t<\/div>\n\t\t\t\t<\/div>\n\t\t\t\t<\/div>","protected":false},"excerpt":{"rendered":"","protected":false},"author":1,"featured_media":0,"parent":0,"menu_order":0,"comment_status":"closed","ping_status":"closed","template":"","meta":{"_acf_changed":false,"footnotes":""},"kurstyp":[],"class_list":["post-2374","page","type-page","status-publish","hentry"],"acf":[],"yoast_head":"<!-- This site is optimized with the Yoast SEO plugin v27.4 - https:\/\/yoast.com\/product\/yoast-seo-wordpress\/ -->\n<title>AGB | APW Schweiz<\/title>\n<meta name=\"description\" content=\"Lesen Sie die Allgemeinen Gesch\u00e4ftsbedingungen der APW f\u00fcr Ihre Sicherheit und Klarheit. Jetzt Details pr\u00fcfen!\" \/>\n<meta name=\"robots\" content=\"index, follow, max-snippet:-1, max-image-preview:large, max-video-preview:-1\" \/>\n<link rel=\"canonical\" href=\"https:\/\/apwschweiz.ch\/en\/agb\/\" \/>\n<meta property=\"og:locale\" content=\"en_US\" \/>\n<meta property=\"og:type\" content=\"article\" \/>\n<meta property=\"og:title\" content=\"AGB | APW Schweiz\" \/>\n<meta property=\"og:description\" content=\"Lesen Sie die Allgemeinen Gesch\u00e4ftsbedingungen der APW f\u00fcr Ihre Sicherheit und Klarheit. Jetzt Details pr\u00fcfen!\" \/>\n<meta property=\"og:url\" content=\"https:\/\/apwschweiz.ch\/en\/agb\/\" \/>\n<meta property=\"og:site_name\" content=\"APW Schweiz\" \/>\n<meta property=\"article:publisher\" content=\"https:\/\/www.facebook.com\/tauapw\" \/>\n<meta property=\"article:modified_time\" content=\"2025-09-17T21:25:55+00:00\" \/>\n<meta property=\"og:image\" content=\"https:\/\/apwschweiz.ch\/wp-content\/uploads\/2025\/07\/old-tree-with-twisted-roots-at-estancia-san-juan-de-poriahu-ibera-wetlands-a-marshland-in-corrient.webp\" \/>\n\t<meta property=\"og:image:width\" content=\"1920\" \/>\n\t<meta property=\"og:image:height\" content=\"1282\" \/>\n\t<meta property=\"og:image:type\" content=\"image\/webp\" \/>\n<meta name=\"twitter:card\" content=\"summary_large_image\" \/>\n<script type=\"application\/ld+json\" class=\"yoast-schema-graph\">{\"@context\":\"https:\\\/\\\/schema.org\",\"@graph\":[{\"@type\":\"WebPage\",\"@id\":\"https:\\\/\\\/apwschweiz.ch\\\/agb\\\/\",\"url\":\"https:\\\/\\\/apwschweiz.ch\\\/agb\\\/\",\"name\":\"AGB | APW Schweiz\",\"isPartOf\":{\"@id\":\"https:\\\/\\\/apwschweiz.ch\\\/#website\"},\"datePublished\":\"2025-07-01T11:28:35+00:00\",\"dateModified\":\"2025-09-17T21:25:55+00:00\",\"description\":\"Lesen Sie die Allgemeinen Gesch\u00e4ftsbedingungen der APW f\u00fcr Ihre Sicherheit und Klarheit. Jetzt Details pr\u00fcfen!\",\"breadcrumb\":{\"@id\":\"https:\\\/\\\/apwschweiz.ch\\\/agb\\\/#breadcrumb\"},\"inLanguage\":\"en-US\",\"potentialAction\":[{\"@type\":\"ReadAction\",\"target\":[\"https:\\\/\\\/apwschweiz.ch\\\/agb\\\/\"]}]},{\"@type\":\"BreadcrumbList\",\"@id\":\"https:\\\/\\\/apwschweiz.ch\\\/agb\\\/#breadcrumb\",\"itemListElement\":[{\"@type\":\"ListItem\",\"position\":1,\"name\":\"Startseite\",\"item\":\"https:\\\/\\\/apwschweiz.ch\\\/\"},{\"@type\":\"ListItem\",\"position\":2,\"name\":\"AGB\"}]},{\"@type\":\"WebSite\",\"@id\":\"https:\\\/\\\/apwschweiz.ch\\\/#website\",\"url\":\"https:\\\/\\\/apwschweiz.ch\\\/\",\"name\":\"Arbeitsgemeinschaft pro Wahrnehmung\",\"description\":\"Gemeinsam f\u00fcr Menschen mit Wahrnehmungs\u00adst\u00f6rungen\",\"publisher\":{\"@id\":\"https:\\\/\\\/apwschweiz.ch\\\/#organization\"},\"alternateName\":\"APW Schweiz\",\"potentialAction\":[{\"@type\":\"SearchAction\",\"target\":{\"@type\":\"EntryPoint\",\"urlTemplate\":\"https:\\\/\\\/apwschweiz.ch\\\/?s={search_term_string}\"},\"query-input\":{\"@type\":\"PropertyValueSpecification\",\"valueRequired\":true,\"valueName\":\"search_term_string\"}}],\"inLanguage\":\"en-US\"},{\"@type\":\"Organization\",\"@id\":\"https:\\\/\\\/apwschweiz.ch\\\/#organization\",\"name\":\"Arbeitsgemeinschaft pro Wahrnehmung\",\"alternateName\":\"APW Schweiz\",\"url\":\"https:\\\/\\\/apwschweiz.ch\\\/\",\"logo\":{\"@type\":\"ImageObject\",\"inLanguage\":\"en-US\",\"@id\":\"https:\\\/\\\/apwschweiz.ch\\\/#\\\/schema\\\/logo\\\/image\\\/\",\"url\":\"https:\\\/\\\/apwschweiz.ch\\\/wp-content\\\/uploads\\\/2025\\\/07\\\/APW-Logo-Quadrat.png\",\"contentUrl\":\"https:\\\/\\\/apwschweiz.ch\\\/wp-content\\\/uploads\\\/2025\\\/07\\\/APW-Logo-Quadrat.png\",\"width\":500,\"height\":500,\"caption\":\"Arbeitsgemeinschaft pro Wahrnehmung\"},\"image\":{\"@id\":\"https:\\\/\\\/apwschweiz.ch\\\/#\\\/schema\\\/logo\\\/image\\\/\"},\"sameAs\":[\"https:\\\/\\\/www.facebook.com\\\/tauapw\"]}]}<\/script>\n<!-- \/ Yoast SEO plugin. -->","yoast_head_json":{"title":"AGB | APW Switzerland","description":"Read the General Terms and Conditions of APW for your security and clarity. Check details now!","robots":{"index":"index","follow":"follow","max-snippet":"max-snippet:-1","max-image-preview":"max-image-preview:large","max-video-preview":"max-video-preview:-1"},"canonical":"https:\/\/apwschweiz.ch\/en\/agb\/","og_locale":"en_US","og_type":"article","og_title":"AGB | APW Schweiz","og_description":"Lesen Sie die Allgemeinen Gesch\u00e4ftsbedingungen der APW f\u00fcr Ihre Sicherheit und Klarheit. Jetzt Details pr\u00fcfen!","og_url":"https:\/\/apwschweiz.ch\/en\/agb\/","og_site_name":"APW Schweiz","article_publisher":"https:\/\/www.facebook.com\/tauapw","article_modified_time":"2025-09-17T21:25:55+00:00","og_image":[{"width":1920,"height":1282,"url":"https:\/\/apwschweiz.ch\/wp-content\/uploads\/2025\/07\/old-tree-with-twisted-roots-at-estancia-san-juan-de-poriahu-ibera-wetlands-a-marshland-in-corrient.webp","type":"image\/webp"}],"twitter_card":"summary_large_image","schema":{"@context":"https:\/\/schema.org","@graph":[{"@type":"WebPage","@id":"https:\/\/apwschweiz.ch\/agb\/","url":"https:\/\/apwschweiz.ch\/agb\/","name":"AGB | APW Switzerland","isPartOf":{"@id":"https:\/\/apwschweiz.ch\/#website"},"datePublished":"2025-07-01T11:28:35+00:00","dateModified":"2025-09-17T21:25:55+00:00","description":"Read the General Terms and Conditions of APW for your security and clarity. Check details now!","breadcrumb":{"@id":"https:\/\/apwschweiz.ch\/agb\/#breadcrumb"},"inLanguage":"en-US","potentialAction":[{"@type":"ReadAction","target":["https:\/\/apwschweiz.ch\/agb\/"]}]},{"@type":"BreadcrumbList","@id":"https:\/\/apwschweiz.ch\/agb\/#breadcrumb","itemListElement":[{"@type":"ListItem","position":1,"name":"Startseite","item":"https:\/\/apwschweiz.ch\/"},{"@type":"ListItem","position":2,"name":"AGB"}]},{"@type":"WebSite","@id":"https:\/\/apwschweiz.ch\/#website","url":"https:\/\/apwschweiz.ch\/","name":"Working group for perception","description":"Together for people with sensory disorders","publisher":{"@id":"https:\/\/apwschweiz.ch\/#organization"},"alternateName":"APW Schweiz","potentialAction":[{"@type":"SearchAction","target":{"@type":"EntryPoint","urlTemplate":"https:\/\/apwschweiz.ch\/?s={search_term_string}"},"query-input":{"@type":"PropertyValueSpecification","valueRequired":true,"valueName":"search_term_string"}}],"inLanguage":"en-US"},{"@type":"Organization","@id":"https:\/\/apwschweiz.ch\/#organization","name":"Working group for perception","alternateName":"APW Schweiz","url":"https:\/\/apwschweiz.ch\/","logo":{"@type":"ImageObject","inLanguage":"en-US","@id":"https:\/\/apwschweiz.ch\/#\/schema\/logo\/image\/","url":"https:\/\/apwschweiz.ch\/wp-content\/uploads\/2025\/07\/APW-Logo-Quadrat.png","contentUrl":"https:\/\/apwschweiz.ch\/wp-content\/uploads\/2025\/07\/APW-Logo-Quadrat.png","width":500,"height":500,"caption":"Arbeitsgemeinschaft pro Wahrnehmung"},"image":{"@id":"https:\/\/apwschweiz.ch\/#\/schema\/logo\/image\/"},"sameAs":["https:\/\/www.facebook.com\/tauapw"]}]}},"_links":{"self":[{"href":"https:\/\/apwschweiz.ch\/en\/wp-json\/wp\/v2\/pages\/2374","targetHints":{"allow":["GET"]}}],"collection":[{"href":"https:\/\/apwschweiz.ch\/en\/wp-json\/wp\/v2\/pages"}],"about":[{"href":"https:\/\/apwschweiz.ch\/en\/wp-json\/wp\/v2\/types\/page"}],"author":[{"embeddable":true,"href":"https:\/\/apwschweiz.ch\/en\/wp-json\/wp\/v2\/users\/1"}],"replies":[{"embeddable":true,"href":"https:\/\/apwschweiz.ch\/en\/wp-json\/wp\/v2\/comments?post=2374"}],"version-history":[{"count":13,"href":"https:\/\/apwschweiz.ch\/en\/wp-json\/wp\/v2\/pages\/2374\/revisions"}],"predecessor-version":[{"id":5890,"href":"https:\/\/apwschweiz.ch\/en\/wp-json\/wp\/v2\/pages\/2374\/revisions\/5890"}],"wp:attachment":[{"href":"https:\/\/apwschweiz.ch\/en\/wp-json\/wp\/v2\/media?parent=2374"}],"wp:term":[{"taxonomy":"kurstyp","embeddable":true,"href":"https:\/\/apwschweiz.ch\/en\/wp-json\/wp\/v2\/kurstyp?post=2374"}],"curies":[{"name":"wp","href":"https:\/\/api.w.org\/{rel}","templated":true}]}}