{"id":1435,"date":"2025-06-03T17:51:53","date_gmt":"2025-06-03T17:51:53","guid":{"rendered":"https:\/\/apwschweiz.ch\/wordpress\/?post_type=product&#038;p=1435"},"modified":"2025-10-05T13:37:43","modified_gmt":"2025-10-05T13:37:43","slug":"part-iii-the-niche-3","status":"publish","type":"product","link":"https:\/\/apwschweiz.ch\/en\/shop\/buecher\/teil-iii-die-nische\/","title":{"rendered":"Part III: The niche"},"content":{"rendered":"<p>For several decades, the \u201eRoot Model of Felt Interaction\u201c has been applied in the educational and clinical fields. The SERIES FROM THE ROOTS TO THE BRANCHES conveys important aspects that have been developed through further research from the problem area of the transition \u201efrom the roots to the branches.\u201c Part III, \u201eThe Niche,\u201c summarizes the most important research findings regarding special environmental requirements for appropriate felt interactions.<\/p>","protected":false},"excerpt":{"rendered":"<p>Part III of the series \u201eFrom Root to Branches\u201c shows how targeted environmental design \u2013 so-called niche construction \u2013 can promote perceived interactions. With insights from many years of research.<\/p>","protected":false},"featured_media":5341,"template":"","meta":{"_acf_changed":false},"product_brand":[],"product_cat":[43],"product_tag":[],"zielgruppe":[],"class_list":{"0":"post-1435","1":"product","2":"type-product","3":"status-publish","4":"has-post-thumbnail","6":"product_cat-buecher","7":"product_shipping_class-buch","9":"first","10":"instock","11":"shipping-taxable","12":"purchasable","13":"product-type-simple"},"acf":[],"yoast_head":"<!-- This site is optimized with the Yoast SEO plugin v27.4 - https:\/\/yoast.com\/product\/yoast-seo-wordpress\/ -->\n<title>Die Nische \u2013 Teil III der Wurzel-Serie | APW Schweiz<\/title>\n<meta name=\"description\" content=\"Die Nische als Schl\u00fcssel f\u00fcr gesp\u00fcrte Interaktion. Jetzt Buch entdecken &amp; verstehen, wie Umweltentwicklung im Affolter-Modell\u00ae wirkt!\" \/>\n<meta name=\"robots\" content=\"index, follow, max-snippet:-1, max-image-preview:large, max-video-preview:-1\" \/>\n<link rel=\"canonical\" href=\"https:\/\/apwschweiz.ch\/en\/store\/books\/part-iii-the-niche-3\/\" \/>\n<meta property=\"og:locale\" content=\"en_US\" \/>\n<meta property=\"og:type\" content=\"article\" \/>\n<meta property=\"og:title\" content=\"Die Nische \u2013 Teil III der Wurzel-Serie | APW Schweiz\" \/>\n<meta property=\"og:description\" content=\"Die Nische als Schl\u00fcssel f\u00fcr gesp\u00fcrte Interaktion. Jetzt Buch entdecken &amp; verstehen, wie Umweltentwicklung im Affolter-Modell\u00ae wirkt!\" \/>\n<meta property=\"og:url\" content=\"https:\/\/apwschweiz.ch\/en\/store\/books\/part-iii-the-niche-3\/\" \/>\n<meta property=\"og:site_name\" content=\"APW Schweiz\" \/>\n<meta property=\"article:publisher\" content=\"https:\/\/www.facebook.com\/tauapw\" \/>\n<meta property=\"article:modified_time\" content=\"2025-10-05T13:37:43+00:00\" \/>\n<meta property=\"og:image\" content=\"https:\/\/apwschweiz.ch\/wp-content\/uploads\/2025\/06\/Teil_3_Die_Nische-APW-Schweiz.jpg\" \/>\n\t<meta property=\"og:image:width\" content=\"800\" \/>\n\t<meta property=\"og:image:height\" content=\"1138\" \/>\n\t<meta property=\"og:image:type\" content=\"image\/jpeg\" \/>\n<meta name=\"twitter:card\" content=\"summary_large_image\" \/>\n<meta name=\"twitter:label1\" content=\"Est. reading time\" \/>\n\t<meta name=\"twitter:data1\" content=\"1 minute\" \/>\n<script type=\"application\/ld+json\" class=\"yoast-schema-graph\">{\"@context\":\"https:\\\/\\\/schema.org\",\"@graph\":[{\"@type\":\"WebPage\",\"@id\":\"https:\\\/\\\/apwschweiz.ch\\\/shop\\\/buecher\\\/teil-iii-die-nische\\\/\",\"url\":\"https:\\\/\\\/apwschweiz.ch\\\/shop\\\/buecher\\\/teil-iii-die-nische\\\/\",\"name\":\"Die Nische \u2013 Teil III der Wurzel-Serie | APW Schweiz\",\"isPartOf\":{\"@id\":\"https:\\\/\\\/apwschweiz.ch\\\/#website\"},\"primaryImageOfPage\":{\"@id\":\"https:\\\/\\\/apwschweiz.ch\\\/shop\\\/buecher\\\/teil-iii-die-nische\\\/#primaryimage\"},\"image\":{\"@id\":\"https:\\\/\\\/apwschweiz.ch\\\/shop\\\/buecher\\\/teil-iii-die-nische\\\/#primaryimage\"},\"thumbnailUrl\":\"https:\\\/\\\/apwschweiz.ch\\\/wp-content\\\/uploads\\\/2025\\\/06\\\/Teil_3_Die_Nische-APW-Schweiz.jpg\",\"datePublished\":\"2025-06-03T17:51:53+00:00\",\"dateModified\":\"2025-10-05T13:37:43+00:00\",\"description\":\"Die Nische als Schl\u00fcssel f\u00fcr gesp\u00fcrte Interaktion. Jetzt Buch entdecken &amp; verstehen, wie Umweltentwicklung im Affolter-Modell\u00ae wirkt!\",\"breadcrumb\":{\"@id\":\"https:\\\/\\\/apwschweiz.ch\\\/shop\\\/buecher\\\/teil-iii-die-nische\\\/#breadcrumb\"},\"inLanguage\":\"en-US\",\"potentialAction\":[{\"@type\":\"ReadAction\",\"target\":[\"https:\\\/\\\/apwschweiz.ch\\\/shop\\\/buecher\\\/teil-iii-die-nische\\\/\"]}]},{\"@type\":\"ImageObject\",\"inLanguage\":\"en-US\",\"@id\":\"https:\\\/\\\/apwschweiz.ch\\\/shop\\\/buecher\\\/teil-iii-die-nische\\\/#primaryimage\",\"url\":\"https:\\\/\\\/apwschweiz.ch\\\/wp-content\\\/uploads\\\/2025\\\/06\\\/Teil_3_Die_Nische-APW-Schweiz.jpg\",\"contentUrl\":\"https:\\\/\\\/apwschweiz.ch\\\/wp-content\\\/uploads\\\/2025\\\/06\\\/Teil_3_Die_Nische-APW-Schweiz.jpg\",\"width\":800,\"height\":1138,\"caption\":\"Teil 3 Die Nische Cover\"},{\"@type\":\"BreadcrumbList\",\"@id\":\"https:\\\/\\\/apwschweiz.ch\\\/shop\\\/buecher\\\/teil-iii-die-nische\\\/#breadcrumb\",\"itemListElement\":[{\"@type\":\"ListItem\",\"position\":1,\"name\":\"Startseite\",\"item\":\"https:\\\/\\\/apwschweiz.ch\\\/\"},{\"@type\":\"ListItem\",\"position\":2,\"name\":\"Shop\",\"item\":\"https:\\\/\\\/apwschweiz.ch\\\/shop\\\/\"},{\"@type\":\"ListItem\",\"position\":3,\"name\":\"B\u00fccher\",\"item\":\"https:\\\/\\\/apwschweiz.ch\\\/produkt-kategorie\\\/buecher\\\/\"},{\"@type\":\"ListItem\",\"position\":4,\"name\":\"Teil III: Die Nische\"}]},{\"@type\":\"WebSite\",\"@id\":\"https:\\\/\\\/apwschweiz.ch\\\/#website\",\"url\":\"https:\\\/\\\/apwschweiz.ch\\\/\",\"name\":\"Arbeitsgemeinschaft pro Wahrnehmung\",\"description\":\"Gemeinsam f\u00fcr Menschen mit Wahrnehmungs\u00adst\u00f6rungen\",\"publisher\":{\"@id\":\"https:\\\/\\\/apwschweiz.ch\\\/#organization\"},\"alternateName\":\"APW Schweiz\",\"potentialAction\":[{\"@type\":\"SearchAction\",\"target\":{\"@type\":\"EntryPoint\",\"urlTemplate\":\"https:\\\/\\\/apwschweiz.ch\\\/?s={search_term_string}\"},\"query-input\":{\"@type\":\"PropertyValueSpecification\",\"valueRequired\":true,\"valueName\":\"search_term_string\"}}],\"inLanguage\":\"en-US\"},{\"@type\":\"Organization\",\"@id\":\"https:\\\/\\\/apwschweiz.ch\\\/#organization\",\"name\":\"Arbeitsgemeinschaft pro Wahrnehmung\",\"alternateName\":\"APW Schweiz\",\"url\":\"https:\\\/\\\/apwschweiz.ch\\\/\",\"logo\":{\"@type\":\"ImageObject\",\"inLanguage\":\"en-US\",\"@id\":\"https:\\\/\\\/apwschweiz.ch\\\/#\\\/schema\\\/logo\\\/image\\\/\",\"url\":\"https:\\\/\\\/apwschweiz.ch\\\/wp-content\\\/uploads\\\/2025\\\/07\\\/APW-Logo-Quadrat.png\",\"contentUrl\":\"https:\\\/\\\/apwschweiz.ch\\\/wp-content\\\/uploads\\\/2025\\\/07\\\/APW-Logo-Quadrat.png\",\"width\":500,\"height\":500,\"caption\":\"Arbeitsgemeinschaft pro Wahrnehmung\"},\"image\":{\"@id\":\"https:\\\/\\\/apwschweiz.ch\\\/#\\\/schema\\\/logo\\\/image\\\/\"},\"sameAs\":[\"https:\\\/\\\/www.facebook.com\\\/tauapw\"]}]}<\/script>\n<!-- \/ Yoast SEO plugin. -->","yoast_head_json":{"title":"The Niche \u2013 Part III of the Root Series | APW Switzerland","description":"The niche as the key to felt interaction. Discover the book now &amp; understand how environmental development works in the Affolter Model\u00ae!","robots":{"index":"index","follow":"follow","max-snippet":"max-snippet:-1","max-image-preview":"max-image-preview:large","max-video-preview":"max-video-preview:-1"},"canonical":"https:\/\/apwschweiz.ch\/en\/store\/books\/part-iii-the-niche-3\/","og_locale":"en_US","og_type":"article","og_title":"Die Nische \u2013 Teil III der Wurzel-Serie | APW Schweiz","og_description":"Die Nische als Schl\u00fcssel f\u00fcr gesp\u00fcrte Interaktion. Jetzt Buch entdecken &amp; verstehen, wie Umweltentwicklung im Affolter-Modell\u00ae wirkt!","og_url":"https:\/\/apwschweiz.ch\/en\/store\/books\/part-iii-the-niche-3\/","og_site_name":"APW Schweiz","article_publisher":"https:\/\/www.facebook.com\/tauapw","article_modified_time":"2025-10-05T13:37:43+00:00","og_image":[{"width":800,"height":1138,"url":"https:\/\/apwschweiz.ch\/wp-content\/uploads\/2025\/06\/Teil_3_Die_Nische-APW-Schweiz.jpg","type":"image\/jpeg"}],"twitter_card":"summary_large_image","twitter_misc":{"Est. reading time":"1 minute"},"schema":{"@context":"https:\/\/schema.org","@graph":[{"@type":"WebPage","@id":"https:\/\/apwschweiz.ch\/shop\/buecher\/teil-iii-die-nische\/","url":"https:\/\/apwschweiz.ch\/shop\/buecher\/teil-iii-die-nische\/","name":"The Niche \u2013 Part III of the Root Series | APW Switzerland","isPartOf":{"@id":"https:\/\/apwschweiz.ch\/#website"},"primaryImageOfPage":{"@id":"https:\/\/apwschweiz.ch\/shop\/buecher\/teil-iii-die-nische\/#primaryimage"},"image":{"@id":"https:\/\/apwschweiz.ch\/shop\/buecher\/teil-iii-die-nische\/#primaryimage"},"thumbnailUrl":"https:\/\/apwschweiz.ch\/wp-content\/uploads\/2025\/06\/Teil_3_Die_Nische-APW-Schweiz.jpg","datePublished":"2025-06-03T17:51:53+00:00","dateModified":"2025-10-05T13:37:43+00:00","description":"The niche as the key to felt interaction. Discover the book now &amp; understand how environmental development works in the Affolter Model\u00ae!","breadcrumb":{"@id":"https:\/\/apwschweiz.ch\/shop\/buecher\/teil-iii-die-nische\/#breadcrumb"},"inLanguage":"en-US","potentialAction":[{"@type":"ReadAction","target":["https:\/\/apwschweiz.ch\/shop\/buecher\/teil-iii-die-nische\/"]}]},{"@type":"ImageObject","inLanguage":"en-US","@id":"https:\/\/apwschweiz.ch\/shop\/buecher\/teil-iii-die-nische\/#primaryimage","url":"https:\/\/apwschweiz.ch\/wp-content\/uploads\/2025\/06\/Teil_3_Die_Nische-APW-Schweiz.jpg","contentUrl":"https:\/\/apwschweiz.ch\/wp-content\/uploads\/2025\/06\/Teil_3_Die_Nische-APW-Schweiz.jpg","width":800,"height":1138,"caption":"Teil 3 Die Nische Cover"},{"@type":"BreadcrumbList","@id":"https:\/\/apwschweiz.ch\/shop\/buecher\/teil-iii-die-nische\/#breadcrumb","itemListElement":[{"@type":"ListItem","position":1,"name":"Startseite","item":"https:\/\/apwschweiz.ch\/"},{"@type":"ListItem","position":2,"name":"Shop","item":"https:\/\/apwschweiz.ch\/shop\/"},{"@type":"ListItem","position":3,"name":"B\u00fccher","item":"https:\/\/apwschweiz.ch\/produkt-kategorie\/buecher\/"},{"@type":"ListItem","position":4,"name":"Teil III: Die Nische"}]},{"@type":"WebSite","@id":"https:\/\/apwschweiz.ch\/#website","url":"https:\/\/apwschweiz.ch\/","name":"Working group for perception","description":"Together for people with sensory disorders","publisher":{"@id":"https:\/\/apwschweiz.ch\/#organization"},"alternateName":"APW Schweiz","potentialAction":[{"@type":"SearchAction","target":{"@type":"EntryPoint","urlTemplate":"https:\/\/apwschweiz.ch\/?s={search_term_string}"},"query-input":{"@type":"PropertyValueSpecification","valueRequired":true,"valueName":"search_term_string"}}],"inLanguage":"en-US"},{"@type":"Organization","@id":"https:\/\/apwschweiz.ch\/#organization","name":"Working group for perception","alternateName":"APW Schweiz","url":"https:\/\/apwschweiz.ch\/","logo":{"@type":"ImageObject","inLanguage":"en-US","@id":"https:\/\/apwschweiz.ch\/#\/schema\/logo\/image\/","url":"https:\/\/apwschweiz.ch\/wp-content\/uploads\/2025\/07\/APW-Logo-Quadrat.png","contentUrl":"https:\/\/apwschweiz.ch\/wp-content\/uploads\/2025\/07\/APW-Logo-Quadrat.png","width":500,"height":500,"caption":"Arbeitsgemeinschaft pro Wahrnehmung"},"image":{"@id":"https:\/\/apwschweiz.ch\/#\/schema\/logo\/image\/"},"sameAs":["https:\/\/www.facebook.com\/tauapw"]}]}},"_links":{"self":[{"href":"https:\/\/apwschweiz.ch\/en\/wp-json\/wp\/v2\/product\/1435","targetHints":{"allow":["GET"]}}],"collection":[{"href":"https:\/\/apwschweiz.ch\/en\/wp-json\/wp\/v2\/product"}],"about":[{"href":"https:\/\/apwschweiz.ch\/en\/wp-json\/wp\/v2\/types\/product"}],"wp:featuredmedia":[{"embeddable":true,"href":"https:\/\/apwschweiz.ch\/en\/wp-json\/wp\/v2\/media\/5341"}],"wp:attachment":[{"href":"https:\/\/apwschweiz.ch\/en\/wp-json\/wp\/v2\/media?parent=1435"}],"wp:term":[{"taxonomy":"product_brand","embeddable":true,"href":"https:\/\/apwschweiz.ch\/en\/wp-json\/wp\/v2\/product_brand?post=1435"},{"taxonomy":"product_cat","embeddable":true,"href":"https:\/\/apwschweiz.ch\/en\/wp-json\/wp\/v2\/product_cat?post=1435"},{"taxonomy":"product_tag","embeddable":true,"href":"https:\/\/apwschweiz.ch\/en\/wp-json\/wp\/v2\/product_tag?post=1435"},{"taxonomy":"zielgruppe","embeddable":true,"href":"https:\/\/apwschweiz.ch\/en\/wp-json\/wp\/v2\/zielgruppe?post=1435"}],"curies":[{"name":"wp","href":"https:\/\/api.w.org\/{rel}","templated":true}]}}