{"id":4666,"date":"2025-08-27T12:12:09","date_gmt":"2025-08-27T12:12:09","guid":{"rendered":"https:\/\/apwschweiz.ch\/wordpress\/produkt\/perception-wirklichkeit-et-langage\/"},"modified":"2026-02-20T14:54:44","modified_gmt":"2026-02-20T14:54:44","slug":"perception-reality-and-language-2","status":"publish","type":"product","link":"https:\/\/apwschweiz.ch\/en\/shop\/buecher\/perception-wirklichkeit-et-langage\/","title":{"rendered":"Perception, reality and language"},"content":{"rendered":"<p>This book is about children and adults who suffer from behavioral disorders.<br \/>\nThe first part describes the development of normal children, the second the characteristics manifested by children and adults who suffer from perceptual disorders, and the third addresses the learning processes of normal and disabled individuals.<\/p>\n<p>Numerous photos and examples illustrate various stages of normal and disturbed development.<\/p>\n<p>Based on her research, Ms. Affolter presents a model of human development where a person's evolution through its various stages depends on the person's root \u2013 the origin of development \u2013 which consists of tactilo-kinesthetic interaction with their environment.<\/p>\n<p>This developmental model not only explains the development of normal human beings, but it also allows us to diagnose and treat children and adults who are abnormally developed or who have suffered a brain injury.<\/p>\n<p>When our treatment strengthens a person's \u00abroots,\u00bb we enable them to progress and reach higher levels.<\/p>\n<p>Those concerned with children and adults, whether normal or disabled (in terms of identification, assessment, diagnosis, education, and\/or treatment), will benefit from this book.<\/p>","protected":false},"excerpt":{"rendered":"<p>This book deals with children and adults who suffer from behavioral disorders. French copies can be ordered from Ms. Claire Fl\u00fcck: <a href=\"mailto:cd.fluck@evs-hin.ch\">cd.fluck@evs-hin.ch<\/a><\/p>","protected":false},"featured_media":5319,"template":"","meta":{"_acf_changed":false},"product_brand":[],"product_cat":[43],"product_tag":[],"zielgruppe":[],"class_list":{"0":"post-4666","1":"product","2":"type-product","3":"status-publish","4":"has-post-thumbnail","6":"product_cat-buecher","7":"product_shipping_class-buch","9":"first","10":"instock","11":"shipping-taxable","12":"purchasable","13":"product-type-simple"},"acf":[],"yoast_head":"<!-- This site is optimized with the Yoast SEO plugin v27.4 - https:\/\/yoast.com\/product\/yoast-seo-wordpress\/ -->\n<title>Perception, Wirklichkeit et Langage | APW Schweiz<\/title>\n<meta name=\"description\" content=\"Ce livre pr\u00e9sente un mod\u00e8le du d\u00e9veloppement humain et aide \u00e0 comprendre, diagnostiquer et traiter les troubles perceptifs. Commandez maintenant!\" \/>\n<meta name=\"robots\" content=\"index, follow, max-snippet:-1, max-image-preview:large, max-video-preview:-1\" \/>\n<link rel=\"canonical\" href=\"https:\/\/apwschweiz.ch\/en\/store\/books\/perception-reality-and-language-2\/\" \/>\n<meta property=\"og:locale\" content=\"en_US\" \/>\n<meta property=\"og:type\" content=\"article\" \/>\n<meta property=\"og:title\" content=\"Perception, Wirklichkeit et Langage | APW Schweiz\" \/>\n<meta property=\"og:description\" content=\"Ce livre pr\u00e9sente un mod\u00e8le du d\u00e9veloppement humain et aide \u00e0 comprendre, diagnostiquer et traiter les troubles perceptifs. Commandez maintenant!\" \/>\n<meta property=\"og:url\" content=\"https:\/\/apwschweiz.ch\/en\/store\/books\/perception-reality-and-language-2\/\" \/>\n<meta property=\"og:site_name\" content=\"APW Schweiz\" \/>\n<meta property=\"article:publisher\" content=\"https:\/\/www.facebook.com\/tauapw\" \/>\n<meta property=\"article:modified_time\" content=\"2026-02-20T14:54:44+00:00\" \/>\n<meta property=\"og:image\" content=\"https:\/\/apwschweiz.ch\/wp-content\/uploads\/2025\/08\/1991-PerceptionWirklichkeitLanga-ge_franzoesisch-APW-Schweiz.jpg\" \/>\n\t<meta property=\"og:image:width\" content=\"400\" \/>\n\t<meta property=\"og:image:height\" content=\"564\" \/>\n\t<meta property=\"og:image:type\" content=\"image\/jpeg\" \/>\n<meta name=\"twitter:card\" content=\"summary_large_image\" \/>\n<meta name=\"twitter:label1\" content=\"Est. reading time\" \/>\n\t<meta name=\"twitter:data1\" content=\"2 minutes\" \/>\n<script type=\"application\/ld+json\" class=\"yoast-schema-graph\">{\"@context\":\"https:\\\/\\\/schema.org\",\"@graph\":[{\"@type\":\"WebPage\",\"@id\":\"https:\\\/\\\/apwschweiz.ch\\\/shop\\\/buecher\\\/perception-wirklichkeit-et-langage\\\/\",\"url\":\"https:\\\/\\\/apwschweiz.ch\\\/shop\\\/buecher\\\/perception-wirklichkeit-et-langage\\\/\",\"name\":\"Perception, Wirklichkeit et Langage | APW Schweiz\",\"isPartOf\":{\"@id\":\"https:\\\/\\\/apwschweiz.ch\\\/#website\"},\"primaryImageOfPage\":{\"@id\":\"https:\\\/\\\/apwschweiz.ch\\\/shop\\\/buecher\\\/perception-wirklichkeit-et-langage\\\/#primaryimage\"},\"image\":{\"@id\":\"https:\\\/\\\/apwschweiz.ch\\\/shop\\\/buecher\\\/perception-wirklichkeit-et-langage\\\/#primaryimage\"},\"thumbnailUrl\":\"https:\\\/\\\/apwschweiz.ch\\\/wp-content\\\/uploads\\\/2025\\\/08\\\/1991-PerceptionWirklichkeitLanga-ge_franzoesisch-APW-Schweiz.jpg\",\"datePublished\":\"2025-08-27T12:12:09+00:00\",\"dateModified\":\"2026-02-20T14:54:44+00:00\",\"description\":\"Ce livre pr\u00e9sente un mod\u00e8le du d\u00e9veloppement humain et aide \u00e0 comprendre, diagnostiquer et traiter les troubles perceptifs. Commandez maintenant!\",\"breadcrumb\":{\"@id\":\"https:\\\/\\\/apwschweiz.ch\\\/shop\\\/buecher\\\/perception-wirklichkeit-et-langage\\\/#breadcrumb\"},\"inLanguage\":\"en-US\",\"potentialAction\":[{\"@type\":\"ReadAction\",\"target\":[\"https:\\\/\\\/apwschweiz.ch\\\/shop\\\/buecher\\\/perception-wirklichkeit-et-langage\\\/\"]}]},{\"@type\":\"ImageObject\",\"inLanguage\":\"en-US\",\"@id\":\"https:\\\/\\\/apwschweiz.ch\\\/shop\\\/buecher\\\/perception-wirklichkeit-et-langage\\\/#primaryimage\",\"url\":\"https:\\\/\\\/apwschweiz.ch\\\/wp-content\\\/uploads\\\/2025\\\/08\\\/1991-PerceptionWirklichkeitLanga-ge_franzoesisch-APW-Schweiz.jpg\",\"contentUrl\":\"https:\\\/\\\/apwschweiz.ch\\\/wp-content\\\/uploads\\\/2025\\\/08\\\/1991-PerceptionWirklichkeitLanga-ge_franzoesisch-APW-Schweiz.jpg\",\"width\":400,\"height\":564,\"caption\":\"1991_PerceptionWirklichkeitLanga-ge_franzo\u0308sisch\"},{\"@type\":\"BreadcrumbList\",\"@id\":\"https:\\\/\\\/apwschweiz.ch\\\/shop\\\/buecher\\\/perception-wirklichkeit-et-langage\\\/#breadcrumb\",\"itemListElement\":[{\"@type\":\"ListItem\",\"position\":1,\"name\":\"Startseite\",\"item\":\"https:\\\/\\\/apwschweiz.ch\\\/\"},{\"@type\":\"ListItem\",\"position\":2,\"name\":\"Shop\",\"item\":\"https:\\\/\\\/apwschweiz.ch\\\/shop\\\/\"},{\"@type\":\"ListItem\",\"position\":3,\"name\":\"B\u00fccher\",\"item\":\"https:\\\/\\\/apwschweiz.ch\\\/produkt-kategorie\\\/buecher\\\/\"},{\"@type\":\"ListItem\",\"position\":4,\"name\":\"Perception, Wirklichkeit et Langage\"}]},{\"@type\":\"WebSite\",\"@id\":\"https:\\\/\\\/apwschweiz.ch\\\/#website\",\"url\":\"https:\\\/\\\/apwschweiz.ch\\\/\",\"name\":\"Arbeitsgemeinschaft pro Wahrnehmung\",\"description\":\"Gemeinsam f\u00fcr Menschen mit Wahrnehmungs\u00adst\u00f6rungen\",\"publisher\":{\"@id\":\"https:\\\/\\\/apwschweiz.ch\\\/#organization\"},\"alternateName\":\"APW Schweiz\",\"potentialAction\":[{\"@type\":\"SearchAction\",\"target\":{\"@type\":\"EntryPoint\",\"urlTemplate\":\"https:\\\/\\\/apwschweiz.ch\\\/?s={search_term_string}\"},\"query-input\":{\"@type\":\"PropertyValueSpecification\",\"valueRequired\":true,\"valueName\":\"search_term_string\"}}],\"inLanguage\":\"en-US\"},{\"@type\":\"Organization\",\"@id\":\"https:\\\/\\\/apwschweiz.ch\\\/#organization\",\"name\":\"Arbeitsgemeinschaft pro Wahrnehmung\",\"alternateName\":\"APW Schweiz\",\"url\":\"https:\\\/\\\/apwschweiz.ch\\\/\",\"logo\":{\"@type\":\"ImageObject\",\"inLanguage\":\"en-US\",\"@id\":\"https:\\\/\\\/apwschweiz.ch\\\/#\\\/schema\\\/logo\\\/image\\\/\",\"url\":\"https:\\\/\\\/apwschweiz.ch\\\/wp-content\\\/uploads\\\/2025\\\/07\\\/APW-Logo-Quadrat.png\",\"contentUrl\":\"https:\\\/\\\/apwschweiz.ch\\\/wp-content\\\/uploads\\\/2025\\\/07\\\/APW-Logo-Quadrat.png\",\"width\":500,\"height\":500,\"caption\":\"Arbeitsgemeinschaft pro Wahrnehmung\"},\"image\":{\"@id\":\"https:\\\/\\\/apwschweiz.ch\\\/#\\\/schema\\\/logo\\\/image\\\/\"},\"sameAs\":[\"https:\\\/\\\/www.facebook.com\\\/tauapw\"]}]}<\/script>\n<!-- \/ Yoast SEO plugin. -->","yoast_head_json":{"title":"Perception, Reality, and Language | APW Switzerland","description":"This book presents a model of human development and helps to understand, diagnose, and treat perceptual disorders. Order now!","robots":{"index":"index","follow":"follow","max-snippet":"max-snippet:-1","max-image-preview":"max-image-preview:large","max-video-preview":"max-video-preview:-1"},"canonical":"https:\/\/apwschweiz.ch\/en\/store\/books\/perception-reality-and-language-2\/","og_locale":"en_US","og_type":"article","og_title":"Perception, Wirklichkeit et Langage | APW Schweiz","og_description":"Ce livre pr\u00e9sente un mod\u00e8le du d\u00e9veloppement humain et aide \u00e0 comprendre, diagnostiquer et traiter les troubles perceptifs. Commandez maintenant!","og_url":"https:\/\/apwschweiz.ch\/en\/store\/books\/perception-reality-and-language-2\/","og_site_name":"APW Schweiz","article_publisher":"https:\/\/www.facebook.com\/tauapw","article_modified_time":"2026-02-20T14:54:44+00:00","og_image":[{"width":400,"height":564,"url":"https:\/\/apwschweiz.ch\/wp-content\/uploads\/2025\/08\/1991-PerceptionWirklichkeitLanga-ge_franzoesisch-APW-Schweiz.jpg","type":"image\/jpeg"}],"twitter_card":"summary_large_image","twitter_misc":{"Est. reading time":"2 minutes"},"schema":{"@context":"https:\/\/schema.org","@graph":[{"@type":"WebPage","@id":"https:\/\/apwschweiz.ch\/shop\/buecher\/perception-wirklichkeit-et-langage\/","url":"https:\/\/apwschweiz.ch\/shop\/buecher\/perception-wirklichkeit-et-langage\/","name":"Perception, Reality, and Language | APW Switzerland","isPartOf":{"@id":"https:\/\/apwschweiz.ch\/#website"},"primaryImageOfPage":{"@id":"https:\/\/apwschweiz.ch\/shop\/buecher\/perception-wirklichkeit-et-langage\/#primaryimage"},"image":{"@id":"https:\/\/apwschweiz.ch\/shop\/buecher\/perception-wirklichkeit-et-langage\/#primaryimage"},"thumbnailUrl":"https:\/\/apwschweiz.ch\/wp-content\/uploads\/2025\/08\/1991-PerceptionWirklichkeitLanga-ge_franzoesisch-APW-Schweiz.jpg","datePublished":"2025-08-27T12:12:09+00:00","dateModified":"2026-02-20T14:54:44+00:00","description":"This book presents a model of human development and helps to understand, diagnose, and treat perceptual disorders. Order now!","breadcrumb":{"@id":"https:\/\/apwschweiz.ch\/shop\/buecher\/perception-wirklichkeit-et-langage\/#breadcrumb"},"inLanguage":"en-US","potentialAction":[{"@type":"ReadAction","target":["https:\/\/apwschweiz.ch\/shop\/buecher\/perception-wirklichkeit-et-langage\/"]}]},{"@type":"ImageObject","inLanguage":"en-US","@id":"https:\/\/apwschweiz.ch\/shop\/buecher\/perception-wirklichkeit-et-langage\/#primaryimage","url":"https:\/\/apwschweiz.ch\/wp-content\/uploads\/2025\/08\/1991-PerceptionWirklichkeitLanga-ge_franzoesisch-APW-Schweiz.jpg","contentUrl":"https:\/\/apwschweiz.ch\/wp-content\/uploads\/2025\/08\/1991-PerceptionWirklichkeitLanga-ge_franzoesisch-APW-Schweiz.jpg","width":400,"height":564,"caption":"1991_PerceptionWirklichkeitLanga-ge_franzo\u0308sisch"},{"@type":"BreadcrumbList","@id":"https:\/\/apwschweiz.ch\/shop\/buecher\/perception-wirklichkeit-et-langage\/#breadcrumb","itemListElement":[{"@type":"ListItem","position":1,"name":"Startseite","item":"https:\/\/apwschweiz.ch\/"},{"@type":"ListItem","position":2,"name":"Shop","item":"https:\/\/apwschweiz.ch\/shop\/"},{"@type":"ListItem","position":3,"name":"B\u00fccher","item":"https:\/\/apwschweiz.ch\/produkt-kategorie\/buecher\/"},{"@type":"ListItem","position":4,"name":"Perception, Wirklichkeit et Langage"}]},{"@type":"WebSite","@id":"https:\/\/apwschweiz.ch\/#website","url":"https:\/\/apwschweiz.ch\/","name":"Working group for perception","description":"Together for people with sensory disorders","publisher":{"@id":"https:\/\/apwschweiz.ch\/#organization"},"alternateName":"APW Schweiz","potentialAction":[{"@type":"SearchAction","target":{"@type":"EntryPoint","urlTemplate":"https:\/\/apwschweiz.ch\/?s={search_term_string}"},"query-input":{"@type":"PropertyValueSpecification","valueRequired":true,"valueName":"search_term_string"}}],"inLanguage":"en-US"},{"@type":"Organization","@id":"https:\/\/apwschweiz.ch\/#organization","name":"Working group for perception","alternateName":"APW Schweiz","url":"https:\/\/apwschweiz.ch\/","logo":{"@type":"ImageObject","inLanguage":"en-US","@id":"https:\/\/apwschweiz.ch\/#\/schema\/logo\/image\/","url":"https:\/\/apwschweiz.ch\/wp-content\/uploads\/2025\/07\/APW-Logo-Quadrat.png","contentUrl":"https:\/\/apwschweiz.ch\/wp-content\/uploads\/2025\/07\/APW-Logo-Quadrat.png","width":500,"height":500,"caption":"Arbeitsgemeinschaft pro Wahrnehmung"},"image":{"@id":"https:\/\/apwschweiz.ch\/#\/schema\/logo\/image\/"},"sameAs":["https:\/\/www.facebook.com\/tauapw"]}]}},"_links":{"self":[{"href":"https:\/\/apwschweiz.ch\/en\/wp-json\/wp\/v2\/product\/4666","targetHints":{"allow":["GET"]}}],"collection":[{"href":"https:\/\/apwschweiz.ch\/en\/wp-json\/wp\/v2\/product"}],"about":[{"href":"https:\/\/apwschweiz.ch\/en\/wp-json\/wp\/v2\/types\/product"}],"wp:featuredmedia":[{"embeddable":true,"href":"https:\/\/apwschweiz.ch\/en\/wp-json\/wp\/v2\/media\/5319"}],"wp:attachment":[{"href":"https:\/\/apwschweiz.ch\/en\/wp-json\/wp\/v2\/media?parent=4666"}],"wp:term":[{"taxonomy":"product_brand","embeddable":true,"href":"https:\/\/apwschweiz.ch\/en\/wp-json\/wp\/v2\/product_brand?post=4666"},{"taxonomy":"product_cat","embeddable":true,"href":"https:\/\/apwschweiz.ch\/en\/wp-json\/wp\/v2\/product_cat?post=4666"},{"taxonomy":"product_tag","embeddable":true,"href":"https:\/\/apwschweiz.ch\/en\/wp-json\/wp\/v2\/product_tag?post=4666"},{"taxonomy":"zielgruppe","embeddable":true,"href":"https:\/\/apwschweiz.ch\/en\/wp-json\/wp\/v2\/zielgruppe?post=4666"}],"curies":[{"name":"wp","href":"https:\/\/api.w.org\/{rel}","templated":true}]}}