{"id":1072,"date":"2025-05-27T09:06:04","date_gmt":"2025-05-27T09:06:04","guid":{"rendered":"https:\/\/apwschweiz.ch\/wordpress\/?post_type=product&#038;p=1072"},"modified":"2025-10-05T13:37:42","modified_gmt":"2025-10-05T13:37:42","slug":"le-modele-daffolter","status":"publish","type":"product","link":"https:\/\/apwschweiz.ch\/fr\/shop\/buecher\/das-affolter-modell\/","title":{"rendered":"Le mod\u00e8le Affolter"},"content":{"rendered":"<p>Le mod\u00e8le Affolter\u00ae, \u00e9labor\u00e9 par F\u00e9licie Affolter, une \u00e9l\u00e8ve de Jean Piaget, au cours de ses ann\u00e9es de travail avec des enfants et des adultes souffrant de troubles de la perception, se compose d'un mod\u00e8le de d\u00e9veloppement et d'une m\u00e9thode th\u00e9rapeutique. Le mod\u00e8le de d\u00e9veloppement part du principe que tout d\u00e9veloppement repose sur une interaction entre l'homme et son environnement. Si cette interaction est entrav\u00e9e par des troubles de la perception, le d\u00e9veloppement est \u00e9galement perturb\u00e9. Le syst\u00e8me tactilo-kinesth\u00e9sique, qui fournit l'input ressenti dans tous les processus d'interaction, rev\u00eat ici une importance primordiale.<\/p>\n<p>La m\u00e9thode th\u00e9rapeutique du mod\u00e8le Affolter\u00ae tente de permettre des informations ressenties plus appropri\u00e9es gr\u00e2ce \u00e0 des interactions guid\u00e9es dans le domaine des soins ou lors de la r\u00e9solution de probl\u00e8mes quotidiens, et d'initier ainsi des progr\u00e8s dans le d\u00e9veloppement.<br \/>\nLes auteurs d\u00e9crivent en d\u00e9tail le mod\u00e8le Affolter\u00ae dans toute son \u00e9tendue d'application. Ce faisant, la pr\u00e9sentation minutieuse des processus de perception et d'interaction est compl\u00e9t\u00e9e par de nombreux exemples de cas.<br \/>\nLes auteurs \u00e9tudient le mod\u00e8le Affolter\u00ae depuis de nombreuses ann\u00e9es. Ils appliquent le mod\u00e8le dans leur quotidien th\u00e9rapeutique, que ce soit dans leur propre cabinet, dans des services ambulatoires, dans des \u00e9coles sp\u00e9cialis\u00e9es ou dans des cliniques de r\u00e9\u00e9ducation. La plupart des auteurs disposent \u00e9galement d'une qualification d'enseignant du mod\u00e8le Affolter\u00ae.<\/p>\n<p>Ce livre ne s'adresse pas uniquement aux physioth\u00e9rapeutes et aux ergoth\u00e9rapeutes, mais \u00e0 tous les lecteurs travaillant dans le domaine de la th\u00e9rapie et\/ou de la p\u00e9dagogie (curative).<\/p>","protected":false},"excerpt":{"rendered":"<p>Ce livre fournit des connaissances approfondies sur le mod\u00e8le Affolter\u00ae, une m\u00e9thode pratique de soutien aux personnes souffrant de troubles de la perception. Il associe des bases th\u00e9oriques \u00e0 de nombreux exemples de cas issus de la th\u00e9rapie, des soins et de la p\u00e9dagogie. Id\u00e9al pour les professionnels de la th\u00e9rapie, de la p\u00e9dagogie (curative) et des soins qui souhaitent accompagner et encourager le d\u00e9veloppement de mani\u00e8re cibl\u00e9e.<\/p>","protected":false},"featured_media":5327,"template":"","meta":{"_acf_changed":false},"product_brand":[],"product_cat":[43],"product_tag":[],"zielgruppe":[],"class_list":{"0":"post-1072","1":"product","2":"type-product","3":"status-publish","4":"has-post-thumbnail","6":"product_cat-buecher","7":"product_shipping_class-buch","9":"first","10":"instock","11":"shipping-taxable","12":"purchasable","13":"product-type-simple"},"acf":[],"yoast_head":"<!-- This site is optimized with the Yoast SEO plugin v27.4 - https:\/\/yoast.com\/product\/yoast-seo-wordpress\/ -->\n<title>Das Affolter-Modell\u00ae \u2013 Buch zur Therapiemethode | APW Schweiz<\/title>\n<meta name=\"description\" content=\"Lernen Sie das Affolter-Modell\u00ae kennen \u2013 fundiert &amp; praxisnah erkl\u00e4rt mit Fallbeispielen. Jetzt informieren &amp; direkt im Shop bestellen!\" \/>\n<meta name=\"robots\" content=\"index, follow, max-snippet:-1, max-image-preview:large, max-video-preview:-1\" \/>\n<link rel=\"canonical\" href=\"https:\/\/apwschweiz.ch\/fr\/boutique\/buecher\/le-modele-daffolter\/\" \/>\n<meta property=\"og:locale\" content=\"fr_FR\" \/>\n<meta property=\"og:type\" content=\"article\" \/>\n<meta property=\"og:title\" content=\"Das Affolter-Modell\u00ae \u2013 Buch zur Therapiemethode | APW Schweiz\" \/>\n<meta property=\"og:description\" content=\"Lernen Sie das Affolter-Modell\u00ae kennen \u2013 fundiert &amp; praxisnah erkl\u00e4rt mit Fallbeispielen. Jetzt informieren &amp; direkt im Shop bestellen!\" \/>\n<meta property=\"og:url\" content=\"https:\/\/apwschweiz.ch\/fr\/boutique\/buecher\/le-modele-daffolter\/\" \/>\n<meta property=\"og:site_name\" content=\"APW Schweiz\" \/>\n<meta property=\"article:publisher\" content=\"https:\/\/www.facebook.com\/tauapw\" \/>\n<meta property=\"article:modified_time\" content=\"2025-10-05T13:37:42+00:00\" \/>\n<meta property=\"og:image\" content=\"https:\/\/apwschweiz.ch\/wp-content\/uploads\/2025\/05\/Das-Affolter-Modell-APW-Schweiz.jpg\" \/>\n\t<meta property=\"og:image:width\" content=\"600\" \/>\n\t<meta property=\"og:image:height\" content=\"846\" \/>\n\t<meta property=\"og:image:type\" content=\"image\/jpeg\" \/>\n<meta name=\"twitter:card\" content=\"summary_large_image\" \/>\n<meta name=\"twitter:label1\" content=\"Dur\u00e9e de lecture estim\u00e9e\" \/>\n\t<meta name=\"twitter:data1\" content=\"2 minutes\" \/>\n<script type=\"application\/ld+json\" class=\"yoast-schema-graph\">{\"@context\":\"https:\\\/\\\/schema.org\",\"@graph\":[{\"@type\":\"WebPage\",\"@id\":\"https:\\\/\\\/apwschweiz.ch\\\/shop\\\/buecher\\\/das-affolter-modell\\\/\",\"url\":\"https:\\\/\\\/apwschweiz.ch\\\/shop\\\/buecher\\\/das-affolter-modell\\\/\",\"name\":\"Das Affolter-Modell\u00ae \u2013 Buch zur Therapiemethode | APW Schweiz\",\"isPartOf\":{\"@id\":\"https:\\\/\\\/apwschweiz.ch\\\/#website\"},\"primaryImageOfPage\":{\"@id\":\"https:\\\/\\\/apwschweiz.ch\\\/shop\\\/buecher\\\/das-affolter-modell\\\/#primaryimage\"},\"image\":{\"@id\":\"https:\\\/\\\/apwschweiz.ch\\\/shop\\\/buecher\\\/das-affolter-modell\\\/#primaryimage\"},\"thumbnailUrl\":\"https:\\\/\\\/apwschweiz.ch\\\/wp-content\\\/uploads\\\/2025\\\/05\\\/Das-Affolter-Modell-APW-Schweiz.jpg\",\"datePublished\":\"2025-05-27T09:06:04+00:00\",\"dateModified\":\"2025-10-05T13:37:42+00:00\",\"description\":\"Lernen Sie das Affolter-Modell\u00ae kennen \u2013 fundiert &amp; praxisnah erkl\u00e4rt mit Fallbeispielen. Jetzt informieren &amp; direkt im Shop bestellen!\",\"breadcrumb\":{\"@id\":\"https:\\\/\\\/apwschweiz.ch\\\/shop\\\/buecher\\\/das-affolter-modell\\\/#breadcrumb\"},\"inLanguage\":\"fr-FR\",\"potentialAction\":[{\"@type\":\"ReadAction\",\"target\":[\"https:\\\/\\\/apwschweiz.ch\\\/shop\\\/buecher\\\/das-affolter-modell\\\/\"]}]},{\"@type\":\"ImageObject\",\"inLanguage\":\"fr-FR\",\"@id\":\"https:\\\/\\\/apwschweiz.ch\\\/shop\\\/buecher\\\/das-affolter-modell\\\/#primaryimage\",\"url\":\"https:\\\/\\\/apwschweiz.ch\\\/wp-content\\\/uploads\\\/2025\\\/05\\\/Das-Affolter-Modell-APW-Schweiz.jpg\",\"contentUrl\":\"https:\\\/\\\/apwschweiz.ch\\\/wp-content\\\/uploads\\\/2025\\\/05\\\/Das-Affolter-Modell-APW-Schweiz.jpg\",\"width\":600,\"height\":846,\"caption\":\"Das Affolter-Modell Buchvorderseite\"},{\"@type\":\"BreadcrumbList\",\"@id\":\"https:\\\/\\\/apwschweiz.ch\\\/shop\\\/buecher\\\/das-affolter-modell\\\/#breadcrumb\",\"itemListElement\":[{\"@type\":\"ListItem\",\"position\":1,\"name\":\"Startseite\",\"item\":\"https:\\\/\\\/apwschweiz.ch\\\/\"},{\"@type\":\"ListItem\",\"position\":2,\"name\":\"Shop\",\"item\":\"https:\\\/\\\/apwschweiz.ch\\\/shop\\\/\"},{\"@type\":\"ListItem\",\"position\":3,\"name\":\"B\u00fccher\",\"item\":\"https:\\\/\\\/apwschweiz.ch\\\/produkt-kategorie\\\/buecher\\\/\"},{\"@type\":\"ListItem\",\"position\":4,\"name\":\"Das Affolter-Modell\u00ae\"}]},{\"@type\":\"WebSite\",\"@id\":\"https:\\\/\\\/apwschweiz.ch\\\/#website\",\"url\":\"https:\\\/\\\/apwschweiz.ch\\\/\",\"name\":\"Arbeitsgemeinschaft pro Wahrnehmung\",\"description\":\"Gemeinsam f\u00fcr Menschen mit Wahrnehmungs\u00adst\u00f6rungen\",\"publisher\":{\"@id\":\"https:\\\/\\\/apwschweiz.ch\\\/#organization\"},\"alternateName\":\"APW Schweiz\",\"potentialAction\":[{\"@type\":\"SearchAction\",\"target\":{\"@type\":\"EntryPoint\",\"urlTemplate\":\"https:\\\/\\\/apwschweiz.ch\\\/?s={search_term_string}\"},\"query-input\":{\"@type\":\"PropertyValueSpecification\",\"valueRequired\":true,\"valueName\":\"search_term_string\"}}],\"inLanguage\":\"fr-FR\"},{\"@type\":\"Organization\",\"@id\":\"https:\\\/\\\/apwschweiz.ch\\\/#organization\",\"name\":\"Arbeitsgemeinschaft pro Wahrnehmung\",\"alternateName\":\"APW Schweiz\",\"url\":\"https:\\\/\\\/apwschweiz.ch\\\/\",\"logo\":{\"@type\":\"ImageObject\",\"inLanguage\":\"fr-FR\",\"@id\":\"https:\\\/\\\/apwschweiz.ch\\\/#\\\/schema\\\/logo\\\/image\\\/\",\"url\":\"https:\\\/\\\/apwschweiz.ch\\\/wp-content\\\/uploads\\\/2025\\\/07\\\/APW-Logo-Quadrat.png\",\"contentUrl\":\"https:\\\/\\\/apwschweiz.ch\\\/wp-content\\\/uploads\\\/2025\\\/07\\\/APW-Logo-Quadrat.png\",\"width\":500,\"height\":500,\"caption\":\"Arbeitsgemeinschaft pro Wahrnehmung\"},\"image\":{\"@id\":\"https:\\\/\\\/apwschweiz.ch\\\/#\\\/schema\\\/logo\\\/image\\\/\"},\"sameAs\":[\"https:\\\/\\\/www.facebook.com\\\/tauapw\"]}]}<\/script>\n<!-- \/ Yoast SEO plugin. -->","yoast_head_json":{"title":"Le mod\u00e8le Affolter\u00ae - Livre sur la m\u00e9thode th\u00e9rapeutique | APW Suisse","description":"Apprenez \u00e0 conna\u00eetre le mod\u00e8le Affolter\u00ae - expliqu\u00e9 de mani\u00e8re approfondie &amp; pratique avec des exemples de cas. Informez-vous maintenant &amp; commandez directement dans la boutique !","robots":{"index":"index","follow":"follow","max-snippet":"max-snippet:-1","max-image-preview":"max-image-preview:large","max-video-preview":"max-video-preview:-1"},"canonical":"https:\/\/apwschweiz.ch\/fr\/boutique\/buecher\/le-modele-daffolter\/","og_locale":"fr_FR","og_type":"article","og_title":"Das Affolter-Modell\u00ae \u2013 Buch zur Therapiemethode | APW Schweiz","og_description":"Lernen Sie das Affolter-Modell\u00ae kennen \u2013 fundiert &amp; praxisnah erkl\u00e4rt mit Fallbeispielen. Jetzt informieren &amp; direkt im Shop bestellen!","og_url":"https:\/\/apwschweiz.ch\/fr\/boutique\/buecher\/le-modele-daffolter\/","og_site_name":"APW Schweiz","article_publisher":"https:\/\/www.facebook.com\/tauapw","article_modified_time":"2025-10-05T13:37:42+00:00","og_image":[{"width":600,"height":846,"url":"https:\/\/apwschweiz.ch\/wp-content\/uploads\/2025\/05\/Das-Affolter-Modell-APW-Schweiz.jpg","type":"image\/jpeg"}],"twitter_card":"summary_large_image","twitter_misc":{"Dur\u00e9e de lecture estim\u00e9e":"2 minutes"},"schema":{"@context":"https:\/\/schema.org","@graph":[{"@type":"WebPage","@id":"https:\/\/apwschweiz.ch\/shop\/buecher\/das-affolter-modell\/","url":"https:\/\/apwschweiz.ch\/shop\/buecher\/das-affolter-modell\/","name":"Le mod\u00e8le Affolter\u00ae - Livre sur la m\u00e9thode th\u00e9rapeutique | APW Suisse","isPartOf":{"@id":"https:\/\/apwschweiz.ch\/#website"},"primaryImageOfPage":{"@id":"https:\/\/apwschweiz.ch\/shop\/buecher\/das-affolter-modell\/#primaryimage"},"image":{"@id":"https:\/\/apwschweiz.ch\/shop\/buecher\/das-affolter-modell\/#primaryimage"},"thumbnailUrl":"https:\/\/apwschweiz.ch\/wp-content\/uploads\/2025\/05\/Das-Affolter-Modell-APW-Schweiz.jpg","datePublished":"2025-05-27T09:06:04+00:00","dateModified":"2025-10-05T13:37:42+00:00","description":"Apprenez \u00e0 conna\u00eetre le mod\u00e8le Affolter\u00ae - expliqu\u00e9 de mani\u00e8re approfondie &amp; pratique avec des exemples de cas. Informez-vous maintenant &amp; commandez directement dans la boutique !","breadcrumb":{"@id":"https:\/\/apwschweiz.ch\/shop\/buecher\/das-affolter-modell\/#breadcrumb"},"inLanguage":"fr-FR","potentialAction":[{"@type":"ReadAction","target":["https:\/\/apwschweiz.ch\/shop\/buecher\/das-affolter-modell\/"]}]},{"@type":"ImageObject","inLanguage":"fr-FR","@id":"https:\/\/apwschweiz.ch\/shop\/buecher\/das-affolter-modell\/#primaryimage","url":"https:\/\/apwschweiz.ch\/wp-content\/uploads\/2025\/05\/Das-Affolter-Modell-APW-Schweiz.jpg","contentUrl":"https:\/\/apwschweiz.ch\/wp-content\/uploads\/2025\/05\/Das-Affolter-Modell-APW-Schweiz.jpg","width":600,"height":846,"caption":"Das Affolter-Modell Buchvorderseite"},{"@type":"BreadcrumbList","@id":"https:\/\/apwschweiz.ch\/shop\/buecher\/das-affolter-modell\/#breadcrumb","itemListElement":[{"@type":"ListItem","position":1,"name":"Startseite","item":"https:\/\/apwschweiz.ch\/"},{"@type":"ListItem","position":2,"name":"Shop","item":"https:\/\/apwschweiz.ch\/shop\/"},{"@type":"ListItem","position":3,"name":"B\u00fccher","item":"https:\/\/apwschweiz.ch\/produkt-kategorie\/buecher\/"},{"@type":"ListItem","position":4,"name":"Das Affolter-Modell\u00ae"}]},{"@type":"WebSite","@id":"https:\/\/apwschweiz.ch\/#website","url":"https:\/\/apwschweiz.ch\/","name":"Communaut\u00e9 de travail par perception","description":"Ensemble pour les personnes souffrant de troubles de la perception","publisher":{"@id":"https:\/\/apwschweiz.ch\/#organization"},"alternateName":"APW Schweiz","potentialAction":[{"@type":"SearchAction","target":{"@type":"EntryPoint","urlTemplate":"https:\/\/apwschweiz.ch\/?s={search_term_string}"},"query-input":{"@type":"PropertyValueSpecification","valueRequired":true,"valueName":"search_term_string"}}],"inLanguage":"fr-FR"},{"@type":"Organization","@id":"https:\/\/apwschweiz.ch\/#organization","name":"Communaut\u00e9 de travail par perception","alternateName":"APW Schweiz","url":"https:\/\/apwschweiz.ch\/","logo":{"@type":"ImageObject","inLanguage":"fr-FR","@id":"https:\/\/apwschweiz.ch\/#\/schema\/logo\/image\/","url":"https:\/\/apwschweiz.ch\/wp-content\/uploads\/2025\/07\/APW-Logo-Quadrat.png","contentUrl":"https:\/\/apwschweiz.ch\/wp-content\/uploads\/2025\/07\/APW-Logo-Quadrat.png","width":500,"height":500,"caption":"Arbeitsgemeinschaft pro Wahrnehmung"},"image":{"@id":"https:\/\/apwschweiz.ch\/#\/schema\/logo\/image\/"},"sameAs":["https:\/\/www.facebook.com\/tauapw"]}]}},"_links":{"self":[{"href":"https:\/\/apwschweiz.ch\/fr\/wp-json\/wp\/v2\/product\/1072","targetHints":{"allow":["GET"]}}],"collection":[{"href":"https:\/\/apwschweiz.ch\/fr\/wp-json\/wp\/v2\/product"}],"about":[{"href":"https:\/\/apwschweiz.ch\/fr\/wp-json\/wp\/v2\/types\/product"}],"wp:featuredmedia":[{"embeddable":true,"href":"https:\/\/apwschweiz.ch\/fr\/wp-json\/wp\/v2\/media\/5327"}],"wp:attachment":[{"href":"https:\/\/apwschweiz.ch\/fr\/wp-json\/wp\/v2\/media?parent=1072"}],"wp:term":[{"taxonomy":"product_brand","embeddable":true,"href":"https:\/\/apwschweiz.ch\/fr\/wp-json\/wp\/v2\/product_brand?post=1072"},{"taxonomy":"product_cat","embeddable":true,"href":"https:\/\/apwschweiz.ch\/fr\/wp-json\/wp\/v2\/product_cat?post=1072"},{"taxonomy":"product_tag","embeddable":true,"href":"https:\/\/apwschweiz.ch\/fr\/wp-json\/wp\/v2\/product_tag?post=1072"},{"taxonomy":"zielgruppe","embeddable":true,"href":"https:\/\/apwschweiz.ch\/fr\/wp-json\/wp\/v2\/zielgruppe?post=1072"}],"curies":[{"name":"wp","href":"https:\/\/api.w.org\/{rel}","templated":true}]}}