{"id":1431,"date":"2025-06-03T17:25:13","date_gmt":"2025-06-03T17:25:13","guid":{"rendered":"https:\/\/apwschweiz.ch\/wordpress\/?post_type=product&#038;p=1431"},"modified":"2025-10-05T13:37:43","modified_gmt":"2025-10-05T13:37:43","slug":"deuxieme-partie-interaction-au-quotidien","status":"publish","type":"product","link":"https:\/\/apwschweiz.ch\/fr\/shop\/buecher\/teil-ii-interaktion-im-alltag\/","title":{"rendered":"Partie II : Interaction au quotidien - comment la saisir ?"},"content":{"rendered":"<p>Depuis quelques d\u00e9cennies, le \u201e mod\u00e8le racinaire de l'interaction sentie \u201c est appliqu\u00e9 dans les domaines p\u00e9dagogique et clinique. La s\u00e9rie DE LA RACINE AUX RAMIFICATIONS transmet des aspects importants qui ont \u00e9t\u00e9 \u00e9labor\u00e9s \u00e0 partir de la probl\u00e9matique du passage \u201e de la racine aux ramifications \u201c par des travaux de recherche suppl\u00e9mentaires.<br \/>\nMais comment l'interaction dans la vie de tous les jours peut-elle \u00eatre saisie ?<br \/>\nLors d'une saisie habituelle des patients, diverses prestations sont \u00e9valu\u00e9es, mais malheureusement, ni les situations correspondantes ni les informations ne sont indiqu\u00e9es. Ainsi, par exemple, l'attention est jug\u00e9e comme si elle \u00e9tait quelque chose d'absolu, voire de primaire. Il existe des r\u00e9sultats de recherche qui, au contraire, consid\u00e8rent l'attention comme quelque chose de secondaire et d\u00e9pendant de l'information et de la compr\u00e9hension.<br \/>\nGr\u00e2ce \u00e0 l'\u00e9tude d\u00e9crite dans le livre, l'efficacit\u00e9 du mod\u00e8le Affolter est confirm\u00e9e :<br \/>\nLes changements comportementaux observables s\u00e9lectionn\u00e9s servent \u00e0 saisir les difficult\u00e9s ainsi que les performances existantes des patients c\u00e9r\u00e9bro-l\u00e9s\u00e9s dans la vie quotidienne. Cela confirme les conclusions de la psychologie du d\u00e9veloppement quant \u00e0 l'importance de l'interaction ressentie.<br \/>\nLes avantages de l'interaction d\u00e9pendent de l'information.<br \/>\nL'information tactile est plus importante que la visuelle ou l'auditive pour l'interaction quotidienne.<br \/>\nQu'est-ce que cela signifie pour le travail pratique :<br \/>\nLes patients c\u00e9r\u00e9brol\u00e9s\u00e9s \u00e9chouent dans les interactions quotidiennes, dans les activit\u00e9s quotidiennes, dans les prestations sociales, dans la communication linguistique. Ces d\u00e9ficits sont SECONDAIRES. Ils sont caus\u00e9s par des d\u00e9ficits PRIMAIRES, par des d\u00e9ficits des fonctions c\u00e9r\u00e9brales dus \u00e0 la l\u00e9sion c\u00e9r\u00e9brale. C'est \u00e0 ceux-ci qu'il faut s'attaquer en th\u00e9rapie, et non aux d\u00e9ficits secondaires. On peut s'attendre \u00e0 ce que l'am\u00e9lioration des fonctions primaires entra\u00eene la disparition progressive des cons\u00e9quences secondaires. C'est ainsi que nous avons, dans le d\u00e9veloppement..., comment l'enfant acquiert-il l'organisation du cerveau : par l'interaction ressentie.<br \/>\nLe livre mentionne des exemples qui illustrent l'importance de l'information tactile. L'importance de l'application des r\u00e9sultats pour la d\u00e9pendance des performances des patients vis-\u00e0-vis de l'information est \u00e9galement \u00e9tay\u00e9e par quelques exemples.<\/p>","protected":false},"excerpt":{"rendered":"<p>Ce livre de la s\u00e9rie \u201e De la racine aux branches \u201c montre comment l'interaction devient observable au quotidien \u2013 et comment l'information tactile acquiert une importance centrale dans le mod\u00e8le Affolter\u00ae pour la r\u00e9ussite th\u00e9rapeutique et les comp\u00e9tences quotidiennes. Une base pr\u00e9cieuse pour tous ceux qui travaillent avec des patients c\u00e9r\u00e9brol\u00e9s\u00e9s.<\/p>","protected":false},"featured_media":5339,"template":"","meta":{"_acf_changed":false},"product_brand":[],"product_cat":[43],"product_tag":[],"zielgruppe":[],"class_list":{"0":"post-1431","1":"product","2":"type-product","3":"status-publish","4":"has-post-thumbnail","6":"product_cat-buecher","7":"product_shipping_class-buch","9":"first","10":"instock","11":"shipping-taxable","12":"purchasable","13":"product-type-simple"},"acf":[],"yoast_head":"<!-- This site is optimized with the Yoast SEO plugin v27.4 - https:\/\/yoast.com\/product\/yoast-seo-wordpress\/ -->\n<title>Interaktion erfassen \u2013 Teil II der Wurzel-Serie | APW Schweiz<\/title>\n<meta name=\"description\" content=\"Interaktion im Alltag sichtbar machen: Jetzt Publikation mit Forschung &amp; Praxis zum Affolter-Modell\u00ae entdecken und in der Therapie anwenden!\" \/>\n<meta name=\"robots\" content=\"index, follow, max-snippet:-1, max-image-preview:large, max-video-preview:-1\" \/>\n<link rel=\"canonical\" href=\"https:\/\/apwschweiz.ch\/fr\/boutique\/buecher\/deuxieme-partie-interaction-au-quotidien\/\" \/>\n<meta property=\"og:locale\" content=\"fr_FR\" \/>\n<meta property=\"og:type\" content=\"article\" \/>\n<meta property=\"og:title\" content=\"Interaktion erfassen \u2013 Teil II der Wurzel-Serie | APW Schweiz\" \/>\n<meta property=\"og:description\" content=\"Interaktion im Alltag sichtbar machen: Jetzt Publikation mit Forschung &amp; Praxis zum Affolter-Modell\u00ae entdecken und in der Therapie anwenden!\" \/>\n<meta property=\"og:url\" content=\"https:\/\/apwschweiz.ch\/fr\/boutique\/buecher\/deuxieme-partie-interaction-au-quotidien\/\" \/>\n<meta property=\"og:site_name\" content=\"APW Schweiz\" \/>\n<meta property=\"article:publisher\" content=\"https:\/\/www.facebook.com\/tauapw\" \/>\n<meta property=\"article:modified_time\" content=\"2025-10-05T13:37:43+00:00\" \/>\n<meta property=\"og:image\" content=\"https:\/\/apwschweiz.ch\/wp-content\/uploads\/2025\/06\/Interaktion-im-Alltag-APW-Schweiz.jpg\" \/>\n\t<meta property=\"og:image:width\" content=\"500\" \/>\n\t<meta property=\"og:image:height\" content=\"705\" \/>\n\t<meta property=\"og:image:type\" content=\"image\/jpeg\" \/>\n<meta name=\"twitter:card\" content=\"summary_large_image\" \/>\n<meta name=\"twitter:label1\" content=\"Dur\u00e9e de lecture estim\u00e9e\" \/>\n\t<meta name=\"twitter:data1\" content=\"2 minutes\" \/>\n<script type=\"application\/ld+json\" class=\"yoast-schema-graph\">{\"@context\":\"https:\\\/\\\/schema.org\",\"@graph\":[{\"@type\":\"WebPage\",\"@id\":\"https:\\\/\\\/apwschweiz.ch\\\/shop\\\/buecher\\\/teil-ii-interaktion-im-alltag\\\/\",\"url\":\"https:\\\/\\\/apwschweiz.ch\\\/shop\\\/buecher\\\/teil-ii-interaktion-im-alltag\\\/\",\"name\":\"Interaktion erfassen \u2013 Teil II der Wurzel-Serie | APW Schweiz\",\"isPartOf\":{\"@id\":\"https:\\\/\\\/apwschweiz.ch\\\/#website\"},\"primaryImageOfPage\":{\"@id\":\"https:\\\/\\\/apwschweiz.ch\\\/shop\\\/buecher\\\/teil-ii-interaktion-im-alltag\\\/#primaryimage\"},\"image\":{\"@id\":\"https:\\\/\\\/apwschweiz.ch\\\/shop\\\/buecher\\\/teil-ii-interaktion-im-alltag\\\/#primaryimage\"},\"thumbnailUrl\":\"https:\\\/\\\/apwschweiz.ch\\\/wp-content\\\/uploads\\\/2025\\\/06\\\/Interaktion-im-Alltag-APW-Schweiz.jpg\",\"datePublished\":\"2025-06-03T17:25:13+00:00\",\"dateModified\":\"2025-10-05T13:37:43+00:00\",\"description\":\"Interaktion im Alltag sichtbar machen: Jetzt Publikation mit Forschung &amp; Praxis zum Affolter-Modell\u00ae entdecken und in der Therapie anwenden!\",\"breadcrumb\":{\"@id\":\"https:\\\/\\\/apwschweiz.ch\\\/shop\\\/buecher\\\/teil-ii-interaktion-im-alltag\\\/#breadcrumb\"},\"inLanguage\":\"fr-FR\",\"potentialAction\":[{\"@type\":\"ReadAction\",\"target\":[\"https:\\\/\\\/apwschweiz.ch\\\/shop\\\/buecher\\\/teil-ii-interaktion-im-alltag\\\/\"]}]},{\"@type\":\"ImageObject\",\"inLanguage\":\"fr-FR\",\"@id\":\"https:\\\/\\\/apwschweiz.ch\\\/shop\\\/buecher\\\/teil-ii-interaktion-im-alltag\\\/#primaryimage\",\"url\":\"https:\\\/\\\/apwschweiz.ch\\\/wp-content\\\/uploads\\\/2025\\\/06\\\/Interaktion-im-Alltag-APW-Schweiz.jpg\",\"contentUrl\":\"https:\\\/\\\/apwschweiz.ch\\\/wp-content\\\/uploads\\\/2025\\\/06\\\/Interaktion-im-Alltag-APW-Schweiz.jpg\",\"width\":500,\"height\":705,\"caption\":\"Interaktion im Alltag Cover\"},{\"@type\":\"BreadcrumbList\",\"@id\":\"https:\\\/\\\/apwschweiz.ch\\\/shop\\\/buecher\\\/teil-ii-interaktion-im-alltag\\\/#breadcrumb\",\"itemListElement\":[{\"@type\":\"ListItem\",\"position\":1,\"name\":\"Startseite\",\"item\":\"https:\\\/\\\/apwschweiz.ch\\\/\"},{\"@type\":\"ListItem\",\"position\":2,\"name\":\"Shop\",\"item\":\"https:\\\/\\\/apwschweiz.ch\\\/shop\\\/\"},{\"@type\":\"ListItem\",\"position\":3,\"name\":\"B\u00fccher\",\"item\":\"https:\\\/\\\/apwschweiz.ch\\\/produkt-kategorie\\\/buecher\\\/\"},{\"@type\":\"ListItem\",\"position\":4,\"name\":\"Teil II: Interaktion im Alltag &#8211; wie erfassbar?\"}]},{\"@type\":\"WebSite\",\"@id\":\"https:\\\/\\\/apwschweiz.ch\\\/#website\",\"url\":\"https:\\\/\\\/apwschweiz.ch\\\/\",\"name\":\"Arbeitsgemeinschaft pro Wahrnehmung\",\"description\":\"Gemeinsam f\u00fcr Menschen mit Wahrnehmungs\u00adst\u00f6rungen\",\"publisher\":{\"@id\":\"https:\\\/\\\/apwschweiz.ch\\\/#organization\"},\"alternateName\":\"APW Schweiz\",\"potentialAction\":[{\"@type\":\"SearchAction\",\"target\":{\"@type\":\"EntryPoint\",\"urlTemplate\":\"https:\\\/\\\/apwschweiz.ch\\\/?s={search_term_string}\"},\"query-input\":{\"@type\":\"PropertyValueSpecification\",\"valueRequired\":true,\"valueName\":\"search_term_string\"}}],\"inLanguage\":\"fr-FR\"},{\"@type\":\"Organization\",\"@id\":\"https:\\\/\\\/apwschweiz.ch\\\/#organization\",\"name\":\"Arbeitsgemeinschaft pro Wahrnehmung\",\"alternateName\":\"APW Schweiz\",\"url\":\"https:\\\/\\\/apwschweiz.ch\\\/\",\"logo\":{\"@type\":\"ImageObject\",\"inLanguage\":\"fr-FR\",\"@id\":\"https:\\\/\\\/apwschweiz.ch\\\/#\\\/schema\\\/logo\\\/image\\\/\",\"url\":\"https:\\\/\\\/apwschweiz.ch\\\/wp-content\\\/uploads\\\/2025\\\/07\\\/APW-Logo-Quadrat.png\",\"contentUrl\":\"https:\\\/\\\/apwschweiz.ch\\\/wp-content\\\/uploads\\\/2025\\\/07\\\/APW-Logo-Quadrat.png\",\"width\":500,\"height\":500,\"caption\":\"Arbeitsgemeinschaft pro Wahrnehmung\"},\"image\":{\"@id\":\"https:\\\/\\\/apwschweiz.ch\\\/#\\\/schema\\\/logo\\\/image\\\/\"},\"sameAs\":[\"https:\\\/\\\/www.facebook.com\\\/tauapw\"]}]}<\/script>\n<!-- \/ Yoast SEO plugin. -->","yoast_head_json":{"title":"Capturer l'interaction \u2013 Partie II de la s\u00e9rie Root | APW Suisse","description":"Rendre l'interaction visible au quotidien : d\u00e9couvrez maintenant la publication avec la recherche et la pratique sur le mod\u00e8le Affolter\u00ae et appliquez-la en th\u00e9rapie !","robots":{"index":"index","follow":"follow","max-snippet":"max-snippet:-1","max-image-preview":"max-image-preview:large","max-video-preview":"max-video-preview:-1"},"canonical":"https:\/\/apwschweiz.ch\/fr\/boutique\/buecher\/deuxieme-partie-interaction-au-quotidien\/","og_locale":"fr_FR","og_type":"article","og_title":"Interaktion erfassen \u2013 Teil II der Wurzel-Serie | APW Schweiz","og_description":"Interaktion im Alltag sichtbar machen: Jetzt Publikation mit Forschung &amp; Praxis zum Affolter-Modell\u00ae entdecken und in der Therapie anwenden!","og_url":"https:\/\/apwschweiz.ch\/fr\/boutique\/buecher\/deuxieme-partie-interaction-au-quotidien\/","og_site_name":"APW Schweiz","article_publisher":"https:\/\/www.facebook.com\/tauapw","article_modified_time":"2025-10-05T13:37:43+00:00","og_image":[{"width":500,"height":705,"url":"https:\/\/apwschweiz.ch\/wp-content\/uploads\/2025\/06\/Interaktion-im-Alltag-APW-Schweiz.jpg","type":"image\/jpeg"}],"twitter_card":"summary_large_image","twitter_misc":{"Dur\u00e9e de lecture estim\u00e9e":"2 minutes"},"schema":{"@context":"https:\/\/schema.org","@graph":[{"@type":"WebPage","@id":"https:\/\/apwschweiz.ch\/shop\/buecher\/teil-ii-interaktion-im-alltag\/","url":"https:\/\/apwschweiz.ch\/shop\/buecher\/teil-ii-interaktion-im-alltag\/","name":"Capturer l'interaction \u2013 Partie II de la s\u00e9rie Root | APW Suisse","isPartOf":{"@id":"https:\/\/apwschweiz.ch\/#website"},"primaryImageOfPage":{"@id":"https:\/\/apwschweiz.ch\/shop\/buecher\/teil-ii-interaktion-im-alltag\/#primaryimage"},"image":{"@id":"https:\/\/apwschweiz.ch\/shop\/buecher\/teil-ii-interaktion-im-alltag\/#primaryimage"},"thumbnailUrl":"https:\/\/apwschweiz.ch\/wp-content\/uploads\/2025\/06\/Interaktion-im-Alltag-APW-Schweiz.jpg","datePublished":"2025-06-03T17:25:13+00:00","dateModified":"2025-10-05T13:37:43+00:00","description":"Rendre l'interaction visible au quotidien : d\u00e9couvrez maintenant la publication avec la recherche et la pratique sur le mod\u00e8le Affolter\u00ae et appliquez-la en th\u00e9rapie !","breadcrumb":{"@id":"https:\/\/apwschweiz.ch\/shop\/buecher\/teil-ii-interaktion-im-alltag\/#breadcrumb"},"inLanguage":"fr-FR","potentialAction":[{"@type":"ReadAction","target":["https:\/\/apwschweiz.ch\/shop\/buecher\/teil-ii-interaktion-im-alltag\/"]}]},{"@type":"ImageObject","inLanguage":"fr-FR","@id":"https:\/\/apwschweiz.ch\/shop\/buecher\/teil-ii-interaktion-im-alltag\/#primaryimage","url":"https:\/\/apwschweiz.ch\/wp-content\/uploads\/2025\/06\/Interaktion-im-Alltag-APW-Schweiz.jpg","contentUrl":"https:\/\/apwschweiz.ch\/wp-content\/uploads\/2025\/06\/Interaktion-im-Alltag-APW-Schweiz.jpg","width":500,"height":705,"caption":"Interaktion im Alltag Cover"},{"@type":"BreadcrumbList","@id":"https:\/\/apwschweiz.ch\/shop\/buecher\/teil-ii-interaktion-im-alltag\/#breadcrumb","itemListElement":[{"@type":"ListItem","position":1,"name":"Startseite","item":"https:\/\/apwschweiz.ch\/"},{"@type":"ListItem","position":2,"name":"Shop","item":"https:\/\/apwschweiz.ch\/shop\/"},{"@type":"ListItem","position":3,"name":"B\u00fccher","item":"https:\/\/apwschweiz.ch\/produkt-kategorie\/buecher\/"},{"@type":"ListItem","position":4,"name":"Teil II: Interaktion im Alltag &#8211; wie erfassbar?"}]},{"@type":"WebSite","@id":"https:\/\/apwschweiz.ch\/#website","url":"https:\/\/apwschweiz.ch\/","name":"Communaut\u00e9 de travail par perception","description":"Ensemble pour les personnes souffrant de troubles de la perception","publisher":{"@id":"https:\/\/apwschweiz.ch\/#organization"},"alternateName":"APW Schweiz","potentialAction":[{"@type":"SearchAction","target":{"@type":"EntryPoint","urlTemplate":"https:\/\/apwschweiz.ch\/?s={search_term_string}"},"query-input":{"@type":"PropertyValueSpecification","valueRequired":true,"valueName":"search_term_string"}}],"inLanguage":"fr-FR"},{"@type":"Organization","@id":"https:\/\/apwschweiz.ch\/#organization","name":"Communaut\u00e9 de travail par perception","alternateName":"APW Schweiz","url":"https:\/\/apwschweiz.ch\/","logo":{"@type":"ImageObject","inLanguage":"fr-FR","@id":"https:\/\/apwschweiz.ch\/#\/schema\/logo\/image\/","url":"https:\/\/apwschweiz.ch\/wp-content\/uploads\/2025\/07\/APW-Logo-Quadrat.png","contentUrl":"https:\/\/apwschweiz.ch\/wp-content\/uploads\/2025\/07\/APW-Logo-Quadrat.png","width":500,"height":500,"caption":"Arbeitsgemeinschaft pro Wahrnehmung"},"image":{"@id":"https:\/\/apwschweiz.ch\/#\/schema\/logo\/image\/"},"sameAs":["https:\/\/www.facebook.com\/tauapw"]}]}},"_links":{"self":[{"href":"https:\/\/apwschweiz.ch\/fr\/wp-json\/wp\/v2\/product\/1431","targetHints":{"allow":["GET"]}}],"collection":[{"href":"https:\/\/apwschweiz.ch\/fr\/wp-json\/wp\/v2\/product"}],"about":[{"href":"https:\/\/apwschweiz.ch\/fr\/wp-json\/wp\/v2\/types\/product"}],"wp:featuredmedia":[{"embeddable":true,"href":"https:\/\/apwschweiz.ch\/fr\/wp-json\/wp\/v2\/media\/5339"}],"wp:attachment":[{"href":"https:\/\/apwschweiz.ch\/fr\/wp-json\/wp\/v2\/media?parent=1431"}],"wp:term":[{"taxonomy":"product_brand","embeddable":true,"href":"https:\/\/apwschweiz.ch\/fr\/wp-json\/wp\/v2\/product_brand?post=1431"},{"taxonomy":"product_cat","embeddable":true,"href":"https:\/\/apwschweiz.ch\/fr\/wp-json\/wp\/v2\/product_cat?post=1431"},{"taxonomy":"product_tag","embeddable":true,"href":"https:\/\/apwschweiz.ch\/fr\/wp-json\/wp\/v2\/product_tag?post=1431"},{"taxonomy":"zielgruppe","embeddable":true,"href":"https:\/\/apwschweiz.ch\/fr\/wp-json\/wp\/v2\/zielgruppe?post=1431"}],"curies":[{"name":"wp","href":"https:\/\/api.w.org\/{rel}","templated":true}]}}