{"id":1433,"date":"2025-06-03T17:40:44","date_gmt":"2025-06-03T17:40:44","guid":{"rendered":"https:\/\/apwschweiz.ch\/wordpress\/?post_type=product&#038;p=1433"},"modified":"2025-10-05T13:37:43","modified_gmt":"2025-10-05T13:37:43","slug":"partie-i-laction-recherchee-dans-la-realite","status":"publish","type":"product","link":"https:\/\/apwschweiz.ch\/fr\/shop\/buecher\/teil-i-gespuertes-wirken-in-der-wirklichkeit\/","title":{"rendered":"Partie I : L'action ressentie dans la r\u00e9alit\u00e9"},"content":{"rendered":"<p>Depuis quelques d\u00e9cennies, le \u201e mod\u00e8le racinaire de l'interaction ressentie \u201c est appliqu\u00e9 dans les domaines p\u00e9dagogique et clinique. La s\u00e9rie DE LA RACINE AUX RAMURES transmet des aspects importants issus du cercle probl\u00e9matique du passage \u201e de la racine aux ramures \u201c par le biais de travaux de recherche suppl\u00e9mentaires. La partie I, \u201e L'action ressentie dans la r\u00e9alit\u00e9 \u201c, constitue l'introduction \u00e0 la S\u00c9RIE. Sous l'angle de la RACINE, du R\u00c9PERTOIRE et des RAMURES, la question est soulev\u00e9e de savoir si le r\u00e9pertoire se construit gr\u00e2ce \u00e0 l'interaction sociale ou si, inversement, le r\u00e9pertoire, en tant que partie de l'interaction ressentie, constitue la base de l'interaction sociale. La partie I, \u201e L'action ressentie dans la r\u00e9alit\u00e9 \u201c, tente d'aborder cette question sur la base des r\u00e9sultats de la recherche.<\/p>","protected":false},"excerpt":{"rendered":"<p>La premi\u00e8re partie de la s\u00e9rie \u201e De la racine aux branches \u201c introduit le mod\u00e8le de la racine de l'interaction ressentie et explore la relation entre le r\u00e9pertoire et l'interaction sociale sur la base de recherches actuelles.<\/p>","protected":false},"featured_media":5340,"template":"","meta":{"_acf_changed":false},"product_brand":[],"product_cat":[43],"product_tag":[],"zielgruppe":[],"class_list":{"0":"post-1433","1":"product","2":"type-product","3":"status-publish","4":"has-post-thumbnail","6":"product_cat-buecher","7":"product_shipping_class-buch","9":"first","10":"instock","11":"shipping-taxable","12":"purchasable","13":"product-type-simple"},"acf":[],"yoast_head":"<!-- This site is optimized with the Yoast SEO plugin v27.4 - https:\/\/yoast.com\/product\/yoast-seo-wordpress\/ -->\n<title>Gesp\u00fcrtes Wirken \u2013 Teil I der Wurzel-Serie | APW Schweiz<\/title>\n<meta name=\"description\" content=\"Verstehen Sie das Wurzelmodell gesp\u00fcrter Interaktion neu. Jetzt Teil I der Serie als Buch entdecken und praxisnahe Forschung vertiefen!\" \/>\n<meta name=\"robots\" content=\"index, follow, max-snippet:-1, max-image-preview:large, max-video-preview:-1\" \/>\n<link rel=\"canonical\" href=\"https:\/\/apwschweiz.ch\/fr\/boutique\/buecher\/partie-i-laction-recherchee-dans-la-realite\/\" \/>\n<meta property=\"og:locale\" content=\"fr_FR\" \/>\n<meta property=\"og:type\" content=\"article\" \/>\n<meta property=\"og:title\" content=\"Gesp\u00fcrtes Wirken \u2013 Teil I der Wurzel-Serie | APW Schweiz\" \/>\n<meta property=\"og:description\" content=\"Verstehen Sie das Wurzelmodell gesp\u00fcrter Interaktion neu. Jetzt Teil I der Serie als Buch entdecken und praxisnahe Forschung vertiefen!\" \/>\n<meta property=\"og:url\" content=\"https:\/\/apwschweiz.ch\/fr\/boutique\/buecher\/partie-i-laction-recherchee-dans-la-realite\/\" \/>\n<meta property=\"og:site_name\" content=\"APW Schweiz\" \/>\n<meta property=\"article:publisher\" content=\"https:\/\/www.facebook.com\/tauapw\" \/>\n<meta property=\"article:modified_time\" content=\"2025-10-05T13:37:43+00:00\" \/>\n<meta property=\"og:image\" content=\"https:\/\/apwschweiz.ch\/wp-content\/uploads\/2025\/06\/Teil_1_Gespuertes_Wirken_in_der_Wirklichkeit-APW-Schweiz.jpg\" \/>\n\t<meta property=\"og:image:width\" content=\"800\" \/>\n\t<meta property=\"og:image:height\" content=\"1139\" \/>\n\t<meta property=\"og:image:type\" content=\"image\/jpeg\" \/>\n<meta name=\"twitter:card\" content=\"summary_large_image\" \/>\n<meta name=\"twitter:label1\" content=\"Dur\u00e9e de lecture estim\u00e9e\" \/>\n\t<meta name=\"twitter:data1\" content=\"1 minute\" \/>\n<script type=\"application\/ld+json\" class=\"yoast-schema-graph\">{\"@context\":\"https:\\\/\\\/schema.org\",\"@graph\":[{\"@type\":\"WebPage\",\"@id\":\"https:\\\/\\\/apwschweiz.ch\\\/shop\\\/buecher\\\/teil-i-gespuertes-wirken-in-der-wirklichkeit\\\/\",\"url\":\"https:\\\/\\\/apwschweiz.ch\\\/shop\\\/buecher\\\/teil-i-gespuertes-wirken-in-der-wirklichkeit\\\/\",\"name\":\"Gesp\u00fcrtes Wirken \u2013 Teil I der Wurzel-Serie | APW Schweiz\",\"isPartOf\":{\"@id\":\"https:\\\/\\\/apwschweiz.ch\\\/#website\"},\"primaryImageOfPage\":{\"@id\":\"https:\\\/\\\/apwschweiz.ch\\\/shop\\\/buecher\\\/teil-i-gespuertes-wirken-in-der-wirklichkeit\\\/#primaryimage\"},\"image\":{\"@id\":\"https:\\\/\\\/apwschweiz.ch\\\/shop\\\/buecher\\\/teil-i-gespuertes-wirken-in-der-wirklichkeit\\\/#primaryimage\"},\"thumbnailUrl\":\"https:\\\/\\\/apwschweiz.ch\\\/wp-content\\\/uploads\\\/2025\\\/06\\\/Teil_1_Gespuertes_Wirken_in_der_Wirklichkeit-APW-Schweiz.jpg\",\"datePublished\":\"2025-06-03T17:40:44+00:00\",\"dateModified\":\"2025-10-05T13:37:43+00:00\",\"description\":\"Verstehen Sie das Wurzelmodell gesp\u00fcrter Interaktion neu. Jetzt Teil I der Serie als Buch entdecken und praxisnahe Forschung vertiefen!\",\"breadcrumb\":{\"@id\":\"https:\\\/\\\/apwschweiz.ch\\\/shop\\\/buecher\\\/teil-i-gespuertes-wirken-in-der-wirklichkeit\\\/#breadcrumb\"},\"inLanguage\":\"fr-FR\",\"potentialAction\":[{\"@type\":\"ReadAction\",\"target\":[\"https:\\\/\\\/apwschweiz.ch\\\/shop\\\/buecher\\\/teil-i-gespuertes-wirken-in-der-wirklichkeit\\\/\"]}]},{\"@type\":\"ImageObject\",\"inLanguage\":\"fr-FR\",\"@id\":\"https:\\\/\\\/apwschweiz.ch\\\/shop\\\/buecher\\\/teil-i-gespuertes-wirken-in-der-wirklichkeit\\\/#primaryimage\",\"url\":\"https:\\\/\\\/apwschweiz.ch\\\/wp-content\\\/uploads\\\/2025\\\/06\\\/Teil_1_Gespuertes_Wirken_in_der_Wirklichkeit-APW-Schweiz.jpg\",\"contentUrl\":\"https:\\\/\\\/apwschweiz.ch\\\/wp-content\\\/uploads\\\/2025\\\/06\\\/Teil_1_Gespuertes_Wirken_in_der_Wirklichkeit-APW-Schweiz.jpg\",\"width\":800,\"height\":1139,\"caption\":\"Gesp\u00fcrtes Wirken in der Wirklichkeit Cover\"},{\"@type\":\"BreadcrumbList\",\"@id\":\"https:\\\/\\\/apwschweiz.ch\\\/shop\\\/buecher\\\/teil-i-gespuertes-wirken-in-der-wirklichkeit\\\/#breadcrumb\",\"itemListElement\":[{\"@type\":\"ListItem\",\"position\":1,\"name\":\"Startseite\",\"item\":\"https:\\\/\\\/apwschweiz.ch\\\/\"},{\"@type\":\"ListItem\",\"position\":2,\"name\":\"Shop\",\"item\":\"https:\\\/\\\/apwschweiz.ch\\\/shop\\\/\"},{\"@type\":\"ListItem\",\"position\":3,\"name\":\"B\u00fccher\",\"item\":\"https:\\\/\\\/apwschweiz.ch\\\/produkt-kategorie\\\/buecher\\\/\"},{\"@type\":\"ListItem\",\"position\":4,\"name\":\"Teil I: Gesp\u00fcrtes Wirken in der Wirklichkeit\"}]},{\"@type\":\"WebSite\",\"@id\":\"https:\\\/\\\/apwschweiz.ch\\\/#website\",\"url\":\"https:\\\/\\\/apwschweiz.ch\\\/\",\"name\":\"Arbeitsgemeinschaft pro Wahrnehmung\",\"description\":\"Gemeinsam f\u00fcr Menschen mit Wahrnehmungs\u00adst\u00f6rungen\",\"publisher\":{\"@id\":\"https:\\\/\\\/apwschweiz.ch\\\/#organization\"},\"alternateName\":\"APW Schweiz\",\"potentialAction\":[{\"@type\":\"SearchAction\",\"target\":{\"@type\":\"EntryPoint\",\"urlTemplate\":\"https:\\\/\\\/apwschweiz.ch\\\/?s={search_term_string}\"},\"query-input\":{\"@type\":\"PropertyValueSpecification\",\"valueRequired\":true,\"valueName\":\"search_term_string\"}}],\"inLanguage\":\"fr-FR\"},{\"@type\":\"Organization\",\"@id\":\"https:\\\/\\\/apwschweiz.ch\\\/#organization\",\"name\":\"Arbeitsgemeinschaft pro Wahrnehmung\",\"alternateName\":\"APW Schweiz\",\"url\":\"https:\\\/\\\/apwschweiz.ch\\\/\",\"logo\":{\"@type\":\"ImageObject\",\"inLanguage\":\"fr-FR\",\"@id\":\"https:\\\/\\\/apwschweiz.ch\\\/#\\\/schema\\\/logo\\\/image\\\/\",\"url\":\"https:\\\/\\\/apwschweiz.ch\\\/wp-content\\\/uploads\\\/2025\\\/07\\\/APW-Logo-Quadrat.png\",\"contentUrl\":\"https:\\\/\\\/apwschweiz.ch\\\/wp-content\\\/uploads\\\/2025\\\/07\\\/APW-Logo-Quadrat.png\",\"width\":500,\"height\":500,\"caption\":\"Arbeitsgemeinschaft pro Wahrnehmung\"},\"image\":{\"@id\":\"https:\\\/\\\/apwschweiz.ch\\\/#\\\/schema\\\/logo\\\/image\\\/\"},\"sameAs\":[\"https:\\\/\\\/www.facebook.com\\\/tauapw\"]}]}<\/script>\n<!-- \/ Yoast SEO plugin. -->","yoast_head_json":{"title":"Action ressentie \u2013 Partie I de la s\u00e9rie Racine | APW Suisse","description":"Red\u00e9couvrez le mod\u00e8le racine de l'interaction ressentie. D\u00e9couvrez d\u00e8s maintenant le premier tome de la s\u00e9rie en livre et approfondissez la recherche pratique !","robots":{"index":"index","follow":"follow","max-snippet":"max-snippet:-1","max-image-preview":"max-image-preview:large","max-video-preview":"max-video-preview:-1"},"canonical":"https:\/\/apwschweiz.ch\/fr\/boutique\/buecher\/partie-i-laction-recherchee-dans-la-realite\/","og_locale":"fr_FR","og_type":"article","og_title":"Gesp\u00fcrtes Wirken \u2013 Teil I der Wurzel-Serie | APW Schweiz","og_description":"Verstehen Sie das Wurzelmodell gesp\u00fcrter Interaktion neu. Jetzt Teil I der Serie als Buch entdecken und praxisnahe Forschung vertiefen!","og_url":"https:\/\/apwschweiz.ch\/fr\/boutique\/buecher\/partie-i-laction-recherchee-dans-la-realite\/","og_site_name":"APW Schweiz","article_publisher":"https:\/\/www.facebook.com\/tauapw","article_modified_time":"2025-10-05T13:37:43+00:00","og_image":[{"width":800,"height":1139,"url":"https:\/\/apwschweiz.ch\/wp-content\/uploads\/2025\/06\/Teil_1_Gespuertes_Wirken_in_der_Wirklichkeit-APW-Schweiz.jpg","type":"image\/jpeg"}],"twitter_card":"summary_large_image","twitter_misc":{"Dur\u00e9e de lecture estim\u00e9e":"1 minute"},"schema":{"@context":"https:\/\/schema.org","@graph":[{"@type":"WebPage","@id":"https:\/\/apwschweiz.ch\/shop\/buecher\/teil-i-gespuertes-wirken-in-der-wirklichkeit\/","url":"https:\/\/apwschweiz.ch\/shop\/buecher\/teil-i-gespuertes-wirken-in-der-wirklichkeit\/","name":"Action ressentie \u2013 Partie I de la s\u00e9rie Racine | APW Suisse","isPartOf":{"@id":"https:\/\/apwschweiz.ch\/#website"},"primaryImageOfPage":{"@id":"https:\/\/apwschweiz.ch\/shop\/buecher\/teil-i-gespuertes-wirken-in-der-wirklichkeit\/#primaryimage"},"image":{"@id":"https:\/\/apwschweiz.ch\/shop\/buecher\/teil-i-gespuertes-wirken-in-der-wirklichkeit\/#primaryimage"},"thumbnailUrl":"https:\/\/apwschweiz.ch\/wp-content\/uploads\/2025\/06\/Teil_1_Gespuertes_Wirken_in_der_Wirklichkeit-APW-Schweiz.jpg","datePublished":"2025-06-03T17:40:44+00:00","dateModified":"2025-10-05T13:37:43+00:00","description":"Red\u00e9couvrez le mod\u00e8le racine de l'interaction ressentie. D\u00e9couvrez d\u00e8s maintenant le premier tome de la s\u00e9rie en livre et approfondissez la recherche pratique !","breadcrumb":{"@id":"https:\/\/apwschweiz.ch\/shop\/buecher\/teil-i-gespuertes-wirken-in-der-wirklichkeit\/#breadcrumb"},"inLanguage":"fr-FR","potentialAction":[{"@type":"ReadAction","target":["https:\/\/apwschweiz.ch\/shop\/buecher\/teil-i-gespuertes-wirken-in-der-wirklichkeit\/"]}]},{"@type":"ImageObject","inLanguage":"fr-FR","@id":"https:\/\/apwschweiz.ch\/shop\/buecher\/teil-i-gespuertes-wirken-in-der-wirklichkeit\/#primaryimage","url":"https:\/\/apwschweiz.ch\/wp-content\/uploads\/2025\/06\/Teil_1_Gespuertes_Wirken_in_der_Wirklichkeit-APW-Schweiz.jpg","contentUrl":"https:\/\/apwschweiz.ch\/wp-content\/uploads\/2025\/06\/Teil_1_Gespuertes_Wirken_in_der_Wirklichkeit-APW-Schweiz.jpg","width":800,"height":1139,"caption":"Gesp\u00fcrtes Wirken in der Wirklichkeit Cover"},{"@type":"BreadcrumbList","@id":"https:\/\/apwschweiz.ch\/shop\/buecher\/teil-i-gespuertes-wirken-in-der-wirklichkeit\/#breadcrumb","itemListElement":[{"@type":"ListItem","position":1,"name":"Startseite","item":"https:\/\/apwschweiz.ch\/"},{"@type":"ListItem","position":2,"name":"Shop","item":"https:\/\/apwschweiz.ch\/shop\/"},{"@type":"ListItem","position":3,"name":"B\u00fccher","item":"https:\/\/apwschweiz.ch\/produkt-kategorie\/buecher\/"},{"@type":"ListItem","position":4,"name":"Teil I: Gesp\u00fcrtes Wirken in der Wirklichkeit"}]},{"@type":"WebSite","@id":"https:\/\/apwschweiz.ch\/#website","url":"https:\/\/apwschweiz.ch\/","name":"Communaut\u00e9 de travail par perception","description":"Ensemble pour les personnes souffrant de troubles de la perception","publisher":{"@id":"https:\/\/apwschweiz.ch\/#organization"},"alternateName":"APW Schweiz","potentialAction":[{"@type":"SearchAction","target":{"@type":"EntryPoint","urlTemplate":"https:\/\/apwschweiz.ch\/?s={search_term_string}"},"query-input":{"@type":"PropertyValueSpecification","valueRequired":true,"valueName":"search_term_string"}}],"inLanguage":"fr-FR"},{"@type":"Organization","@id":"https:\/\/apwschweiz.ch\/#organization","name":"Communaut\u00e9 de travail par perception","alternateName":"APW Schweiz","url":"https:\/\/apwschweiz.ch\/","logo":{"@type":"ImageObject","inLanguage":"fr-FR","@id":"https:\/\/apwschweiz.ch\/#\/schema\/logo\/image\/","url":"https:\/\/apwschweiz.ch\/wp-content\/uploads\/2025\/07\/APW-Logo-Quadrat.png","contentUrl":"https:\/\/apwschweiz.ch\/wp-content\/uploads\/2025\/07\/APW-Logo-Quadrat.png","width":500,"height":500,"caption":"Arbeitsgemeinschaft pro Wahrnehmung"},"image":{"@id":"https:\/\/apwschweiz.ch\/#\/schema\/logo\/image\/"},"sameAs":["https:\/\/www.facebook.com\/tauapw"]}]}},"_links":{"self":[{"href":"https:\/\/apwschweiz.ch\/fr\/wp-json\/wp\/v2\/product\/1433","targetHints":{"allow":["GET"]}}],"collection":[{"href":"https:\/\/apwschweiz.ch\/fr\/wp-json\/wp\/v2\/product"}],"about":[{"href":"https:\/\/apwschweiz.ch\/fr\/wp-json\/wp\/v2\/types\/product"}],"wp:featuredmedia":[{"embeddable":true,"href":"https:\/\/apwschweiz.ch\/fr\/wp-json\/wp\/v2\/media\/5340"}],"wp:attachment":[{"href":"https:\/\/apwschweiz.ch\/fr\/wp-json\/wp\/v2\/media?parent=1433"}],"wp:term":[{"taxonomy":"product_brand","embeddable":true,"href":"https:\/\/apwschweiz.ch\/fr\/wp-json\/wp\/v2\/product_brand?post=1433"},{"taxonomy":"product_cat","embeddable":true,"href":"https:\/\/apwschweiz.ch\/fr\/wp-json\/wp\/v2\/product_cat?post=1433"},{"taxonomy":"product_tag","embeddable":true,"href":"https:\/\/apwschweiz.ch\/fr\/wp-json\/wp\/v2\/product_tag?post=1433"},{"taxonomy":"zielgruppe","embeddable":true,"href":"https:\/\/apwschweiz.ch\/fr\/wp-json\/wp\/v2\/zielgruppe?post=1433"}],"curies":[{"name":"wp","href":"https:\/\/api.w.org\/{rel}","templated":true}]}}