{"id":1437,"date":"2025-06-03T18:00:21","date_gmt":"2025-06-03T18:00:21","guid":{"rendered":"https:\/\/apwschweiz.ch\/wordpress\/?post_type=product&#038;p=1437"},"modified":"2025-10-05T13:37:43","modified_gmt":"2025-10-05T13:37:43","slug":"prisonnier-dans-son-propre-corps-voies-de-solution","status":"publish","type":"product","link":"https:\/\/apwschweiz.ch\/fr\/shop\/buecher\/gefangen-im-eigenen-koerper-loesungswege\/","title":{"rendered":"\u201ePrisonnier de son propre corps\u201c Solutions"},"content":{"rendered":"<p>Publication du deuxi\u00e8me symposium de Burgau 1999.<br \/>\nAxes th\u00e9matiques : Soins aigus apr\u00e8s l\u00e9sions c\u00e9r\u00e9brales graves, mouvement, respiration, alimentation, communication, activit\u00e9s de la vie quotidienne (en particulier le mod\u00e8le Affolter\u00ae), gestion de la qualit\u00e9, soins primaires<\/p>","protected":false},"excerpt":{"rendered":"<p>Cette publication du 2e Symposium de Burgau en 1999 explore les th\u00e8mes centraux de la r\u00e9adaptation neurologique, des soins aigus \u00e0 la communication quotidienne. Elle met l'accent sur le mod\u00e8le Affolter\u00ae, le Primary Nursing et la gestion de la qualit\u00e9.<\/p>","protected":false},"featured_media":5317,"template":"","meta":{"_acf_changed":false},"product_brand":[],"product_cat":[43],"product_tag":[],"zielgruppe":[],"class_list":{"0":"post-1437","1":"product","2":"type-product","3":"status-publish","4":"has-post-thumbnail","6":"product_cat-buecher","7":"product_shipping_class-buch","9":"first","10":"instock","11":"shipping-taxable","12":"purchasable","13":"product-type-simple"},"acf":[],"yoast_head":"<!-- This site is optimized with the Yoast SEO plugin v27.4 - https:\/\/yoast.com\/product\/yoast-seo-wordpress\/ -->\n<title>Gefangen im eigenen K\u00f6rper: L\u00f6sungswege | APW Schweiz<\/title>\n<meta name=\"description\" content=\"Akutversorgung, Alltagshandlungen &amp; Affolter-Modell\u00ae praxisnah erkl\u00e4rt. Jetzt Symposiums-Publikation sichern!\" \/>\n<meta name=\"robots\" content=\"index, follow, max-snippet:-1, max-image-preview:large, max-video-preview:-1\" \/>\n<link rel=\"canonical\" href=\"https:\/\/apwschweiz.ch\/fr\/boutique\/buecher\/prisonnier-dans-son-propre-corps-voies-de-solution\/\" \/>\n<meta property=\"og:locale\" content=\"fr_FR\" \/>\n<meta property=\"og:type\" content=\"article\" \/>\n<meta property=\"og:title\" content=\"Gefangen im eigenen K\u00f6rper: L\u00f6sungswege | APW Schweiz\" \/>\n<meta property=\"og:description\" content=\"Akutversorgung, Alltagshandlungen &amp; Affolter-Modell\u00ae praxisnah erkl\u00e4rt. Jetzt Symposiums-Publikation sichern!\" \/>\n<meta property=\"og:url\" content=\"https:\/\/apwschweiz.ch\/fr\/boutique\/buecher\/prisonnier-dans-son-propre-corps-voies-de-solution\/\" \/>\n<meta property=\"og:site_name\" content=\"APW Schweiz\" \/>\n<meta property=\"article:publisher\" content=\"https:\/\/www.facebook.com\/tauapw\" \/>\n<meta property=\"article:modified_time\" content=\"2025-10-05T13:37:43+00:00\" \/>\n<meta property=\"og:image\" content=\"https:\/\/apwschweiz.ch\/wp-content\/uploads\/2025\/08\/Gefangen_im_eigenenKoerper-APW-Schweiz.jpg\" \/>\n\t<meta property=\"og:image:width\" content=\"220\" \/>\n\t<meta property=\"og:image:height\" content=\"319\" \/>\n\t<meta property=\"og:image:type\" content=\"image\/jpeg\" \/>\n<meta name=\"twitter:card\" content=\"summary_large_image\" \/>\n<meta name=\"twitter:label1\" content=\"Dur\u00e9e de lecture estim\u00e9e\" \/>\n\t<meta name=\"twitter:data1\" content=\"1 minute\" \/>\n<script type=\"application\/ld+json\" class=\"yoast-schema-graph\">{\"@context\":\"https:\\\/\\\/schema.org\",\"@graph\":[{\"@type\":\"WebPage\",\"@id\":\"https:\\\/\\\/apwschweiz.ch\\\/shop\\\/buecher\\\/gefangen-im-eigenen-koerper-loesungswege\\\/\",\"url\":\"https:\\\/\\\/apwschweiz.ch\\\/shop\\\/buecher\\\/gefangen-im-eigenen-koerper-loesungswege\\\/\",\"name\":\"Gefangen im eigenen K\u00f6rper: L\u00f6sungswege | APW Schweiz\",\"isPartOf\":{\"@id\":\"https:\\\/\\\/apwschweiz.ch\\\/#website\"},\"primaryImageOfPage\":{\"@id\":\"https:\\\/\\\/apwschweiz.ch\\\/shop\\\/buecher\\\/gefangen-im-eigenen-koerper-loesungswege\\\/#primaryimage\"},\"image\":{\"@id\":\"https:\\\/\\\/apwschweiz.ch\\\/shop\\\/buecher\\\/gefangen-im-eigenen-koerper-loesungswege\\\/#primaryimage\"},\"thumbnailUrl\":\"https:\\\/\\\/apwschweiz.ch\\\/wp-content\\\/uploads\\\/2025\\\/08\\\/Gefangen_im_eigenenKoerper-APW-Schweiz.jpg\",\"datePublished\":\"2025-06-03T18:00:21+00:00\",\"dateModified\":\"2025-10-05T13:37:43+00:00\",\"description\":\"Akutversorgung, Alltagshandlungen &amp; Affolter-Modell\u00ae praxisnah erkl\u00e4rt. Jetzt Symposiums-Publikation sichern!\",\"breadcrumb\":{\"@id\":\"https:\\\/\\\/apwschweiz.ch\\\/shop\\\/buecher\\\/gefangen-im-eigenen-koerper-loesungswege\\\/#breadcrumb\"},\"inLanguage\":\"fr-FR\",\"potentialAction\":[{\"@type\":\"ReadAction\",\"target\":[\"https:\\\/\\\/apwschweiz.ch\\\/shop\\\/buecher\\\/gefangen-im-eigenen-koerper-loesungswege\\\/\"]}]},{\"@type\":\"ImageObject\",\"inLanguage\":\"fr-FR\",\"@id\":\"https:\\\/\\\/apwschweiz.ch\\\/shop\\\/buecher\\\/gefangen-im-eigenen-koerper-loesungswege\\\/#primaryimage\",\"url\":\"https:\\\/\\\/apwschweiz.ch\\\/wp-content\\\/uploads\\\/2025\\\/08\\\/Gefangen_im_eigenenKoerper-APW-Schweiz.jpg\",\"contentUrl\":\"https:\\\/\\\/apwschweiz.ch\\\/wp-content\\\/uploads\\\/2025\\\/08\\\/Gefangen_im_eigenenKoerper-APW-Schweiz.jpg\",\"width\":220,\"height\":319,\"caption\":\"Buch Gefangen im eigenen K\u00f6rper\"},{\"@type\":\"BreadcrumbList\",\"@id\":\"https:\\\/\\\/apwschweiz.ch\\\/shop\\\/buecher\\\/gefangen-im-eigenen-koerper-loesungswege\\\/#breadcrumb\",\"itemListElement\":[{\"@type\":\"ListItem\",\"position\":1,\"name\":\"Startseite\",\"item\":\"https:\\\/\\\/apwschweiz.ch\\\/\"},{\"@type\":\"ListItem\",\"position\":2,\"name\":\"Shop\",\"item\":\"https:\\\/\\\/apwschweiz.ch\\\/shop\\\/\"},{\"@type\":\"ListItem\",\"position\":3,\"name\":\"B\u00fccher\",\"item\":\"https:\\\/\\\/apwschweiz.ch\\\/produkt-kategorie\\\/buecher\\\/\"},{\"@type\":\"ListItem\",\"position\":4,\"name\":\"&#8222;Gefangen im eigenen K\u00f6rper&#8220; L\u00f6sungswege\"}]},{\"@type\":\"WebSite\",\"@id\":\"https:\\\/\\\/apwschweiz.ch\\\/#website\",\"url\":\"https:\\\/\\\/apwschweiz.ch\\\/\",\"name\":\"Arbeitsgemeinschaft pro Wahrnehmung\",\"description\":\"Gemeinsam f\u00fcr Menschen mit Wahrnehmungs\u00adst\u00f6rungen\",\"publisher\":{\"@id\":\"https:\\\/\\\/apwschweiz.ch\\\/#organization\"},\"alternateName\":\"APW Schweiz\",\"potentialAction\":[{\"@type\":\"SearchAction\",\"target\":{\"@type\":\"EntryPoint\",\"urlTemplate\":\"https:\\\/\\\/apwschweiz.ch\\\/?s={search_term_string}\"},\"query-input\":{\"@type\":\"PropertyValueSpecification\",\"valueRequired\":true,\"valueName\":\"search_term_string\"}}],\"inLanguage\":\"fr-FR\"},{\"@type\":\"Organization\",\"@id\":\"https:\\\/\\\/apwschweiz.ch\\\/#organization\",\"name\":\"Arbeitsgemeinschaft pro Wahrnehmung\",\"alternateName\":\"APW Schweiz\",\"url\":\"https:\\\/\\\/apwschweiz.ch\\\/\",\"logo\":{\"@type\":\"ImageObject\",\"inLanguage\":\"fr-FR\",\"@id\":\"https:\\\/\\\/apwschweiz.ch\\\/#\\\/schema\\\/logo\\\/image\\\/\",\"url\":\"https:\\\/\\\/apwschweiz.ch\\\/wp-content\\\/uploads\\\/2025\\\/07\\\/APW-Logo-Quadrat.png\",\"contentUrl\":\"https:\\\/\\\/apwschweiz.ch\\\/wp-content\\\/uploads\\\/2025\\\/07\\\/APW-Logo-Quadrat.png\",\"width\":500,\"height\":500,\"caption\":\"Arbeitsgemeinschaft pro Wahrnehmung\"},\"image\":{\"@id\":\"https:\\\/\\\/apwschweiz.ch\\\/#\\\/schema\\\/logo\\\/image\\\/\"},\"sameAs\":[\"https:\\\/\\\/www.facebook.com\\\/tauapw\"]}]}<\/script>\n<!-- \/ Yoast SEO plugin. -->","yoast_head_json":{"title":"Pi\u00e9g\u00e9 dans son propre corps\u00a0: pistes de r\u00e9flexion | APW Suisse","description":"Soins d'urgence, activit\u00e9s quotidiennes et mod\u00e8le Affolter\u00ae expliqu\u00e9s de mani\u00e8re pratique. Assurez-vous d\u00e8s maintenant votre publication du symposium !","robots":{"index":"index","follow":"follow","max-snippet":"max-snippet:-1","max-image-preview":"max-image-preview:large","max-video-preview":"max-video-preview:-1"},"canonical":"https:\/\/apwschweiz.ch\/fr\/boutique\/buecher\/prisonnier-dans-son-propre-corps-voies-de-solution\/","og_locale":"fr_FR","og_type":"article","og_title":"Gefangen im eigenen K\u00f6rper: L\u00f6sungswege | APW Schweiz","og_description":"Akutversorgung, Alltagshandlungen &amp; Affolter-Modell\u00ae praxisnah erkl\u00e4rt. Jetzt Symposiums-Publikation sichern!","og_url":"https:\/\/apwschweiz.ch\/fr\/boutique\/buecher\/prisonnier-dans-son-propre-corps-voies-de-solution\/","og_site_name":"APW Schweiz","article_publisher":"https:\/\/www.facebook.com\/tauapw","article_modified_time":"2025-10-05T13:37:43+00:00","og_image":[{"width":220,"height":319,"url":"https:\/\/apwschweiz.ch\/wp-content\/uploads\/2025\/08\/Gefangen_im_eigenenKoerper-APW-Schweiz.jpg","type":"image\/jpeg"}],"twitter_card":"summary_large_image","twitter_misc":{"Dur\u00e9e de lecture estim\u00e9e":"1 minute"},"schema":{"@context":"https:\/\/schema.org","@graph":[{"@type":"WebPage","@id":"https:\/\/apwschweiz.ch\/shop\/buecher\/gefangen-im-eigenen-koerper-loesungswege\/","url":"https:\/\/apwschweiz.ch\/shop\/buecher\/gefangen-im-eigenen-koerper-loesungswege\/","name":"Pi\u00e9g\u00e9 dans son propre corps\u00a0: pistes de r\u00e9flexion | APW Suisse","isPartOf":{"@id":"https:\/\/apwschweiz.ch\/#website"},"primaryImageOfPage":{"@id":"https:\/\/apwschweiz.ch\/shop\/buecher\/gefangen-im-eigenen-koerper-loesungswege\/#primaryimage"},"image":{"@id":"https:\/\/apwschweiz.ch\/shop\/buecher\/gefangen-im-eigenen-koerper-loesungswege\/#primaryimage"},"thumbnailUrl":"https:\/\/apwschweiz.ch\/wp-content\/uploads\/2025\/08\/Gefangen_im_eigenenKoerper-APW-Schweiz.jpg","datePublished":"2025-06-03T18:00:21+00:00","dateModified":"2025-10-05T13:37:43+00:00","description":"Soins d'urgence, activit\u00e9s quotidiennes et mod\u00e8le Affolter\u00ae expliqu\u00e9s de mani\u00e8re pratique. Assurez-vous d\u00e8s maintenant votre publication du symposium !","breadcrumb":{"@id":"https:\/\/apwschweiz.ch\/shop\/buecher\/gefangen-im-eigenen-koerper-loesungswege\/#breadcrumb"},"inLanguage":"fr-FR","potentialAction":[{"@type":"ReadAction","target":["https:\/\/apwschweiz.ch\/shop\/buecher\/gefangen-im-eigenen-koerper-loesungswege\/"]}]},{"@type":"ImageObject","inLanguage":"fr-FR","@id":"https:\/\/apwschweiz.ch\/shop\/buecher\/gefangen-im-eigenen-koerper-loesungswege\/#primaryimage","url":"https:\/\/apwschweiz.ch\/wp-content\/uploads\/2025\/08\/Gefangen_im_eigenenKoerper-APW-Schweiz.jpg","contentUrl":"https:\/\/apwschweiz.ch\/wp-content\/uploads\/2025\/08\/Gefangen_im_eigenenKoerper-APW-Schweiz.jpg","width":220,"height":319,"caption":"Buch Gefangen im eigenen K\u00f6rper"},{"@type":"BreadcrumbList","@id":"https:\/\/apwschweiz.ch\/shop\/buecher\/gefangen-im-eigenen-koerper-loesungswege\/#breadcrumb","itemListElement":[{"@type":"ListItem","position":1,"name":"Startseite","item":"https:\/\/apwschweiz.ch\/"},{"@type":"ListItem","position":2,"name":"Shop","item":"https:\/\/apwschweiz.ch\/shop\/"},{"@type":"ListItem","position":3,"name":"B\u00fccher","item":"https:\/\/apwschweiz.ch\/produkt-kategorie\/buecher\/"},{"@type":"ListItem","position":4,"name":"&#8222;Gefangen im eigenen K\u00f6rper&#8220; L\u00f6sungswege"}]},{"@type":"WebSite","@id":"https:\/\/apwschweiz.ch\/#website","url":"https:\/\/apwschweiz.ch\/","name":"Communaut\u00e9 de travail par perception","description":"Ensemble pour les personnes souffrant de troubles de la perception","publisher":{"@id":"https:\/\/apwschweiz.ch\/#organization"},"alternateName":"APW Schweiz","potentialAction":[{"@type":"SearchAction","target":{"@type":"EntryPoint","urlTemplate":"https:\/\/apwschweiz.ch\/?s={search_term_string}"},"query-input":{"@type":"PropertyValueSpecification","valueRequired":true,"valueName":"search_term_string"}}],"inLanguage":"fr-FR"},{"@type":"Organization","@id":"https:\/\/apwschweiz.ch\/#organization","name":"Communaut\u00e9 de travail par perception","alternateName":"APW Schweiz","url":"https:\/\/apwschweiz.ch\/","logo":{"@type":"ImageObject","inLanguage":"fr-FR","@id":"https:\/\/apwschweiz.ch\/#\/schema\/logo\/image\/","url":"https:\/\/apwschweiz.ch\/wp-content\/uploads\/2025\/07\/APW-Logo-Quadrat.png","contentUrl":"https:\/\/apwschweiz.ch\/wp-content\/uploads\/2025\/07\/APW-Logo-Quadrat.png","width":500,"height":500,"caption":"Arbeitsgemeinschaft pro Wahrnehmung"},"image":{"@id":"https:\/\/apwschweiz.ch\/#\/schema\/logo\/image\/"},"sameAs":["https:\/\/www.facebook.com\/tauapw"]}]}},"_links":{"self":[{"href":"https:\/\/apwschweiz.ch\/fr\/wp-json\/wp\/v2\/product\/1437","targetHints":{"allow":["GET"]}}],"collection":[{"href":"https:\/\/apwschweiz.ch\/fr\/wp-json\/wp\/v2\/product"}],"about":[{"href":"https:\/\/apwschweiz.ch\/fr\/wp-json\/wp\/v2\/types\/product"}],"wp:featuredmedia":[{"embeddable":true,"href":"https:\/\/apwschweiz.ch\/fr\/wp-json\/wp\/v2\/media\/5317"}],"wp:attachment":[{"href":"https:\/\/apwschweiz.ch\/fr\/wp-json\/wp\/v2\/media?parent=1437"}],"wp:term":[{"taxonomy":"product_brand","embeddable":true,"href":"https:\/\/apwschweiz.ch\/fr\/wp-json\/wp\/v2\/product_brand?post=1437"},{"taxonomy":"product_cat","embeddable":true,"href":"https:\/\/apwschweiz.ch\/fr\/wp-json\/wp\/v2\/product_cat?post=1437"},{"taxonomy":"product_tag","embeddable":true,"href":"https:\/\/apwschweiz.ch\/fr\/wp-json\/wp\/v2\/product_tag?post=1437"},{"taxonomy":"zielgruppe","embeddable":true,"href":"https:\/\/apwschweiz.ch\/fr\/wp-json\/wp\/v2\/zielgruppe?post=1437"}],"curies":[{"name":"wp","href":"https:\/\/api.w.org\/{rel}","templated":true}]}}