{"id":1439,"date":"2025-06-04T10:33:00","date_gmt":"2025-06-04T10:33:00","guid":{"rendered":"https:\/\/apwschweiz.ch\/wordpress\/?post_type=product&#038;p=1439"},"modified":"2025-10-05T13:37:43","modified_gmt":"2025-10-05T13:37:43","slug":"racines-tome-54","status":"publish","type":"product","link":"https:\/\/apwschweiz.ch\/fr\/shop\/buecher\/wurzelwerk-band-54\/","title":{"rendered":"Racines"},"content":{"rendered":"<p>\u00c0 l'aide de nombreux exemples, dont beaucoup sont document\u00e9s sur le DVD inclus, l'ouvrage \"Wurzelwerk\" compare et analyse le d\u00e9veloppement linguistique et physique d'enfants normaux et d'enfants atteints de troubles sensoriels et de la parole. Les connaissances ainsi acquises sont appliqu\u00e9es au travail de r\u00e9adaptation aupr\u00e8s de personnes atteintes de d\u00e9ficiences sensorielles et de la parole (par exemple, les patients souffrant de traumatismes cr\u00e2niens).<\/p>","protected":false},"excerpt":{"rendered":"<p>Le volume 54 de la s\u00e9rie \"Wurzel\" analyse, \u00e0 l'aide de nombreux exemples, le d\u00e9veloppement linguistique et physique d'enfants avec et sans handicaps. Les connaissances acquises sont appliqu\u00e9es au travail de r\u00e9\u00e9ducation \u2013 par exemple pour les traumatismes cr\u00e2niens. DVD inclus avec mat\u00e9riel vid\u00e9o.<\/p>","protected":false},"featured_media":5328,"template":"","meta":{"_acf_changed":false},"product_brand":[],"product_cat":[43],"product_tag":[],"zielgruppe":[],"class_list":{"0":"post-1439","1":"product","2":"type-product","3":"status-publish","4":"has-post-thumbnail","6":"product_cat-buecher","7":"product_shipping_class-buch","9":"first","10":"instock","11":"shipping-taxable","12":"purchasable","13":"product-type-simple"},"acf":[],"yoast_head":"<!-- This site is optimized with the Yoast SEO plugin v27.4 - https:\/\/yoast.com\/product\/yoast-seo-wordpress\/ -->\n<title>Wurzelwerk: Entwicklung &amp; Reha verstehen | APW Schweiz<\/title>\n<meta name=\"description\" content=\"Sprach- &amp; Bewegungsentwicklung verstehen, Reha besser gestalten. Jetzt Wurzelwerk Band 54 mit Beispielen &amp; DVD entdecken!\" \/>\n<meta name=\"robots\" content=\"index, follow, max-snippet:-1, max-image-preview:large, max-video-preview:-1\" \/>\n<link rel=\"canonical\" href=\"https:\/\/apwschweiz.ch\/fr\/boutique\/buecher\/racines-tome-54\/\" \/>\n<meta property=\"og:locale\" content=\"fr_FR\" \/>\n<meta property=\"og:type\" content=\"article\" \/>\n<meta property=\"og:title\" content=\"Wurzelwerk: Entwicklung &amp; Reha verstehen | APW Schweiz\" \/>\n<meta property=\"og:description\" content=\"Sprach- &amp; Bewegungsentwicklung verstehen, Reha besser gestalten. Jetzt Wurzelwerk Band 54 mit Beispielen &amp; DVD entdecken!\" \/>\n<meta property=\"og:url\" content=\"https:\/\/apwschweiz.ch\/fr\/boutique\/buecher\/racines-tome-54\/\" \/>\n<meta property=\"og:site_name\" content=\"APW Schweiz\" \/>\n<meta property=\"article:publisher\" content=\"https:\/\/www.facebook.com\/tauapw\" \/>\n<meta property=\"article:modified_time\" content=\"2025-10-05T13:37:43+00:00\" \/>\n<meta property=\"og:image\" content=\"https:\/\/apwschweiz.ch\/wp-content\/uploads\/2025\/06\/Wurzelwerk-APW-Schweiz.jpg\" \/>\n\t<meta property=\"og:image:width\" content=\"400\" \/>\n\t<meta property=\"og:image:height\" content=\"564\" \/>\n\t<meta property=\"og:image:type\" content=\"image\/jpeg\" \/>\n<meta name=\"twitter:card\" content=\"summary_large_image\" \/>\n<meta name=\"twitter:label1\" content=\"Dur\u00e9e de lecture estim\u00e9e\" \/>\n\t<meta name=\"twitter:data1\" content=\"1 minute\" \/>\n<script type=\"application\/ld+json\" class=\"yoast-schema-graph\">{\"@context\":\"https:\\\/\\\/schema.org\",\"@graph\":[{\"@type\":\"WebPage\",\"@id\":\"https:\\\/\\\/apwschweiz.ch\\\/shop\\\/buecher\\\/wurzelwerk-band-54\\\/\",\"url\":\"https:\\\/\\\/apwschweiz.ch\\\/shop\\\/buecher\\\/wurzelwerk-band-54\\\/\",\"name\":\"Wurzelwerk: Entwicklung &amp; Reha verstehen | APW Schweiz\",\"isPartOf\":{\"@id\":\"https:\\\/\\\/apwschweiz.ch\\\/#website\"},\"primaryImageOfPage\":{\"@id\":\"https:\\\/\\\/apwschweiz.ch\\\/shop\\\/buecher\\\/wurzelwerk-band-54\\\/#primaryimage\"},\"image\":{\"@id\":\"https:\\\/\\\/apwschweiz.ch\\\/shop\\\/buecher\\\/wurzelwerk-band-54\\\/#primaryimage\"},\"thumbnailUrl\":\"https:\\\/\\\/apwschweiz.ch\\\/wp-content\\\/uploads\\\/2025\\\/06\\\/Wurzelwerk-APW-Schweiz.jpg\",\"datePublished\":\"2025-06-04T10:33:00+00:00\",\"dateModified\":\"2025-10-05T13:37:43+00:00\",\"description\":\"Sprach- &amp; Bewegungsentwicklung verstehen, Reha besser gestalten. Jetzt Wurzelwerk Band 54 mit Beispielen &amp; DVD entdecken!\",\"breadcrumb\":{\"@id\":\"https:\\\/\\\/apwschweiz.ch\\\/shop\\\/buecher\\\/wurzelwerk-band-54\\\/#breadcrumb\"},\"inLanguage\":\"fr-FR\",\"potentialAction\":[{\"@type\":\"ReadAction\",\"target\":[\"https:\\\/\\\/apwschweiz.ch\\\/shop\\\/buecher\\\/wurzelwerk-band-54\\\/\"]}]},{\"@type\":\"ImageObject\",\"inLanguage\":\"fr-FR\",\"@id\":\"https:\\\/\\\/apwschweiz.ch\\\/shop\\\/buecher\\\/wurzelwerk-band-54\\\/#primaryimage\",\"url\":\"https:\\\/\\\/apwschweiz.ch\\\/wp-content\\\/uploads\\\/2025\\\/06\\\/Wurzelwerk-APW-Schweiz.jpg\",\"contentUrl\":\"https:\\\/\\\/apwschweiz.ch\\\/wp-content\\\/uploads\\\/2025\\\/06\\\/Wurzelwerk-APW-Schweiz.jpg\",\"width\":400,\"height\":564,\"caption\":\"Wurzelwerk Cover\"},{\"@type\":\"BreadcrumbList\",\"@id\":\"https:\\\/\\\/apwschweiz.ch\\\/shop\\\/buecher\\\/wurzelwerk-band-54\\\/#breadcrumb\",\"itemListElement\":[{\"@type\":\"ListItem\",\"position\":1,\"name\":\"Startseite\",\"item\":\"https:\\\/\\\/apwschweiz.ch\\\/\"},{\"@type\":\"ListItem\",\"position\":2,\"name\":\"Shop\",\"item\":\"https:\\\/\\\/apwschweiz.ch\\\/shop\\\/\"},{\"@type\":\"ListItem\",\"position\":3,\"name\":\"B\u00fccher\",\"item\":\"https:\\\/\\\/apwschweiz.ch\\\/produkt-kategorie\\\/buecher\\\/\"},{\"@type\":\"ListItem\",\"position\":4,\"name\":\"Wurzelwerk\"}]},{\"@type\":\"WebSite\",\"@id\":\"https:\\\/\\\/apwschweiz.ch\\\/#website\",\"url\":\"https:\\\/\\\/apwschweiz.ch\\\/\",\"name\":\"Arbeitsgemeinschaft pro Wahrnehmung\",\"description\":\"Gemeinsam f\u00fcr Menschen mit Wahrnehmungs\u00adst\u00f6rungen\",\"publisher\":{\"@id\":\"https:\\\/\\\/apwschweiz.ch\\\/#organization\"},\"alternateName\":\"APW Schweiz\",\"potentialAction\":[{\"@type\":\"SearchAction\",\"target\":{\"@type\":\"EntryPoint\",\"urlTemplate\":\"https:\\\/\\\/apwschweiz.ch\\\/?s={search_term_string}\"},\"query-input\":{\"@type\":\"PropertyValueSpecification\",\"valueRequired\":true,\"valueName\":\"search_term_string\"}}],\"inLanguage\":\"fr-FR\"},{\"@type\":\"Organization\",\"@id\":\"https:\\\/\\\/apwschweiz.ch\\\/#organization\",\"name\":\"Arbeitsgemeinschaft pro Wahrnehmung\",\"alternateName\":\"APW Schweiz\",\"url\":\"https:\\\/\\\/apwschweiz.ch\\\/\",\"logo\":{\"@type\":\"ImageObject\",\"inLanguage\":\"fr-FR\",\"@id\":\"https:\\\/\\\/apwschweiz.ch\\\/#\\\/schema\\\/logo\\\/image\\\/\",\"url\":\"https:\\\/\\\/apwschweiz.ch\\\/wp-content\\\/uploads\\\/2025\\\/07\\\/APW-Logo-Quadrat.png\",\"contentUrl\":\"https:\\\/\\\/apwschweiz.ch\\\/wp-content\\\/uploads\\\/2025\\\/07\\\/APW-Logo-Quadrat.png\",\"width\":500,\"height\":500,\"caption\":\"Arbeitsgemeinschaft pro Wahrnehmung\"},\"image\":{\"@id\":\"https:\\\/\\\/apwschweiz.ch\\\/#\\\/schema\\\/logo\\\/image\\\/\"},\"sameAs\":[\"https:\\\/\\\/www.facebook.com\\\/tauapw\"]}]}<\/script>\n<!-- \/ Yoast SEO plugin. -->","yoast_head_json":{"title":"Wurzelwerk : Comprendre le d\u00e9veloppement et la r\u00e9adaptation | APW Suisse","description":"Comprendre le d\u00e9veloppement du langage et du mouvement, mieux concevoir la r\u00e9adaptation. D\u00e9couvrez maintenant le volume 54 de Wurzelwerk avec des exemples et un DVD !","robots":{"index":"index","follow":"follow","max-snippet":"max-snippet:-1","max-image-preview":"max-image-preview:large","max-video-preview":"max-video-preview:-1"},"canonical":"https:\/\/apwschweiz.ch\/fr\/boutique\/buecher\/racines-tome-54\/","og_locale":"fr_FR","og_type":"article","og_title":"Wurzelwerk: Entwicklung &amp; Reha verstehen | APW Schweiz","og_description":"Sprach- &amp; Bewegungsentwicklung verstehen, Reha besser gestalten. Jetzt Wurzelwerk Band 54 mit Beispielen &amp; DVD entdecken!","og_url":"https:\/\/apwschweiz.ch\/fr\/boutique\/buecher\/racines-tome-54\/","og_site_name":"APW Schweiz","article_publisher":"https:\/\/www.facebook.com\/tauapw","article_modified_time":"2025-10-05T13:37:43+00:00","og_image":[{"width":400,"height":564,"url":"https:\/\/apwschweiz.ch\/wp-content\/uploads\/2025\/06\/Wurzelwerk-APW-Schweiz.jpg","type":"image\/jpeg"}],"twitter_card":"summary_large_image","twitter_misc":{"Dur\u00e9e de lecture estim\u00e9e":"1 minute"},"schema":{"@context":"https:\/\/schema.org","@graph":[{"@type":"WebPage","@id":"https:\/\/apwschweiz.ch\/shop\/buecher\/wurzelwerk-band-54\/","url":"https:\/\/apwschweiz.ch\/shop\/buecher\/wurzelwerk-band-54\/","name":"Wurzelwerk : Comprendre le d\u00e9veloppement et la r\u00e9adaptation | APW Suisse","isPartOf":{"@id":"https:\/\/apwschweiz.ch\/#website"},"primaryImageOfPage":{"@id":"https:\/\/apwschweiz.ch\/shop\/buecher\/wurzelwerk-band-54\/#primaryimage"},"image":{"@id":"https:\/\/apwschweiz.ch\/shop\/buecher\/wurzelwerk-band-54\/#primaryimage"},"thumbnailUrl":"https:\/\/apwschweiz.ch\/wp-content\/uploads\/2025\/06\/Wurzelwerk-APW-Schweiz.jpg","datePublished":"2025-06-04T10:33:00+00:00","dateModified":"2025-10-05T13:37:43+00:00","description":"Comprendre le d\u00e9veloppement du langage et du mouvement, mieux concevoir la r\u00e9adaptation. D\u00e9couvrez maintenant le volume 54 de Wurzelwerk avec des exemples et un DVD !","breadcrumb":{"@id":"https:\/\/apwschweiz.ch\/shop\/buecher\/wurzelwerk-band-54\/#breadcrumb"},"inLanguage":"fr-FR","potentialAction":[{"@type":"ReadAction","target":["https:\/\/apwschweiz.ch\/shop\/buecher\/wurzelwerk-band-54\/"]}]},{"@type":"ImageObject","inLanguage":"fr-FR","@id":"https:\/\/apwschweiz.ch\/shop\/buecher\/wurzelwerk-band-54\/#primaryimage","url":"https:\/\/apwschweiz.ch\/wp-content\/uploads\/2025\/06\/Wurzelwerk-APW-Schweiz.jpg","contentUrl":"https:\/\/apwschweiz.ch\/wp-content\/uploads\/2025\/06\/Wurzelwerk-APW-Schweiz.jpg","width":400,"height":564,"caption":"Wurzelwerk Cover"},{"@type":"BreadcrumbList","@id":"https:\/\/apwschweiz.ch\/shop\/buecher\/wurzelwerk-band-54\/#breadcrumb","itemListElement":[{"@type":"ListItem","position":1,"name":"Startseite","item":"https:\/\/apwschweiz.ch\/"},{"@type":"ListItem","position":2,"name":"Shop","item":"https:\/\/apwschweiz.ch\/shop\/"},{"@type":"ListItem","position":3,"name":"B\u00fccher","item":"https:\/\/apwschweiz.ch\/produkt-kategorie\/buecher\/"},{"@type":"ListItem","position":4,"name":"Wurzelwerk"}]},{"@type":"WebSite","@id":"https:\/\/apwschweiz.ch\/#website","url":"https:\/\/apwschweiz.ch\/","name":"Communaut\u00e9 de travail par perception","description":"Ensemble pour les personnes souffrant de troubles de la perception","publisher":{"@id":"https:\/\/apwschweiz.ch\/#organization"},"alternateName":"APW Schweiz","potentialAction":[{"@type":"SearchAction","target":{"@type":"EntryPoint","urlTemplate":"https:\/\/apwschweiz.ch\/?s={search_term_string}"},"query-input":{"@type":"PropertyValueSpecification","valueRequired":true,"valueName":"search_term_string"}}],"inLanguage":"fr-FR"},{"@type":"Organization","@id":"https:\/\/apwschweiz.ch\/#organization","name":"Communaut\u00e9 de travail par perception","alternateName":"APW Schweiz","url":"https:\/\/apwschweiz.ch\/","logo":{"@type":"ImageObject","inLanguage":"fr-FR","@id":"https:\/\/apwschweiz.ch\/#\/schema\/logo\/image\/","url":"https:\/\/apwschweiz.ch\/wp-content\/uploads\/2025\/07\/APW-Logo-Quadrat.png","contentUrl":"https:\/\/apwschweiz.ch\/wp-content\/uploads\/2025\/07\/APW-Logo-Quadrat.png","width":500,"height":500,"caption":"Arbeitsgemeinschaft pro Wahrnehmung"},"image":{"@id":"https:\/\/apwschweiz.ch\/#\/schema\/logo\/image\/"},"sameAs":["https:\/\/www.facebook.com\/tauapw"]}]}},"_links":{"self":[{"href":"https:\/\/apwschweiz.ch\/fr\/wp-json\/wp\/v2\/product\/1439","targetHints":{"allow":["GET"]}}],"collection":[{"href":"https:\/\/apwschweiz.ch\/fr\/wp-json\/wp\/v2\/product"}],"about":[{"href":"https:\/\/apwschweiz.ch\/fr\/wp-json\/wp\/v2\/types\/product"}],"wp:featuredmedia":[{"embeddable":true,"href":"https:\/\/apwschweiz.ch\/fr\/wp-json\/wp\/v2\/media\/5328"}],"wp:attachment":[{"href":"https:\/\/apwschweiz.ch\/fr\/wp-json\/wp\/v2\/media?parent=1439"}],"wp:term":[{"taxonomy":"product_brand","embeddable":true,"href":"https:\/\/apwschweiz.ch\/fr\/wp-json\/wp\/v2\/product_brand?post=1439"},{"taxonomy":"product_cat","embeddable":true,"href":"https:\/\/apwschweiz.ch\/fr\/wp-json\/wp\/v2\/product_cat?post=1439"},{"taxonomy":"product_tag","embeddable":true,"href":"https:\/\/apwschweiz.ch\/fr\/wp-json\/wp\/v2\/product_tag?post=1439"},{"taxonomy":"zielgruppe","embeddable":true,"href":"https:\/\/apwschweiz.ch\/fr\/wp-json\/wp\/v2\/zielgruppe?post=1439"}],"curies":[{"name":"wp","href":"https:\/\/api.w.org\/{rel}","templated":true}]}}