{"id":4653,"date":"2025-08-27T12:12:08","date_gmt":"2025-08-27T12:12:08","guid":{"rendered":"https:\/\/apwschweiz.ch\/wordpress\/produkt\/partie-iii-la-niche\/"},"modified":"2025-10-05T13:37:43","modified_gmt":"2025-10-05T13:37:43","slug":"partie-iii-la-niche","status":"publish","type":"product","link":"https:\/\/apwschweiz.ch\/fr\/shop\/buecher\/partie-iii-la-niche\/","title":{"rendered":"Partie III : La Niche"},"content":{"rendered":"","protected":false},"excerpt":{"rendered":"<p>Une aide pour r\u00e9soudre les probl\u00e8mes de la vie quotidienne des enfants, adolescents et adultes atteints de troubles de la perception, qu'ils soient en \u00e9cole publique, sp\u00e9cialis\u00e9e, en centre de r\u00e9adaptation ou dans leur milieu familial.<\/p>","protected":false},"featured_media":5342,"template":"","meta":{"_acf_changed":false},"product_brand":[],"product_cat":[43],"product_tag":[],"zielgruppe":[],"class_list":{"0":"post-4653","1":"product","2":"type-product","3":"status-publish","4":"has-post-thumbnail","6":"product_cat-buecher","7":"product_shipping_class-buch","9":"first","10":"instock","11":"shipping-taxable","12":"purchasable","13":"product-type-simple"},"acf":[],"yoast_head":"<!-- This site is optimized with the Yoast SEO plugin v27.4 - https:\/\/yoast.com\/product\/yoast-seo-wordpress\/ -->\n<title>Partie III: La Niche | APW Schweiz<\/title>\n<meta name=\"description\" content=\"Ce livre propose des solutions pour les d\u00e9fis quotidiens des enfants et adultes avec troubles perceptifs. Commandez maintenant!\" \/>\n<meta name=\"robots\" content=\"index, follow, max-snippet:-1, max-image-preview:large, max-video-preview:-1\" \/>\n<link rel=\"canonical\" href=\"https:\/\/apwschweiz.ch\/fr\/boutique\/buecher\/partie-iii-la-niche\/\" \/>\n<meta property=\"og:locale\" content=\"fr_FR\" \/>\n<meta property=\"og:type\" content=\"article\" \/>\n<meta property=\"og:title\" content=\"Partie III: La Niche | APW Schweiz\" \/>\n<meta property=\"og:description\" content=\"Ce livre propose des solutions pour les d\u00e9fis quotidiens des enfants et adultes avec troubles perceptifs. Commandez maintenant!\" \/>\n<meta property=\"og:url\" content=\"https:\/\/apwschweiz.ch\/fr\/boutique\/buecher\/partie-iii-la-niche\/\" \/>\n<meta property=\"og:site_name\" content=\"APW Schweiz\" \/>\n<meta property=\"article:publisher\" content=\"https:\/\/www.facebook.com\/tauapw\" \/>\n<meta property=\"article:modified_time\" content=\"2025-10-05T13:37:43+00:00\" \/>\n<meta property=\"og:image\" content=\"https:\/\/apwschweiz.ch\/wp-content\/uploads\/2025\/08\/Partie_3_La_Niche-APW-Schweiz.jpg\" \/>\n\t<meta property=\"og:image:width\" content=\"400\" \/>\n\t<meta property=\"og:image:height\" content=\"569\" \/>\n\t<meta property=\"og:image:type\" content=\"image\/jpeg\" \/>\n<meta name=\"twitter:card\" content=\"summary_large_image\" \/>\n<meta name=\"twitter:label1\" content=\"Dur\u00e9e de lecture estim\u00e9e\" \/>\n\t<meta name=\"twitter:data1\" content=\"1 minute\" \/>\n<script type=\"application\/ld+json\" class=\"yoast-schema-graph\">{\"@context\":\"https:\\\/\\\/schema.org\",\"@graph\":[{\"@type\":\"WebPage\",\"@id\":\"https:\\\/\\\/apwschweiz.ch\\\/shop\\\/buecher\\\/partie-iii-la-niche\\\/\",\"url\":\"https:\\\/\\\/apwschweiz.ch\\\/shop\\\/buecher\\\/partie-iii-la-niche\\\/\",\"name\":\"Partie III: La Niche | APW Schweiz\",\"isPartOf\":{\"@id\":\"https:\\\/\\\/apwschweiz.ch\\\/#website\"},\"primaryImageOfPage\":{\"@id\":\"https:\\\/\\\/apwschweiz.ch\\\/shop\\\/buecher\\\/partie-iii-la-niche\\\/#primaryimage\"},\"image\":{\"@id\":\"https:\\\/\\\/apwschweiz.ch\\\/shop\\\/buecher\\\/partie-iii-la-niche\\\/#primaryimage\"},\"thumbnailUrl\":\"https:\\\/\\\/apwschweiz.ch\\\/wp-content\\\/uploads\\\/2025\\\/08\\\/Partie_3_La_Niche-APW-Schweiz.jpg\",\"datePublished\":\"2025-08-27T12:12:08+00:00\",\"dateModified\":\"2025-10-05T13:37:43+00:00\",\"description\":\"Ce livre propose des solutions pour les d\u00e9fis quotidiens des enfants et adultes avec troubles perceptifs. Commandez maintenant!\",\"breadcrumb\":{\"@id\":\"https:\\\/\\\/apwschweiz.ch\\\/shop\\\/buecher\\\/partie-iii-la-niche\\\/#breadcrumb\"},\"inLanguage\":\"fr-FR\",\"potentialAction\":[{\"@type\":\"ReadAction\",\"target\":[\"https:\\\/\\\/apwschweiz.ch\\\/shop\\\/buecher\\\/partie-iii-la-niche\\\/\"]}]},{\"@type\":\"ImageObject\",\"inLanguage\":\"fr-FR\",\"@id\":\"https:\\\/\\\/apwschweiz.ch\\\/shop\\\/buecher\\\/partie-iii-la-niche\\\/#primaryimage\",\"url\":\"https:\\\/\\\/apwschweiz.ch\\\/wp-content\\\/uploads\\\/2025\\\/08\\\/Partie_3_La_Niche-APW-Schweiz.jpg\",\"contentUrl\":\"https:\\\/\\\/apwschweiz.ch\\\/wp-content\\\/uploads\\\/2025\\\/08\\\/Partie_3_La_Niche-APW-Schweiz.jpg\",\"width\":400,\"height\":569,\"caption\":\"Partie 3 La Niche Cover\"},{\"@type\":\"BreadcrumbList\",\"@id\":\"https:\\\/\\\/apwschweiz.ch\\\/shop\\\/buecher\\\/partie-iii-la-niche\\\/#breadcrumb\",\"itemListElement\":[{\"@type\":\"ListItem\",\"position\":1,\"name\":\"Startseite\",\"item\":\"https:\\\/\\\/apwschweiz.ch\\\/\"},{\"@type\":\"ListItem\",\"position\":2,\"name\":\"Shop\",\"item\":\"https:\\\/\\\/apwschweiz.ch\\\/shop\\\/\"},{\"@type\":\"ListItem\",\"position\":3,\"name\":\"B\u00fccher\",\"item\":\"https:\\\/\\\/apwschweiz.ch\\\/produkt-kategorie\\\/buecher\\\/\"},{\"@type\":\"ListItem\",\"position\":4,\"name\":\"Partie III: La Niche\"}]},{\"@type\":\"WebSite\",\"@id\":\"https:\\\/\\\/apwschweiz.ch\\\/#website\",\"url\":\"https:\\\/\\\/apwschweiz.ch\\\/\",\"name\":\"Arbeitsgemeinschaft pro Wahrnehmung\",\"description\":\"Gemeinsam f\u00fcr Menschen mit Wahrnehmungs\u00adst\u00f6rungen\",\"publisher\":{\"@id\":\"https:\\\/\\\/apwschweiz.ch\\\/#organization\"},\"alternateName\":\"APW Schweiz\",\"potentialAction\":[{\"@type\":\"SearchAction\",\"target\":{\"@type\":\"EntryPoint\",\"urlTemplate\":\"https:\\\/\\\/apwschweiz.ch\\\/?s={search_term_string}\"},\"query-input\":{\"@type\":\"PropertyValueSpecification\",\"valueRequired\":true,\"valueName\":\"search_term_string\"}}],\"inLanguage\":\"fr-FR\"},{\"@type\":\"Organization\",\"@id\":\"https:\\\/\\\/apwschweiz.ch\\\/#organization\",\"name\":\"Arbeitsgemeinschaft pro Wahrnehmung\",\"alternateName\":\"APW Schweiz\",\"url\":\"https:\\\/\\\/apwschweiz.ch\\\/\",\"logo\":{\"@type\":\"ImageObject\",\"inLanguage\":\"fr-FR\",\"@id\":\"https:\\\/\\\/apwschweiz.ch\\\/#\\\/schema\\\/logo\\\/image\\\/\",\"url\":\"https:\\\/\\\/apwschweiz.ch\\\/wp-content\\\/uploads\\\/2025\\\/07\\\/APW-Logo-Quadrat.png\",\"contentUrl\":\"https:\\\/\\\/apwschweiz.ch\\\/wp-content\\\/uploads\\\/2025\\\/07\\\/APW-Logo-Quadrat.png\",\"width\":500,\"height\":500,\"caption\":\"Arbeitsgemeinschaft pro Wahrnehmung\"},\"image\":{\"@id\":\"https:\\\/\\\/apwschweiz.ch\\\/#\\\/schema\\\/logo\\\/image\\\/\"},\"sameAs\":[\"https:\\\/\\\/www.facebook.com\\\/tauapw\"]}]}<\/script>\n<!-- \/ Yoast SEO plugin. -->","yoast_head_json":{"title":"Troisi\u00e8me partie : La niche | APW Suisse","description":"Ce livre propose des solutions aux d\u00e9fis quotidiens des enfants et adultes atteints de troubles perceptifs. Commandez d\u00e8s maintenant !","robots":{"index":"index","follow":"follow","max-snippet":"max-snippet:-1","max-image-preview":"max-image-preview:large","max-video-preview":"max-video-preview:-1"},"canonical":"https:\/\/apwschweiz.ch\/fr\/boutique\/buecher\/partie-iii-la-niche\/","og_locale":"fr_FR","og_type":"article","og_title":"Partie III: La Niche | APW Schweiz","og_description":"Ce livre propose des solutions pour les d\u00e9fis quotidiens des enfants et adultes avec troubles perceptifs. Commandez maintenant!","og_url":"https:\/\/apwschweiz.ch\/fr\/boutique\/buecher\/partie-iii-la-niche\/","og_site_name":"APW Schweiz","article_publisher":"https:\/\/www.facebook.com\/tauapw","article_modified_time":"2025-10-05T13:37:43+00:00","og_image":[{"width":400,"height":569,"url":"https:\/\/apwschweiz.ch\/wp-content\/uploads\/2025\/08\/Partie_3_La_Niche-APW-Schweiz.jpg","type":"image\/jpeg"}],"twitter_card":"summary_large_image","twitter_misc":{"Dur\u00e9e de lecture estim\u00e9e":"1 minute"},"schema":{"@context":"https:\/\/schema.org","@graph":[{"@type":"WebPage","@id":"https:\/\/apwschweiz.ch\/shop\/buecher\/partie-iii-la-niche\/","url":"https:\/\/apwschweiz.ch\/shop\/buecher\/partie-iii-la-niche\/","name":"Troisi\u00e8me partie : La niche | APW Suisse","isPartOf":{"@id":"https:\/\/apwschweiz.ch\/#website"},"primaryImageOfPage":{"@id":"https:\/\/apwschweiz.ch\/shop\/buecher\/partie-iii-la-niche\/#primaryimage"},"image":{"@id":"https:\/\/apwschweiz.ch\/shop\/buecher\/partie-iii-la-niche\/#primaryimage"},"thumbnailUrl":"https:\/\/apwschweiz.ch\/wp-content\/uploads\/2025\/08\/Partie_3_La_Niche-APW-Schweiz.jpg","datePublished":"2025-08-27T12:12:08+00:00","dateModified":"2025-10-05T13:37:43+00:00","description":"Ce livre propose des solutions aux d\u00e9fis quotidiens des enfants et adultes atteints de troubles perceptifs. Commandez d\u00e8s maintenant !","breadcrumb":{"@id":"https:\/\/apwschweiz.ch\/shop\/buecher\/partie-iii-la-niche\/#breadcrumb"},"inLanguage":"fr-FR","potentialAction":[{"@type":"ReadAction","target":["https:\/\/apwschweiz.ch\/shop\/buecher\/partie-iii-la-niche\/"]}]},{"@type":"ImageObject","inLanguage":"fr-FR","@id":"https:\/\/apwschweiz.ch\/shop\/buecher\/partie-iii-la-niche\/#primaryimage","url":"https:\/\/apwschweiz.ch\/wp-content\/uploads\/2025\/08\/Partie_3_La_Niche-APW-Schweiz.jpg","contentUrl":"https:\/\/apwschweiz.ch\/wp-content\/uploads\/2025\/08\/Partie_3_La_Niche-APW-Schweiz.jpg","width":400,"height":569,"caption":"Partie 3 La Niche Cover"},{"@type":"BreadcrumbList","@id":"https:\/\/apwschweiz.ch\/shop\/buecher\/partie-iii-la-niche\/#breadcrumb","itemListElement":[{"@type":"ListItem","position":1,"name":"Startseite","item":"https:\/\/apwschweiz.ch\/"},{"@type":"ListItem","position":2,"name":"Shop","item":"https:\/\/apwschweiz.ch\/shop\/"},{"@type":"ListItem","position":3,"name":"B\u00fccher","item":"https:\/\/apwschweiz.ch\/produkt-kategorie\/buecher\/"},{"@type":"ListItem","position":4,"name":"Partie III: La Niche"}]},{"@type":"WebSite","@id":"https:\/\/apwschweiz.ch\/#website","url":"https:\/\/apwschweiz.ch\/","name":"Communaut\u00e9 de travail par perception","description":"Ensemble pour les personnes souffrant de troubles de la perception","publisher":{"@id":"https:\/\/apwschweiz.ch\/#organization"},"alternateName":"APW Schweiz","potentialAction":[{"@type":"SearchAction","target":{"@type":"EntryPoint","urlTemplate":"https:\/\/apwschweiz.ch\/?s={search_term_string}"},"query-input":{"@type":"PropertyValueSpecification","valueRequired":true,"valueName":"search_term_string"}}],"inLanguage":"fr-FR"},{"@type":"Organization","@id":"https:\/\/apwschweiz.ch\/#organization","name":"Communaut\u00e9 de travail par perception","alternateName":"APW Schweiz","url":"https:\/\/apwschweiz.ch\/","logo":{"@type":"ImageObject","inLanguage":"fr-FR","@id":"https:\/\/apwschweiz.ch\/#\/schema\/logo\/image\/","url":"https:\/\/apwschweiz.ch\/wp-content\/uploads\/2025\/07\/APW-Logo-Quadrat.png","contentUrl":"https:\/\/apwschweiz.ch\/wp-content\/uploads\/2025\/07\/APW-Logo-Quadrat.png","width":500,"height":500,"caption":"Arbeitsgemeinschaft pro Wahrnehmung"},"image":{"@id":"https:\/\/apwschweiz.ch\/#\/schema\/logo\/image\/"},"sameAs":["https:\/\/www.facebook.com\/tauapw"]}]}},"_links":{"self":[{"href":"https:\/\/apwschweiz.ch\/fr\/wp-json\/wp\/v2\/product\/4653","targetHints":{"allow":["GET"]}}],"collection":[{"href":"https:\/\/apwschweiz.ch\/fr\/wp-json\/wp\/v2\/product"}],"about":[{"href":"https:\/\/apwschweiz.ch\/fr\/wp-json\/wp\/v2\/types\/product"}],"wp:featuredmedia":[{"embeddable":true,"href":"https:\/\/apwschweiz.ch\/fr\/wp-json\/wp\/v2\/media\/5342"}],"wp:attachment":[{"href":"https:\/\/apwschweiz.ch\/fr\/wp-json\/wp\/v2\/media?parent=4653"}],"wp:term":[{"taxonomy":"product_brand","embeddable":true,"href":"https:\/\/apwschweiz.ch\/fr\/wp-json\/wp\/v2\/product_brand?post=4653"},{"taxonomy":"product_cat","embeddable":true,"href":"https:\/\/apwschweiz.ch\/fr\/wp-json\/wp\/v2\/product_cat?post=4653"},{"taxonomy":"product_tag","embeddable":true,"href":"https:\/\/apwschweiz.ch\/fr\/wp-json\/wp\/v2\/product_tag?post=4653"},{"taxonomy":"zielgruppe","embeddable":true,"href":"https:\/\/apwschweiz.ch\/fr\/wp-json\/wp\/v2\/zielgruppe?post=4653"}],"curies":[{"name":"wp","href":"https:\/\/api.w.org\/{rel}","templated":true}]}}