{"id":4659,"date":"2025-08-27T12:12:08","date_gmt":"2025-08-27T12:12:08","guid":{"rendered":"https:\/\/apwschweiz.ch\/wordpress\/produkt\/wege-von-anfang-anfruehrehabilitation-schwerst-hirngeschaedigter-patienten\/"},"modified":"2025-10-05T13:37:44","modified_gmt":"2025-10-05T13:37:44","slug":"readaptation-precoce-des-patients-gravement-cerebroleses","status":"publish","type":"product","link":"https:\/\/apwschweiz.ch\/fr\/shop\/buecher\/fruehrehabilitation-schwerst-hirngeschaedigter-patienten\/","title":{"rendered":"\u00abLes chemins d\u00e8s le d\u00e9but\u00bb R\u00e9\u00e9ducation pr\u00e9coce des patients souffrant de l\u00e9sions c\u00e9r\u00e9brales graves"},"content":{"rendered":"<p>L'accueil des patients sur le lieu de l'accident et dans la toute premi\u00e8re phase aux soins intensifs est excellent sur le plan organisationnel, m\u00e9dical et th\u00e9rapeutique, mais qu'en est-il ensuite ? C'est dans ce contexte qu'est n\u00e9 en 1989 le centre th\u00e9rapeutique de Burgau, premier centre mod\u00e8le en Bavi\u00e8re, qui s'est fix\u00e9 pour objectif, sur le mod\u00e8le de centres exp\u00e9riment\u00e9s aux \u00c9tats-Unis et en Suisse, la r\u00e9adaptation de ces patients gravement atteints du cerveau.<\/p>","protected":false},"excerpt":{"rendered":"<p>La prise en charge des patients sur le lieu de l'accident et durant la toute premi\u00e8re phase en soins intensifs est excellente sur le plan organisationnel, m\u00e9dical et th\u00e9rapeutique, mais que se passe-t-il ensuite ?<\/p>","protected":false},"featured_media":5334,"template":"","meta":{"_acf_changed":false},"product_brand":[],"product_cat":[43],"product_tag":[],"zielgruppe":[],"class_list":{"0":"post-4659","1":"product","2":"type-product","3":"status-publish","4":"has-post-thumbnail","6":"product_cat-buecher","7":"product_shipping_class-buch","9":"first","10":"instock","11":"shipping-taxable","12":"purchasable","13":"product-type-simple"},"acf":[],"yoast_head":"<!-- This site is optimized with the Yoast SEO plugin v27.4 - https:\/\/yoast.com\/product\/yoast-seo-wordpress\/ -->\n<title>Fr\u00fchrehabilitation schwerst hirngesch\u00e4digter Patienten | APW Schweiz<\/title>\n<meta name=\"description\" content=\"Dieses Buch beschreibt die Entstehung des Therapiezentrums Burgau und seine Rolle in der Rehabilitation. Bestellen Sie jetzt!\" \/>\n<meta name=\"robots\" content=\"index, follow, max-snippet:-1, max-image-preview:large, max-video-preview:-1\" \/>\n<link rel=\"canonical\" href=\"https:\/\/apwschweiz.ch\/fr\/boutique\/buecher\/readaptation-precoce-des-patients-gravement-cerebroleses\/\" \/>\n<meta property=\"og:locale\" content=\"fr_FR\" \/>\n<meta property=\"og:type\" content=\"article\" \/>\n<meta property=\"og:title\" content=\"Fr\u00fchrehabilitation schwerst hirngesch\u00e4digter Patienten | APW Schweiz\" \/>\n<meta property=\"og:description\" content=\"Dieses Buch beschreibt die Entstehung des Therapiezentrums Burgau und seine Rolle in der Rehabilitation. Bestellen Sie jetzt!\" \/>\n<meta property=\"og:url\" content=\"https:\/\/apwschweiz.ch\/fr\/boutique\/buecher\/readaptation-precoce-des-patients-gravement-cerebroleses\/\" \/>\n<meta property=\"og:site_name\" content=\"APW Schweiz\" \/>\n<meta property=\"article:publisher\" content=\"https:\/\/www.facebook.com\/tauapw\" \/>\n<meta property=\"article:modified_time\" content=\"2025-10-05T13:37:44+00:00\" \/>\n<meta property=\"og:image\" content=\"https:\/\/apwschweiz.ch\/wp-content\/uploads\/2025\/08\/Wege-von-Anfang-an-APW-Schweiz.jpg\" \/>\n\t<meta property=\"og:image:width\" content=\"500\" \/>\n\t<meta property=\"og:image:height\" content=\"705\" \/>\n\t<meta property=\"og:image:type\" content=\"image\/jpeg\" \/>\n<meta name=\"twitter:card\" content=\"summary_large_image\" \/>\n<meta name=\"twitter:label1\" content=\"Dur\u00e9e de lecture estim\u00e9e\" \/>\n\t<meta name=\"twitter:data1\" content=\"1 minute\" \/>\n<script type=\"application\/ld+json\" class=\"yoast-schema-graph\">{\"@context\":\"https:\\\/\\\/schema.org\",\"@graph\":[{\"@type\":\"WebPage\",\"@id\":\"https:\\\/\\\/apwschweiz.ch\\\/shop\\\/buecher\\\/fruehrehabilitation-schwerst-hirngeschaedigter-patienten\\\/\",\"url\":\"https:\\\/\\\/apwschweiz.ch\\\/shop\\\/buecher\\\/fruehrehabilitation-schwerst-hirngeschaedigter-patienten\\\/\",\"name\":\"Fr\u00fchrehabilitation schwerst hirngesch\u00e4digter Patienten | APW Schweiz\",\"isPartOf\":{\"@id\":\"https:\\\/\\\/apwschweiz.ch\\\/#website\"},\"primaryImageOfPage\":{\"@id\":\"https:\\\/\\\/apwschweiz.ch\\\/shop\\\/buecher\\\/fruehrehabilitation-schwerst-hirngeschaedigter-patienten\\\/#primaryimage\"},\"image\":{\"@id\":\"https:\\\/\\\/apwschweiz.ch\\\/shop\\\/buecher\\\/fruehrehabilitation-schwerst-hirngeschaedigter-patienten\\\/#primaryimage\"},\"thumbnailUrl\":\"https:\\\/\\\/apwschweiz.ch\\\/wp-content\\\/uploads\\\/2025\\\/08\\\/Wege-von-Anfang-an-APW-Schweiz.jpg\",\"datePublished\":\"2025-08-27T12:12:08+00:00\",\"dateModified\":\"2025-10-05T13:37:44+00:00\",\"description\":\"Dieses Buch beschreibt die Entstehung des Therapiezentrums Burgau und seine Rolle in der Rehabilitation. Bestellen Sie jetzt!\",\"breadcrumb\":{\"@id\":\"https:\\\/\\\/apwschweiz.ch\\\/shop\\\/buecher\\\/fruehrehabilitation-schwerst-hirngeschaedigter-patienten\\\/#breadcrumb\"},\"inLanguage\":\"fr-FR\",\"potentialAction\":[{\"@type\":\"ReadAction\",\"target\":[\"https:\\\/\\\/apwschweiz.ch\\\/shop\\\/buecher\\\/fruehrehabilitation-schwerst-hirngeschaedigter-patienten\\\/\"]}]},{\"@type\":\"ImageObject\",\"inLanguage\":\"fr-FR\",\"@id\":\"https:\\\/\\\/apwschweiz.ch\\\/shop\\\/buecher\\\/fruehrehabilitation-schwerst-hirngeschaedigter-patienten\\\/#primaryimage\",\"url\":\"https:\\\/\\\/apwschweiz.ch\\\/wp-content\\\/uploads\\\/2025\\\/08\\\/Wege-von-Anfang-an-APW-Schweiz.jpg\",\"contentUrl\":\"https:\\\/\\\/apwschweiz.ch\\\/wp-content\\\/uploads\\\/2025\\\/08\\\/Wege-von-Anfang-an-APW-Schweiz.jpg\",\"width\":500,\"height\":705,\"caption\":\"Wege von Anfang an Vorderseite\"},{\"@type\":\"BreadcrumbList\",\"@id\":\"https:\\\/\\\/apwschweiz.ch\\\/shop\\\/buecher\\\/fruehrehabilitation-schwerst-hirngeschaedigter-patienten\\\/#breadcrumb\",\"itemListElement\":[{\"@type\":\"ListItem\",\"position\":1,\"name\":\"Startseite\",\"item\":\"https:\\\/\\\/apwschweiz.ch\\\/\"},{\"@type\":\"ListItem\",\"position\":2,\"name\":\"Shop\",\"item\":\"https:\\\/\\\/apwschweiz.ch\\\/shop\\\/\"},{\"@type\":\"ListItem\",\"position\":3,\"name\":\"B\u00fccher\",\"item\":\"https:\\\/\\\/apwschweiz.ch\\\/produkt-kategorie\\\/buecher\\\/\"},{\"@type\":\"ListItem\",\"position\":4,\"name\":\"\u00abWege von Anfang an\u00bb Fr\u00fchrehabilitation schwerst hirngesch\u00e4digter Patienten\"}]},{\"@type\":\"WebSite\",\"@id\":\"https:\\\/\\\/apwschweiz.ch\\\/#website\",\"url\":\"https:\\\/\\\/apwschweiz.ch\\\/\",\"name\":\"Arbeitsgemeinschaft pro Wahrnehmung\",\"description\":\"Gemeinsam f\u00fcr Menschen mit Wahrnehmungs\u00adst\u00f6rungen\",\"publisher\":{\"@id\":\"https:\\\/\\\/apwschweiz.ch\\\/#organization\"},\"alternateName\":\"APW Schweiz\",\"potentialAction\":[{\"@type\":\"SearchAction\",\"target\":{\"@type\":\"EntryPoint\",\"urlTemplate\":\"https:\\\/\\\/apwschweiz.ch\\\/?s={search_term_string}\"},\"query-input\":{\"@type\":\"PropertyValueSpecification\",\"valueRequired\":true,\"valueName\":\"search_term_string\"}}],\"inLanguage\":\"fr-FR\"},{\"@type\":\"Organization\",\"@id\":\"https:\\\/\\\/apwschweiz.ch\\\/#organization\",\"name\":\"Arbeitsgemeinschaft pro Wahrnehmung\",\"alternateName\":\"APW Schweiz\",\"url\":\"https:\\\/\\\/apwschweiz.ch\\\/\",\"logo\":{\"@type\":\"ImageObject\",\"inLanguage\":\"fr-FR\",\"@id\":\"https:\\\/\\\/apwschweiz.ch\\\/#\\\/schema\\\/logo\\\/image\\\/\",\"url\":\"https:\\\/\\\/apwschweiz.ch\\\/wp-content\\\/uploads\\\/2025\\\/07\\\/APW-Logo-Quadrat.png\",\"contentUrl\":\"https:\\\/\\\/apwschweiz.ch\\\/wp-content\\\/uploads\\\/2025\\\/07\\\/APW-Logo-Quadrat.png\",\"width\":500,\"height\":500,\"caption\":\"Arbeitsgemeinschaft pro Wahrnehmung\"},\"image\":{\"@id\":\"https:\\\/\\\/apwschweiz.ch\\\/#\\\/schema\\\/logo\\\/image\\\/\"},\"sameAs\":[\"https:\\\/\\\/www.facebook.com\\\/tauapw\"]}]}<\/script>\n<!-- \/ Yoast SEO plugin. -->","yoast_head_json":{"title":"R\u00e9adaptation pr\u00e9coce de patients lourdement c\u00e9r\u00e9brol\u00e9s\u00e9s | APW Suisse","description":"Ce livre d\u00e9crit la cr\u00e9ation du centre de th\u00e9rapie Burgau et son r\u00f4le dans la r\u00e9adaptation. Commandez d\u00e8s maintenant !","robots":{"index":"index","follow":"follow","max-snippet":"max-snippet:-1","max-image-preview":"max-image-preview:large","max-video-preview":"max-video-preview:-1"},"canonical":"https:\/\/apwschweiz.ch\/fr\/boutique\/buecher\/readaptation-precoce-des-patients-gravement-cerebroleses\/","og_locale":"fr_FR","og_type":"article","og_title":"Fr\u00fchrehabilitation schwerst hirngesch\u00e4digter Patienten | APW Schweiz","og_description":"Dieses Buch beschreibt die Entstehung des Therapiezentrums Burgau und seine Rolle in der Rehabilitation. Bestellen Sie jetzt!","og_url":"https:\/\/apwschweiz.ch\/fr\/boutique\/buecher\/readaptation-precoce-des-patients-gravement-cerebroleses\/","og_site_name":"APW Schweiz","article_publisher":"https:\/\/www.facebook.com\/tauapw","article_modified_time":"2025-10-05T13:37:44+00:00","og_image":[{"width":500,"height":705,"url":"https:\/\/apwschweiz.ch\/wp-content\/uploads\/2025\/08\/Wege-von-Anfang-an-APW-Schweiz.jpg","type":"image\/jpeg"}],"twitter_card":"summary_large_image","twitter_misc":{"Dur\u00e9e de lecture estim\u00e9e":"1 minute"},"schema":{"@context":"https:\/\/schema.org","@graph":[{"@type":"WebPage","@id":"https:\/\/apwschweiz.ch\/shop\/buecher\/fruehrehabilitation-schwerst-hirngeschaedigter-patienten\/","url":"https:\/\/apwschweiz.ch\/shop\/buecher\/fruehrehabilitation-schwerst-hirngeschaedigter-patienten\/","name":"R\u00e9adaptation pr\u00e9coce de patients lourdement c\u00e9r\u00e9brol\u00e9s\u00e9s | APW Suisse","isPartOf":{"@id":"https:\/\/apwschweiz.ch\/#website"},"primaryImageOfPage":{"@id":"https:\/\/apwschweiz.ch\/shop\/buecher\/fruehrehabilitation-schwerst-hirngeschaedigter-patienten\/#primaryimage"},"image":{"@id":"https:\/\/apwschweiz.ch\/shop\/buecher\/fruehrehabilitation-schwerst-hirngeschaedigter-patienten\/#primaryimage"},"thumbnailUrl":"https:\/\/apwschweiz.ch\/wp-content\/uploads\/2025\/08\/Wege-von-Anfang-an-APW-Schweiz.jpg","datePublished":"2025-08-27T12:12:08+00:00","dateModified":"2025-10-05T13:37:44+00:00","description":"Ce livre d\u00e9crit la cr\u00e9ation du centre de th\u00e9rapie Burgau et son r\u00f4le dans la r\u00e9adaptation. Commandez d\u00e8s maintenant !","breadcrumb":{"@id":"https:\/\/apwschweiz.ch\/shop\/buecher\/fruehrehabilitation-schwerst-hirngeschaedigter-patienten\/#breadcrumb"},"inLanguage":"fr-FR","potentialAction":[{"@type":"ReadAction","target":["https:\/\/apwschweiz.ch\/shop\/buecher\/fruehrehabilitation-schwerst-hirngeschaedigter-patienten\/"]}]},{"@type":"ImageObject","inLanguage":"fr-FR","@id":"https:\/\/apwschweiz.ch\/shop\/buecher\/fruehrehabilitation-schwerst-hirngeschaedigter-patienten\/#primaryimage","url":"https:\/\/apwschweiz.ch\/wp-content\/uploads\/2025\/08\/Wege-von-Anfang-an-APW-Schweiz.jpg","contentUrl":"https:\/\/apwschweiz.ch\/wp-content\/uploads\/2025\/08\/Wege-von-Anfang-an-APW-Schweiz.jpg","width":500,"height":705,"caption":"Wege von Anfang an Vorderseite"},{"@type":"BreadcrumbList","@id":"https:\/\/apwschweiz.ch\/shop\/buecher\/fruehrehabilitation-schwerst-hirngeschaedigter-patienten\/#breadcrumb","itemListElement":[{"@type":"ListItem","position":1,"name":"Startseite","item":"https:\/\/apwschweiz.ch\/"},{"@type":"ListItem","position":2,"name":"Shop","item":"https:\/\/apwschweiz.ch\/shop\/"},{"@type":"ListItem","position":3,"name":"B\u00fccher","item":"https:\/\/apwschweiz.ch\/produkt-kategorie\/buecher\/"},{"@type":"ListItem","position":4,"name":"\u00abWege von Anfang an\u00bb Fr\u00fchrehabilitation schwerst hirngesch\u00e4digter Patienten"}]},{"@type":"WebSite","@id":"https:\/\/apwschweiz.ch\/#website","url":"https:\/\/apwschweiz.ch\/","name":"Communaut\u00e9 de travail par perception","description":"Ensemble pour les personnes souffrant de troubles de la perception","publisher":{"@id":"https:\/\/apwschweiz.ch\/#organization"},"alternateName":"APW Schweiz","potentialAction":[{"@type":"SearchAction","target":{"@type":"EntryPoint","urlTemplate":"https:\/\/apwschweiz.ch\/?s={search_term_string}"},"query-input":{"@type":"PropertyValueSpecification","valueRequired":true,"valueName":"search_term_string"}}],"inLanguage":"fr-FR"},{"@type":"Organization","@id":"https:\/\/apwschweiz.ch\/#organization","name":"Communaut\u00e9 de travail par perception","alternateName":"APW Schweiz","url":"https:\/\/apwschweiz.ch\/","logo":{"@type":"ImageObject","inLanguage":"fr-FR","@id":"https:\/\/apwschweiz.ch\/#\/schema\/logo\/image\/","url":"https:\/\/apwschweiz.ch\/wp-content\/uploads\/2025\/07\/APW-Logo-Quadrat.png","contentUrl":"https:\/\/apwschweiz.ch\/wp-content\/uploads\/2025\/07\/APW-Logo-Quadrat.png","width":500,"height":500,"caption":"Arbeitsgemeinschaft pro Wahrnehmung"},"image":{"@id":"https:\/\/apwschweiz.ch\/#\/schema\/logo\/image\/"},"sameAs":["https:\/\/www.facebook.com\/tauapw"]}]}},"_links":{"self":[{"href":"https:\/\/apwschweiz.ch\/fr\/wp-json\/wp\/v2\/product\/4659","targetHints":{"allow":["GET"]}}],"collection":[{"href":"https:\/\/apwschweiz.ch\/fr\/wp-json\/wp\/v2\/product"}],"about":[{"href":"https:\/\/apwschweiz.ch\/fr\/wp-json\/wp\/v2\/types\/product"}],"wp:featuredmedia":[{"embeddable":true,"href":"https:\/\/apwschweiz.ch\/fr\/wp-json\/wp\/v2\/media\/5334"}],"wp:attachment":[{"href":"https:\/\/apwschweiz.ch\/fr\/wp-json\/wp\/v2\/media?parent=4659"}],"wp:term":[{"taxonomy":"product_brand","embeddable":true,"href":"https:\/\/apwschweiz.ch\/fr\/wp-json\/wp\/v2\/product_brand?post=4659"},{"taxonomy":"product_cat","embeddable":true,"href":"https:\/\/apwschweiz.ch\/fr\/wp-json\/wp\/v2\/product_cat?post=4659"},{"taxonomy":"product_tag","embeddable":true,"href":"https:\/\/apwschweiz.ch\/fr\/wp-json\/wp\/v2\/product_tag?post=4659"},{"taxonomy":"zielgruppe","embeddable":true,"href":"https:\/\/apwschweiz.ch\/fr\/wp-json\/wp\/v2\/zielgruppe?post=4659"}],"curies":[{"name":"wp","href":"https:\/\/api.w.org\/{rel}","templated":true}]}}