{"id":4660,"date":"2025-08-27T12:12:08","date_gmt":"2025-08-27T12:12:08","guid":{"rendered":"https:\/\/apwschweiz.ch\/wordpress\/produkt\/nichtsprachliches-loesen-von-problemen-in-alltagssituationen-bei-normalen-kindern-und-kindernband-51-aus-der-reihe-wissenschaftliche-beitraege-aus-forschung-lehre-und-praxis-zur-rehabilitation-von\/"},"modified":"2025-10-05T13:37:44","modified_gmt":"2025-10-05T13:37:44","slug":"resolution-non-verbale-de-problemes-dans-des-situations-quotidiennes","status":"publish","type":"product","link":"https:\/\/apwschweiz.ch\/fr\/shop\/buecher\/nichtsprachliches-loesen-von-problemen-in-alltagssituationen\/","title":{"rendered":"R\u00e9solution de probl\u00e8mes non linguistiques dans des situations de la vie quotidienne (volume 51)"},"content":{"rendered":"<p>Volume 51 de la s\u00e9rie : Contributions scientifiques de la recherche, de l'enseignement et de la pratique \u00e0 la r\u00e9adaptation des personnes handicap\u00e9es. Le pr\u00e9sent ouvrage expose la cr\u00e9ation d'un nouveau cadre th\u00e9orique pour le d\u00e9veloppement perceptivo-cognitif chez les enfants et les adolescents souffrant de troubles du langage et en d\u00e9crit les param\u00e8tres. La base empirique ainsi que les implications cliniques du cadre de d\u00e9veloppement perceptivo-cognitif sont expliqu\u00e9es \u00e0 l'aide de nombreux exemples. Les th\u00e9rapeutes, ainsi que les proches, re\u00e7oivent une aide pour comprendre les troubles du langage et, par cons\u00e9quent, pour d\u00e9velopper et mettre en \u0153uvre un plan de traitement ad\u00e9quat.<\/p>","protected":false},"excerpt":{"rendered":"<p>Le pr\u00e9sent ouvrage expose la cr\u00e9ation d'un nouveau cadre th\u00e9orique pour le d\u00e9veloppement perceptivo-cognitif chez les enfants et les adolescents atteints de troubles du langage et en d\u00e9crit les param\u00e8tres.<\/p>","protected":false},"featured_media":5333,"template":"","meta":{"_acf_changed":false},"product_brand":[],"product_cat":[43],"product_tag":[],"zielgruppe":[],"class_list":{"0":"post-4660","1":"product","2":"type-product","3":"status-publish","4":"has-post-thumbnail","6":"product_cat-buecher","7":"product_shipping_class-buch","9":"first","10":"instock","11":"shipping-taxable","12":"purchasable","13":"product-type-simple"},"acf":[],"yoast_head":"<!-- This site is optimized with the Yoast SEO plugin v27.4 - https:\/\/yoast.com\/product\/yoast-seo-wordpress\/ -->\n<title>Nichtsprachliches L\u00f6sen von Problemen | APW Schweiz<\/title>\n<meta name=\"description\" content=\"Dieses Buch zeigt einen neuen Rahmen zur perceptuo-kognitiven Entwicklung bei Sprachst\u00f6rungen und bietet Therapiehilfen. Bestellen Sie jetzt!\" \/>\n<meta name=\"robots\" content=\"index, follow, max-snippet:-1, max-image-preview:large, max-video-preview:-1\" \/>\n<link rel=\"canonical\" href=\"https:\/\/apwschweiz.ch\/fr\/boutique\/buecher\/resolution-non-verbale-de-problemes-dans-des-situations-quotidiennes\/\" \/>\n<meta property=\"og:locale\" content=\"fr_FR\" \/>\n<meta property=\"og:type\" content=\"article\" \/>\n<meta property=\"og:title\" content=\"Nichtsprachliches L\u00f6sen von Problemen | APW Schweiz\" \/>\n<meta property=\"og:description\" content=\"Dieses Buch zeigt einen neuen Rahmen zur perceptuo-kognitiven Entwicklung bei Sprachst\u00f6rungen und bietet Therapiehilfen. Bestellen Sie jetzt!\" \/>\n<meta property=\"og:url\" content=\"https:\/\/apwschweiz.ch\/fr\/boutique\/buecher\/resolution-non-verbale-de-problemes-dans-des-situations-quotidiennes\/\" \/>\n<meta property=\"og:site_name\" content=\"APW Schweiz\" \/>\n<meta property=\"article:publisher\" content=\"https:\/\/www.facebook.com\/tauapw\" \/>\n<meta property=\"article:modified_time\" content=\"2025-10-05T13:37:44+00:00\" \/>\n<meta property=\"og:image\" content=\"https:\/\/apwschweiz.ch\/wp-content\/uploads\/2025\/08\/Nichtsprachliches-Loesen-von-Problemen-in-Alltagssituationen-APW-Schweiz.jpg\" \/>\n\t<meta property=\"og:image:width\" content=\"400\" \/>\n\t<meta property=\"og:image:height\" content=\"564\" \/>\n\t<meta property=\"og:image:type\" content=\"image\/jpeg\" \/>\n<meta name=\"twitter:card\" content=\"summary_large_image\" \/>\n<meta name=\"twitter:label1\" content=\"Dur\u00e9e de lecture estim\u00e9e\" \/>\n\t<meta name=\"twitter:data1\" content=\"1 minute\" \/>\n<script type=\"application\/ld+json\" class=\"yoast-schema-graph\">{\"@context\":\"https:\\\/\\\/schema.org\",\"@graph\":[{\"@type\":\"WebPage\",\"@id\":\"https:\\\/\\\/apwschweiz.ch\\\/shop\\\/buecher\\\/nichtsprachliches-loesen-von-problemen-in-alltagssituationen\\\/\",\"url\":\"https:\\\/\\\/apwschweiz.ch\\\/shop\\\/buecher\\\/nichtsprachliches-loesen-von-problemen-in-alltagssituationen\\\/\",\"name\":\"Nichtsprachliches L\u00f6sen von Problemen | APW Schweiz\",\"isPartOf\":{\"@id\":\"https:\\\/\\\/apwschweiz.ch\\\/#website\"},\"primaryImageOfPage\":{\"@id\":\"https:\\\/\\\/apwschweiz.ch\\\/shop\\\/buecher\\\/nichtsprachliches-loesen-von-problemen-in-alltagssituationen\\\/#primaryimage\"},\"image\":{\"@id\":\"https:\\\/\\\/apwschweiz.ch\\\/shop\\\/buecher\\\/nichtsprachliches-loesen-von-problemen-in-alltagssituationen\\\/#primaryimage\"},\"thumbnailUrl\":\"https:\\\/\\\/apwschweiz.ch\\\/wp-content\\\/uploads\\\/2025\\\/08\\\/Nichtsprachliches-Loesen-von-Problemen-in-Alltagssituationen-APW-Schweiz.jpg\",\"datePublished\":\"2025-08-27T12:12:08+00:00\",\"dateModified\":\"2025-10-05T13:37:44+00:00\",\"description\":\"Dieses Buch zeigt einen neuen Rahmen zur perceptuo-kognitiven Entwicklung bei Sprachst\u00f6rungen und bietet Therapiehilfen. Bestellen Sie jetzt!\",\"breadcrumb\":{\"@id\":\"https:\\\/\\\/apwschweiz.ch\\\/shop\\\/buecher\\\/nichtsprachliches-loesen-von-problemen-in-alltagssituationen\\\/#breadcrumb\"},\"inLanguage\":\"fr-FR\",\"potentialAction\":[{\"@type\":\"ReadAction\",\"target\":[\"https:\\\/\\\/apwschweiz.ch\\\/shop\\\/buecher\\\/nichtsprachliches-loesen-von-problemen-in-alltagssituationen\\\/\"]}]},{\"@type\":\"ImageObject\",\"inLanguage\":\"fr-FR\",\"@id\":\"https:\\\/\\\/apwschweiz.ch\\\/shop\\\/buecher\\\/nichtsprachliches-loesen-von-problemen-in-alltagssituationen\\\/#primaryimage\",\"url\":\"https:\\\/\\\/apwschweiz.ch\\\/wp-content\\\/uploads\\\/2025\\\/08\\\/Nichtsprachliches-Loesen-von-Problemen-in-Alltagssituationen-APW-Schweiz.jpg\",\"contentUrl\":\"https:\\\/\\\/apwschweiz.ch\\\/wp-content\\\/uploads\\\/2025\\\/08\\\/Nichtsprachliches-Loesen-von-Problemen-in-Alltagssituationen-APW-Schweiz.jpg\",\"width\":400,\"height\":564,\"caption\":\"Nichtsprachliches L\u00f6sen von Problemen Buchcover\"},{\"@type\":\"BreadcrumbList\",\"@id\":\"https:\\\/\\\/apwschweiz.ch\\\/shop\\\/buecher\\\/nichtsprachliches-loesen-von-problemen-in-alltagssituationen\\\/#breadcrumb\",\"itemListElement\":[{\"@type\":\"ListItem\",\"position\":1,\"name\":\"Startseite\",\"item\":\"https:\\\/\\\/apwschweiz.ch\\\/\"},{\"@type\":\"ListItem\",\"position\":2,\"name\":\"Shop\",\"item\":\"https:\\\/\\\/apwschweiz.ch\\\/shop\\\/\"},{\"@type\":\"ListItem\",\"position\":3,\"name\":\"B\u00fccher\",\"item\":\"https:\\\/\\\/apwschweiz.ch\\\/produkt-kategorie\\\/buecher\\\/\"},{\"@type\":\"ListItem\",\"position\":4,\"name\":\"Nichtsprachliches L\u00f6sen von Problemen in Alltagssituationen (Band 51)\"}]},{\"@type\":\"WebSite\",\"@id\":\"https:\\\/\\\/apwschweiz.ch\\\/#website\",\"url\":\"https:\\\/\\\/apwschweiz.ch\\\/\",\"name\":\"Arbeitsgemeinschaft pro Wahrnehmung\",\"description\":\"Gemeinsam f\u00fcr Menschen mit Wahrnehmungs\u00adst\u00f6rungen\",\"publisher\":{\"@id\":\"https:\\\/\\\/apwschweiz.ch\\\/#organization\"},\"alternateName\":\"APW Schweiz\",\"potentialAction\":[{\"@type\":\"SearchAction\",\"target\":{\"@type\":\"EntryPoint\",\"urlTemplate\":\"https:\\\/\\\/apwschweiz.ch\\\/?s={search_term_string}\"},\"query-input\":{\"@type\":\"PropertyValueSpecification\",\"valueRequired\":true,\"valueName\":\"search_term_string\"}}],\"inLanguage\":\"fr-FR\"},{\"@type\":\"Organization\",\"@id\":\"https:\\\/\\\/apwschweiz.ch\\\/#organization\",\"name\":\"Arbeitsgemeinschaft pro Wahrnehmung\",\"alternateName\":\"APW Schweiz\",\"url\":\"https:\\\/\\\/apwschweiz.ch\\\/\",\"logo\":{\"@type\":\"ImageObject\",\"inLanguage\":\"fr-FR\",\"@id\":\"https:\\\/\\\/apwschweiz.ch\\\/#\\\/schema\\\/logo\\\/image\\\/\",\"url\":\"https:\\\/\\\/apwschweiz.ch\\\/wp-content\\\/uploads\\\/2025\\\/07\\\/APW-Logo-Quadrat.png\",\"contentUrl\":\"https:\\\/\\\/apwschweiz.ch\\\/wp-content\\\/uploads\\\/2025\\\/07\\\/APW-Logo-Quadrat.png\",\"width\":500,\"height\":500,\"caption\":\"Arbeitsgemeinschaft pro Wahrnehmung\"},\"image\":{\"@id\":\"https:\\\/\\\/apwschweiz.ch\\\/#\\\/schema\\\/logo\\\/image\\\/\"},\"sameAs\":[\"https:\\\/\\\/www.facebook.com\\\/tauapw\"]}]}<\/script>\n<!-- \/ Yoast SEO plugin. -->","yoast_head_json":{"title":"R\u00e9solution non verbale de probl\u00e8mes | APW Suisse","description":"Ce livre pr\u00e9sente un nouveau cadre pour le d\u00e9veloppement perceptivo-cognitif dans les troubles du langage et offre des aides th\u00e9rapeutiques. Commandez d\u00e8s maintenant !","robots":{"index":"index","follow":"follow","max-snippet":"max-snippet:-1","max-image-preview":"max-image-preview:large","max-video-preview":"max-video-preview:-1"},"canonical":"https:\/\/apwschweiz.ch\/fr\/boutique\/buecher\/resolution-non-verbale-de-problemes-dans-des-situations-quotidiennes\/","og_locale":"fr_FR","og_type":"article","og_title":"Nichtsprachliches L\u00f6sen von Problemen | APW Schweiz","og_description":"Dieses Buch zeigt einen neuen Rahmen zur perceptuo-kognitiven Entwicklung bei Sprachst\u00f6rungen und bietet Therapiehilfen. Bestellen Sie jetzt!","og_url":"https:\/\/apwschweiz.ch\/fr\/boutique\/buecher\/resolution-non-verbale-de-problemes-dans-des-situations-quotidiennes\/","og_site_name":"APW Schweiz","article_publisher":"https:\/\/www.facebook.com\/tauapw","article_modified_time":"2025-10-05T13:37:44+00:00","og_image":[{"width":400,"height":564,"url":"https:\/\/apwschweiz.ch\/wp-content\/uploads\/2025\/08\/Nichtsprachliches-Loesen-von-Problemen-in-Alltagssituationen-APW-Schweiz.jpg","type":"image\/jpeg"}],"twitter_card":"summary_large_image","twitter_misc":{"Dur\u00e9e de lecture estim\u00e9e":"1 minute"},"schema":{"@context":"https:\/\/schema.org","@graph":[{"@type":"WebPage","@id":"https:\/\/apwschweiz.ch\/shop\/buecher\/nichtsprachliches-loesen-von-problemen-in-alltagssituationen\/","url":"https:\/\/apwschweiz.ch\/shop\/buecher\/nichtsprachliches-loesen-von-problemen-in-alltagssituationen\/","name":"R\u00e9solution non verbale de probl\u00e8mes | APW Suisse","isPartOf":{"@id":"https:\/\/apwschweiz.ch\/#website"},"primaryImageOfPage":{"@id":"https:\/\/apwschweiz.ch\/shop\/buecher\/nichtsprachliches-loesen-von-problemen-in-alltagssituationen\/#primaryimage"},"image":{"@id":"https:\/\/apwschweiz.ch\/shop\/buecher\/nichtsprachliches-loesen-von-problemen-in-alltagssituationen\/#primaryimage"},"thumbnailUrl":"https:\/\/apwschweiz.ch\/wp-content\/uploads\/2025\/08\/Nichtsprachliches-Loesen-von-Problemen-in-Alltagssituationen-APW-Schweiz.jpg","datePublished":"2025-08-27T12:12:08+00:00","dateModified":"2025-10-05T13:37:44+00:00","description":"Ce livre pr\u00e9sente un nouveau cadre pour le d\u00e9veloppement perceptivo-cognitif dans les troubles du langage et offre des aides th\u00e9rapeutiques. Commandez d\u00e8s maintenant !","breadcrumb":{"@id":"https:\/\/apwschweiz.ch\/shop\/buecher\/nichtsprachliches-loesen-von-problemen-in-alltagssituationen\/#breadcrumb"},"inLanguage":"fr-FR","potentialAction":[{"@type":"ReadAction","target":["https:\/\/apwschweiz.ch\/shop\/buecher\/nichtsprachliches-loesen-von-problemen-in-alltagssituationen\/"]}]},{"@type":"ImageObject","inLanguage":"fr-FR","@id":"https:\/\/apwschweiz.ch\/shop\/buecher\/nichtsprachliches-loesen-von-problemen-in-alltagssituationen\/#primaryimage","url":"https:\/\/apwschweiz.ch\/wp-content\/uploads\/2025\/08\/Nichtsprachliches-Loesen-von-Problemen-in-Alltagssituationen-APW-Schweiz.jpg","contentUrl":"https:\/\/apwschweiz.ch\/wp-content\/uploads\/2025\/08\/Nichtsprachliches-Loesen-von-Problemen-in-Alltagssituationen-APW-Schweiz.jpg","width":400,"height":564,"caption":"Nichtsprachliches L\u00f6sen von Problemen Buchcover"},{"@type":"BreadcrumbList","@id":"https:\/\/apwschweiz.ch\/shop\/buecher\/nichtsprachliches-loesen-von-problemen-in-alltagssituationen\/#breadcrumb","itemListElement":[{"@type":"ListItem","position":1,"name":"Startseite","item":"https:\/\/apwschweiz.ch\/"},{"@type":"ListItem","position":2,"name":"Shop","item":"https:\/\/apwschweiz.ch\/shop\/"},{"@type":"ListItem","position":3,"name":"B\u00fccher","item":"https:\/\/apwschweiz.ch\/produkt-kategorie\/buecher\/"},{"@type":"ListItem","position":4,"name":"Nichtsprachliches L\u00f6sen von Problemen in Alltagssituationen (Band 51)"}]},{"@type":"WebSite","@id":"https:\/\/apwschweiz.ch\/#website","url":"https:\/\/apwschweiz.ch\/","name":"Communaut\u00e9 de travail par perception","description":"Ensemble pour les personnes souffrant de troubles de la perception","publisher":{"@id":"https:\/\/apwschweiz.ch\/#organization"},"alternateName":"APW Schweiz","potentialAction":[{"@type":"SearchAction","target":{"@type":"EntryPoint","urlTemplate":"https:\/\/apwschweiz.ch\/?s={search_term_string}"},"query-input":{"@type":"PropertyValueSpecification","valueRequired":true,"valueName":"search_term_string"}}],"inLanguage":"fr-FR"},{"@type":"Organization","@id":"https:\/\/apwschweiz.ch\/#organization","name":"Communaut\u00e9 de travail par perception","alternateName":"APW Schweiz","url":"https:\/\/apwschweiz.ch\/","logo":{"@type":"ImageObject","inLanguage":"fr-FR","@id":"https:\/\/apwschweiz.ch\/#\/schema\/logo\/image\/","url":"https:\/\/apwschweiz.ch\/wp-content\/uploads\/2025\/07\/APW-Logo-Quadrat.png","contentUrl":"https:\/\/apwschweiz.ch\/wp-content\/uploads\/2025\/07\/APW-Logo-Quadrat.png","width":500,"height":500,"caption":"Arbeitsgemeinschaft pro Wahrnehmung"},"image":{"@id":"https:\/\/apwschweiz.ch\/#\/schema\/logo\/image\/"},"sameAs":["https:\/\/www.facebook.com\/tauapw"]}]}},"_links":{"self":[{"href":"https:\/\/apwschweiz.ch\/fr\/wp-json\/wp\/v2\/product\/4660","targetHints":{"allow":["GET"]}}],"collection":[{"href":"https:\/\/apwschweiz.ch\/fr\/wp-json\/wp\/v2\/product"}],"about":[{"href":"https:\/\/apwschweiz.ch\/fr\/wp-json\/wp\/v2\/types\/product"}],"wp:featuredmedia":[{"embeddable":true,"href":"https:\/\/apwschweiz.ch\/fr\/wp-json\/wp\/v2\/media\/5333"}],"wp:attachment":[{"href":"https:\/\/apwschweiz.ch\/fr\/wp-json\/wp\/v2\/media?parent=4660"}],"wp:term":[{"taxonomy":"product_brand","embeddable":true,"href":"https:\/\/apwschweiz.ch\/fr\/wp-json\/wp\/v2\/product_brand?post=4660"},{"taxonomy":"product_cat","embeddable":true,"href":"https:\/\/apwschweiz.ch\/fr\/wp-json\/wp\/v2\/product_cat?post=4660"},{"taxonomy":"product_tag","embeddable":true,"href":"https:\/\/apwschweiz.ch\/fr\/wp-json\/wp\/v2\/product_tag?post=4660"},{"taxonomy":"zielgruppe","embeddable":true,"href":"https:\/\/apwschweiz.ch\/fr\/wp-json\/wp\/v2\/zielgruppe?post=4660"}],"curies":[{"name":"wp","href":"https:\/\/api.w.org\/{rel}","templated":true}]}}