{"id":4665,"date":"2025-08-27T12:12:09","date_gmt":"2025-08-27T12:12:09","guid":{"rendered":"https:\/\/apwschweiz.ch\/wordpress\/produkt\/das-affolter-modellgespuerte-interaktion-im-alltag-als-wurzel-der-entwicklung\/"},"modified":"2026-03-10T11:38:05","modified_gmt":"2026-03-10T11:38:05","slug":"le-modele-daffolter-interaction-ressentie-dans-la-vie-quotidienne","status":"publish","type":"product","link":"https:\/\/apwschweiz.ch\/fr\/shop\/infobroschueren\/das-affolter-modell-gespuerte-interaktion-im-alltag\/","title":{"rendered":"Le mod\u00e8le Affolter\u00ae L'interaction ressentie au quotidien comme racine du d\u00e9veloppement"},"content":{"rendered":"","protected":false},"excerpt":{"rendered":"<p>La brochure de 6 pages s'adresse aux professionnels et aux proches. Elle offre un premier aper\u00e7u du mod\u00e8le Affolter\u00ae.<\/p>","protected":false},"featured_media":5321,"template":"","meta":{"_acf_changed":false},"product_brand":[],"product_cat":[44],"product_tag":[],"zielgruppe":[],"class_list":{"0":"post-4665","1":"product","2":"type-product","3":"status-publish","4":"has-post-thumbnail","6":"product_cat-infobroschueren","7":"product_shipping_class-dvd-infobroschuere","9":"first","10":"instock","11":"shipping-taxable","12":"purchasable","13":"product-type-simple"},"acf":[],"yoast_head":"<!-- This site is optimized with the Yoast SEO plugin v27.4 - https:\/\/yoast.com\/product\/yoast-seo-wordpress\/ -->\n<title>Das Affolter-Modell | APW Schweiz<\/title>\n<meta name=\"description\" content=\"Diese Brosch\u00fcre gibt Fachleuten und Angeh\u00f6rigen einen kompakten Einblick in das Affolter-Modell\u00ae. Jetzt kostenlos herunterladen.\" \/>\n<meta name=\"robots\" content=\"index, follow, max-snippet:-1, max-image-preview:large, max-video-preview:-1\" \/>\n<link rel=\"canonical\" href=\"https:\/\/apwschweiz.ch\/fr\/boutique\/brochures-dinformation\/le-modele-daffolter-interaction-ressentie-dans-la-vie-quotidienne\/\" \/>\n<meta property=\"og:locale\" content=\"fr_FR\" \/>\n<meta property=\"og:type\" content=\"article\" \/>\n<meta property=\"og:title\" content=\"Das Affolter-Modell | APW Schweiz\" \/>\n<meta property=\"og:description\" content=\"Diese Brosch\u00fcre gibt Fachleuten und Angeh\u00f6rigen einen kompakten Einblick in das Affolter-Modell\u00ae. Jetzt kostenlos herunterladen.\" \/>\n<meta property=\"og:url\" content=\"https:\/\/apwschweiz.ch\/fr\/boutique\/brochures-dinformation\/le-modele-daffolter-interaction-ressentie-dans-la-vie-quotidienne\/\" \/>\n<meta property=\"og:site_name\" content=\"APW Schweiz\" \/>\n<meta property=\"article:publisher\" content=\"https:\/\/www.facebook.com\/tauapw\" \/>\n<meta property=\"article:modified_time\" content=\"2026-03-10T11:38:05+00:00\" \/>\n<meta property=\"og:image\" content=\"https:\/\/apwschweiz.ch\/wp-content\/uploads\/2025\/08\/1991_PerceptionWirklichkeitLanga-ge_franzoesisch-APW-Schweiz.jpg\" \/>\n\t<meta property=\"og:image:width\" content=\"600\" \/>\n\t<meta property=\"og:image:height\" content=\"846\" \/>\n\t<meta property=\"og:image:type\" content=\"image\/jpeg\" \/>\n<meta name=\"twitter:card\" content=\"summary_large_image\" \/>\n<meta name=\"twitter:label1\" content=\"Dur\u00e9e de lecture estim\u00e9e\" \/>\n\t<meta name=\"twitter:data1\" content=\"1 minute\" \/>\n<script type=\"application\/ld+json\" class=\"yoast-schema-graph\">{\"@context\":\"https:\\\/\\\/schema.org\",\"@graph\":[{\"@type\":\"WebPage\",\"@id\":\"https:\\\/\\\/apwschweiz.ch\\\/shop\\\/infobroschueren\\\/das-affolter-modell-gespuerte-interaktion-im-alltag\\\/\",\"url\":\"https:\\\/\\\/apwschweiz.ch\\\/shop\\\/infobroschueren\\\/das-affolter-modell-gespuerte-interaktion-im-alltag\\\/\",\"name\":\"Das Affolter-Modell | APW Schweiz\",\"isPartOf\":{\"@id\":\"https:\\\/\\\/apwschweiz.ch\\\/#website\"},\"primaryImageOfPage\":{\"@id\":\"https:\\\/\\\/apwschweiz.ch\\\/shop\\\/infobroschueren\\\/das-affolter-modell-gespuerte-interaktion-im-alltag\\\/#primaryimage\"},\"image\":{\"@id\":\"https:\\\/\\\/apwschweiz.ch\\\/shop\\\/infobroschueren\\\/das-affolter-modell-gespuerte-interaktion-im-alltag\\\/#primaryimage\"},\"thumbnailUrl\":\"https:\\\/\\\/apwschweiz.ch\\\/wp-content\\\/uploads\\\/2025\\\/08\\\/1991_PerceptionWirklichkeitLanga-ge_franzoesisch-APW-Schweiz.jpg\",\"datePublished\":\"2025-08-27T12:12:09+00:00\",\"dateModified\":\"2026-03-10T11:38:05+00:00\",\"description\":\"Diese Brosch\u00fcre gibt Fachleuten und Angeh\u00f6rigen einen kompakten Einblick in das Affolter-Modell\u00ae. Jetzt kostenlos herunterladen.\",\"breadcrumb\":{\"@id\":\"https:\\\/\\\/apwschweiz.ch\\\/shop\\\/infobroschueren\\\/das-affolter-modell-gespuerte-interaktion-im-alltag\\\/#breadcrumb\"},\"inLanguage\":\"fr-FR\",\"potentialAction\":[{\"@type\":\"ReadAction\",\"target\":[\"https:\\\/\\\/apwschweiz.ch\\\/shop\\\/infobroschueren\\\/das-affolter-modell-gespuerte-interaktion-im-alltag\\\/\"]}]},{\"@type\":\"ImageObject\",\"inLanguage\":\"fr-FR\",\"@id\":\"https:\\\/\\\/apwschweiz.ch\\\/shop\\\/infobroschueren\\\/das-affolter-modell-gespuerte-interaktion-im-alltag\\\/#primaryimage\",\"url\":\"https:\\\/\\\/apwschweiz.ch\\\/wp-content\\\/uploads\\\/2025\\\/08\\\/1991_PerceptionWirklichkeitLanga-ge_franzoesisch-APW-Schweiz.jpg\",\"contentUrl\":\"https:\\\/\\\/apwschweiz.ch\\\/wp-content\\\/uploads\\\/2025\\\/08\\\/1991_PerceptionWirklichkeitLanga-ge_franzoesisch-APW-Schweiz.jpg\",\"width\":600,\"height\":846,\"caption\":\"2006_Heft_DasAffolterModell_DeutscherVerbandErgotherapeuten\"},{\"@type\":\"BreadcrumbList\",\"@id\":\"https:\\\/\\\/apwschweiz.ch\\\/shop\\\/infobroschueren\\\/das-affolter-modell-gespuerte-interaktion-im-alltag\\\/#breadcrumb\",\"itemListElement\":[{\"@type\":\"ListItem\",\"position\":1,\"name\":\"Startseite\",\"item\":\"https:\\\/\\\/apwschweiz.ch\\\/\"},{\"@type\":\"ListItem\",\"position\":2,\"name\":\"Shop\",\"item\":\"https:\\\/\\\/apwschweiz.ch\\\/shop\\\/\"},{\"@type\":\"ListItem\",\"position\":3,\"name\":\"Infobrosch\u00fcren\",\"item\":\"https:\\\/\\\/apwschweiz.ch\\\/produkt-kategorie\\\/infobroschueren\\\/\"},{\"@type\":\"ListItem\",\"position\":4,\"name\":\"Das Affolter-Modell\u00ae Gesp\u00fcrte Interaktion im Alltag als Wurzel der Entwicklung\"}]},{\"@type\":\"WebSite\",\"@id\":\"https:\\\/\\\/apwschweiz.ch\\\/#website\",\"url\":\"https:\\\/\\\/apwschweiz.ch\\\/\",\"name\":\"Arbeitsgemeinschaft pro Wahrnehmung\",\"description\":\"Gemeinsam f\u00fcr Menschen mit Wahrnehmungs\u00adst\u00f6rungen\",\"publisher\":{\"@id\":\"https:\\\/\\\/apwschweiz.ch\\\/#organization\"},\"alternateName\":\"APW Schweiz\",\"potentialAction\":[{\"@type\":\"SearchAction\",\"target\":{\"@type\":\"EntryPoint\",\"urlTemplate\":\"https:\\\/\\\/apwschweiz.ch\\\/?s={search_term_string}\"},\"query-input\":{\"@type\":\"PropertyValueSpecification\",\"valueRequired\":true,\"valueName\":\"search_term_string\"}}],\"inLanguage\":\"fr-FR\"},{\"@type\":\"Organization\",\"@id\":\"https:\\\/\\\/apwschweiz.ch\\\/#organization\",\"name\":\"Arbeitsgemeinschaft pro Wahrnehmung\",\"alternateName\":\"APW Schweiz\",\"url\":\"https:\\\/\\\/apwschweiz.ch\\\/\",\"logo\":{\"@type\":\"ImageObject\",\"inLanguage\":\"fr-FR\",\"@id\":\"https:\\\/\\\/apwschweiz.ch\\\/#\\\/schema\\\/logo\\\/image\\\/\",\"url\":\"https:\\\/\\\/apwschweiz.ch\\\/wp-content\\\/uploads\\\/2025\\\/07\\\/APW-Logo-Quadrat.png\",\"contentUrl\":\"https:\\\/\\\/apwschweiz.ch\\\/wp-content\\\/uploads\\\/2025\\\/07\\\/APW-Logo-Quadrat.png\",\"width\":500,\"height\":500,\"caption\":\"Arbeitsgemeinschaft pro Wahrnehmung\"},\"image\":{\"@id\":\"https:\\\/\\\/apwschweiz.ch\\\/#\\\/schema\\\/logo\\\/image\\\/\"},\"sameAs\":[\"https:\\\/\\\/www.facebook.com\\\/tauapw\"]}]}<\/script>\n<!-- \/ Yoast SEO plugin. -->","yoast_head_json":{"title":"Le mod\u00e8le Affolter | APW Suisse","description":"Cette brochure offre aux professionnels et aux proches un aper\u00e7u condens\u00e9 du mod\u00e8le Affolter\u00ae. T\u00e9l\u00e9chargez-la gratuitement d\u00e8s maintenant.","robots":{"index":"index","follow":"follow","max-snippet":"max-snippet:-1","max-image-preview":"max-image-preview:large","max-video-preview":"max-video-preview:-1"},"canonical":"https:\/\/apwschweiz.ch\/fr\/boutique\/brochures-dinformation\/le-modele-daffolter-interaction-ressentie-dans-la-vie-quotidienne\/","og_locale":"fr_FR","og_type":"article","og_title":"Das Affolter-Modell | APW Schweiz","og_description":"Diese Brosch\u00fcre gibt Fachleuten und Angeh\u00f6rigen einen kompakten Einblick in das Affolter-Modell\u00ae. Jetzt kostenlos herunterladen.","og_url":"https:\/\/apwschweiz.ch\/fr\/boutique\/brochures-dinformation\/le-modele-daffolter-interaction-ressentie-dans-la-vie-quotidienne\/","og_site_name":"APW Schweiz","article_publisher":"https:\/\/www.facebook.com\/tauapw","article_modified_time":"2026-03-10T11:38:05+00:00","og_image":[{"width":600,"height":846,"url":"https:\/\/apwschweiz.ch\/wp-content\/uploads\/2025\/08\/1991_PerceptionWirklichkeitLanga-ge_franzoesisch-APW-Schweiz.jpg","type":"image\/jpeg"}],"twitter_card":"summary_large_image","twitter_misc":{"Dur\u00e9e de lecture estim\u00e9e":"1 minute"},"schema":{"@context":"https:\/\/schema.org","@graph":[{"@type":"WebPage","@id":"https:\/\/apwschweiz.ch\/shop\/infobroschueren\/das-affolter-modell-gespuerte-interaktion-im-alltag\/","url":"https:\/\/apwschweiz.ch\/shop\/infobroschueren\/das-affolter-modell-gespuerte-interaktion-im-alltag\/","name":"Le mod\u00e8le Affolter | APW Suisse","isPartOf":{"@id":"https:\/\/apwschweiz.ch\/#website"},"primaryImageOfPage":{"@id":"https:\/\/apwschweiz.ch\/shop\/infobroschueren\/das-affolter-modell-gespuerte-interaktion-im-alltag\/#primaryimage"},"image":{"@id":"https:\/\/apwschweiz.ch\/shop\/infobroschueren\/das-affolter-modell-gespuerte-interaktion-im-alltag\/#primaryimage"},"thumbnailUrl":"https:\/\/apwschweiz.ch\/wp-content\/uploads\/2025\/08\/1991_PerceptionWirklichkeitLanga-ge_franzoesisch-APW-Schweiz.jpg","datePublished":"2025-08-27T12:12:09+00:00","dateModified":"2026-03-10T11:38:05+00:00","description":"Cette brochure offre aux professionnels et aux proches un aper\u00e7u condens\u00e9 du mod\u00e8le Affolter\u00ae. T\u00e9l\u00e9chargez-la gratuitement d\u00e8s maintenant.","breadcrumb":{"@id":"https:\/\/apwschweiz.ch\/shop\/infobroschueren\/das-affolter-modell-gespuerte-interaktion-im-alltag\/#breadcrumb"},"inLanguage":"fr-FR","potentialAction":[{"@type":"ReadAction","target":["https:\/\/apwschweiz.ch\/shop\/infobroschueren\/das-affolter-modell-gespuerte-interaktion-im-alltag\/"]}]},{"@type":"ImageObject","inLanguage":"fr-FR","@id":"https:\/\/apwschweiz.ch\/shop\/infobroschueren\/das-affolter-modell-gespuerte-interaktion-im-alltag\/#primaryimage","url":"https:\/\/apwschweiz.ch\/wp-content\/uploads\/2025\/08\/1991_PerceptionWirklichkeitLanga-ge_franzoesisch-APW-Schweiz.jpg","contentUrl":"https:\/\/apwschweiz.ch\/wp-content\/uploads\/2025\/08\/1991_PerceptionWirklichkeitLanga-ge_franzoesisch-APW-Schweiz.jpg","width":600,"height":846,"caption":"2006_Heft_DasAffolterModell_DeutscherVerbandErgotherapeuten"},{"@type":"BreadcrumbList","@id":"https:\/\/apwschweiz.ch\/shop\/infobroschueren\/das-affolter-modell-gespuerte-interaktion-im-alltag\/#breadcrumb","itemListElement":[{"@type":"ListItem","position":1,"name":"Startseite","item":"https:\/\/apwschweiz.ch\/"},{"@type":"ListItem","position":2,"name":"Shop","item":"https:\/\/apwschweiz.ch\/shop\/"},{"@type":"ListItem","position":3,"name":"Infobrosch\u00fcren","item":"https:\/\/apwschweiz.ch\/produkt-kategorie\/infobroschueren\/"},{"@type":"ListItem","position":4,"name":"Das Affolter-Modell\u00ae Gesp\u00fcrte Interaktion im Alltag als Wurzel der Entwicklung"}]},{"@type":"WebSite","@id":"https:\/\/apwschweiz.ch\/#website","url":"https:\/\/apwschweiz.ch\/","name":"Communaut\u00e9 de travail par perception","description":"Ensemble pour les personnes souffrant de troubles de la perception","publisher":{"@id":"https:\/\/apwschweiz.ch\/#organization"},"alternateName":"APW Schweiz","potentialAction":[{"@type":"SearchAction","target":{"@type":"EntryPoint","urlTemplate":"https:\/\/apwschweiz.ch\/?s={search_term_string}"},"query-input":{"@type":"PropertyValueSpecification","valueRequired":true,"valueName":"search_term_string"}}],"inLanguage":"fr-FR"},{"@type":"Organization","@id":"https:\/\/apwschweiz.ch\/#organization","name":"Communaut\u00e9 de travail par perception","alternateName":"APW Schweiz","url":"https:\/\/apwschweiz.ch\/","logo":{"@type":"ImageObject","inLanguage":"fr-FR","@id":"https:\/\/apwschweiz.ch\/#\/schema\/logo\/image\/","url":"https:\/\/apwschweiz.ch\/wp-content\/uploads\/2025\/07\/APW-Logo-Quadrat.png","contentUrl":"https:\/\/apwschweiz.ch\/wp-content\/uploads\/2025\/07\/APW-Logo-Quadrat.png","width":500,"height":500,"caption":"Arbeitsgemeinschaft pro Wahrnehmung"},"image":{"@id":"https:\/\/apwschweiz.ch\/#\/schema\/logo\/image\/"},"sameAs":["https:\/\/www.facebook.com\/tauapw"]}]}},"_links":{"self":[{"href":"https:\/\/apwschweiz.ch\/fr\/wp-json\/wp\/v2\/product\/4665","targetHints":{"allow":["GET"]}}],"collection":[{"href":"https:\/\/apwschweiz.ch\/fr\/wp-json\/wp\/v2\/product"}],"about":[{"href":"https:\/\/apwschweiz.ch\/fr\/wp-json\/wp\/v2\/types\/product"}],"wp:featuredmedia":[{"embeddable":true,"href":"https:\/\/apwschweiz.ch\/fr\/wp-json\/wp\/v2\/media\/5321"}],"wp:attachment":[{"href":"https:\/\/apwschweiz.ch\/fr\/wp-json\/wp\/v2\/media?parent=4665"}],"wp:term":[{"taxonomy":"product_brand","embeddable":true,"href":"https:\/\/apwschweiz.ch\/fr\/wp-json\/wp\/v2\/product_brand?post=4665"},{"taxonomy":"product_cat","embeddable":true,"href":"https:\/\/apwschweiz.ch\/fr\/wp-json\/wp\/v2\/product_cat?post=4665"},{"taxonomy":"product_tag","embeddable":true,"href":"https:\/\/apwschweiz.ch\/fr\/wp-json\/wp\/v2\/product_tag?post=4665"},{"taxonomy":"zielgruppe","embeddable":true,"href":"https:\/\/apwschweiz.ch\/fr\/wp-json\/wp\/v2\/zielgruppe?post=4665"}],"curies":[{"name":"wp","href":"https:\/\/api.w.org\/{rel}","templated":true}]}}