{"id":4666,"date":"2025-08-27T12:12:09","date_gmt":"2025-08-27T12:12:09","guid":{"rendered":"https:\/\/apwschweiz.ch\/wordpress\/produkt\/perception-wirklichkeit-et-langage\/"},"modified":"2026-02-20T14:54:44","modified_gmt":"2026-02-20T14:54:44","slug":"perception-realite-et-langage","status":"publish","type":"product","link":"https:\/\/apwschweiz.ch\/fr\/shop\/buecher\/perception-wirklichkeit-et-langage\/","title":{"rendered":"Perception, r\u00e9alit\u00e9 et langage"},"content":{"rendered":"<p>Ce livre porte sur des enfants et des adultes souffrant de troubles du comportement.<br \/>\nLa premi\u00e8re partie d\u00e9crit le d\u00e9veloppement d'enfants normaux, la deuxi\u00e8me les caract\u00e9ristiques manifest\u00e9es par les enfants et adultes qui souffrent de troubles de la perception, et la troisi\u00e8me aborde les processus d'apprentissage des personnes normales et handicap\u00e9es.<\/p>\n<p>De nombreuses photos et exemples illustrent diff\u00e9rents stades du d\u00e9veloppement normal et perturb\u00e9.<\/p>\n<p>En se basant sur ses recherches, Mme Affolter nous pr\u00e9sente un mod\u00e8le du d\u00e9veloppement humain o\u00f9 l'\u00e9volution d'une personne, \u00e0 travers les divers stades de ce d\u00e9veloppement, d\u00e9pend de la racine de la personne \u2013 l'origine du d\u00e9veloppement \u2013 qui consiste en une interaction tactilo-kinesth\u00e9sique avec son entourage.<\/p>\n<p>Ce mod\u00e8le de d\u00e9veloppement explique non seulement le d\u00e9veloppement de l'\u00eatre humain normal, mais permet \u00e9galement de diagnostiquer et de traiter les enfants et les adultes qui se sont d\u00e9velopp\u00e9s anormalement ou qui ont subi un traumatisme cr\u00e2nien.<\/p>\n<p>Quand notre traitement est le renforcement de \u00ab la racine \u00bb de la personne, nous la rendons capable de progresser et d'atteindre des niveaux sup\u00e9rieurs.<\/p>\n<p>Les personnes concern\u00e9es par les enfants et les adultes normaux ou handicap\u00e9s (que ce soit pour leur identification, leur \u00e9valuation, leur diagnostic, leur \u00e9ducation et\/ou leur traitement) tireront profit de ce livre.<\/p>","protected":false},"excerpt":{"rendered":"<p>This book is about children and adults who suffer from behavioral disorders. French copies can be ordered from Mrs. Claire Fl\u00fcck: <a href=\"mailto:cd.fluck@evs-hin.ch\">cd.fluck@evs-hin.ch<\/a><\/p>","protected":false},"featured_media":5319,"template":"","meta":{"_acf_changed":false},"product_brand":[],"product_cat":[43],"product_tag":[],"zielgruppe":[],"class_list":{"0":"post-4666","1":"product","2":"type-product","3":"status-publish","4":"has-post-thumbnail","6":"product_cat-buecher","7":"product_shipping_class-buch","9":"first","10":"instock","11":"shipping-taxable","12":"purchasable","13":"product-type-simple"},"acf":[],"yoast_head":"<!-- This site is optimized with the Yoast SEO plugin v27.4 - https:\/\/yoast.com\/product\/yoast-seo-wordpress\/ -->\n<title>Perception, Wirklichkeit et Langage | APW Schweiz<\/title>\n<meta name=\"description\" content=\"Ce livre pr\u00e9sente un mod\u00e8le du d\u00e9veloppement humain et aide \u00e0 comprendre, diagnostiquer et traiter les troubles perceptifs. Commandez maintenant!\" \/>\n<meta name=\"robots\" content=\"index, follow, max-snippet:-1, max-image-preview:large, max-video-preview:-1\" \/>\n<link rel=\"canonical\" href=\"https:\/\/apwschweiz.ch\/fr\/boutique\/buecher\/perception-realite-et-langage\/\" \/>\n<meta property=\"og:locale\" content=\"fr_FR\" \/>\n<meta property=\"og:type\" content=\"article\" \/>\n<meta property=\"og:title\" content=\"Perception, Wirklichkeit et Langage | APW Schweiz\" \/>\n<meta property=\"og:description\" content=\"Ce livre pr\u00e9sente un mod\u00e8le du d\u00e9veloppement humain et aide \u00e0 comprendre, diagnostiquer et traiter les troubles perceptifs. Commandez maintenant!\" \/>\n<meta property=\"og:url\" content=\"https:\/\/apwschweiz.ch\/fr\/boutique\/buecher\/perception-realite-et-langage\/\" \/>\n<meta property=\"og:site_name\" content=\"APW Schweiz\" \/>\n<meta property=\"article:publisher\" content=\"https:\/\/www.facebook.com\/tauapw\" \/>\n<meta property=\"article:modified_time\" content=\"2026-02-20T14:54:44+00:00\" \/>\n<meta property=\"og:image\" content=\"https:\/\/apwschweiz.ch\/wp-content\/uploads\/2025\/08\/1991-PerceptionWirklichkeitLanga-ge_franzoesisch-APW-Schweiz.jpg\" \/>\n\t<meta property=\"og:image:width\" content=\"400\" \/>\n\t<meta property=\"og:image:height\" content=\"564\" \/>\n\t<meta property=\"og:image:type\" content=\"image\/jpeg\" \/>\n<meta name=\"twitter:card\" content=\"summary_large_image\" \/>\n<meta name=\"twitter:label1\" content=\"Dur\u00e9e de lecture estim\u00e9e\" \/>\n\t<meta name=\"twitter:data1\" content=\"2 minutes\" \/>\n<script type=\"application\/ld+json\" class=\"yoast-schema-graph\">{\"@context\":\"https:\\\/\\\/schema.org\",\"@graph\":[{\"@type\":\"WebPage\",\"@id\":\"https:\\\/\\\/apwschweiz.ch\\\/shop\\\/buecher\\\/perception-wirklichkeit-et-langage\\\/\",\"url\":\"https:\\\/\\\/apwschweiz.ch\\\/shop\\\/buecher\\\/perception-wirklichkeit-et-langage\\\/\",\"name\":\"Perception, Wirklichkeit et Langage | APW Schweiz\",\"isPartOf\":{\"@id\":\"https:\\\/\\\/apwschweiz.ch\\\/#website\"},\"primaryImageOfPage\":{\"@id\":\"https:\\\/\\\/apwschweiz.ch\\\/shop\\\/buecher\\\/perception-wirklichkeit-et-langage\\\/#primaryimage\"},\"image\":{\"@id\":\"https:\\\/\\\/apwschweiz.ch\\\/shop\\\/buecher\\\/perception-wirklichkeit-et-langage\\\/#primaryimage\"},\"thumbnailUrl\":\"https:\\\/\\\/apwschweiz.ch\\\/wp-content\\\/uploads\\\/2025\\\/08\\\/1991-PerceptionWirklichkeitLanga-ge_franzoesisch-APW-Schweiz.jpg\",\"datePublished\":\"2025-08-27T12:12:09+00:00\",\"dateModified\":\"2026-02-20T14:54:44+00:00\",\"description\":\"Ce livre pr\u00e9sente un mod\u00e8le du d\u00e9veloppement humain et aide \u00e0 comprendre, diagnostiquer et traiter les troubles perceptifs. Commandez maintenant!\",\"breadcrumb\":{\"@id\":\"https:\\\/\\\/apwschweiz.ch\\\/shop\\\/buecher\\\/perception-wirklichkeit-et-langage\\\/#breadcrumb\"},\"inLanguage\":\"fr-FR\",\"potentialAction\":[{\"@type\":\"ReadAction\",\"target\":[\"https:\\\/\\\/apwschweiz.ch\\\/shop\\\/buecher\\\/perception-wirklichkeit-et-langage\\\/\"]}]},{\"@type\":\"ImageObject\",\"inLanguage\":\"fr-FR\",\"@id\":\"https:\\\/\\\/apwschweiz.ch\\\/shop\\\/buecher\\\/perception-wirklichkeit-et-langage\\\/#primaryimage\",\"url\":\"https:\\\/\\\/apwschweiz.ch\\\/wp-content\\\/uploads\\\/2025\\\/08\\\/1991-PerceptionWirklichkeitLanga-ge_franzoesisch-APW-Schweiz.jpg\",\"contentUrl\":\"https:\\\/\\\/apwschweiz.ch\\\/wp-content\\\/uploads\\\/2025\\\/08\\\/1991-PerceptionWirklichkeitLanga-ge_franzoesisch-APW-Schweiz.jpg\",\"width\":400,\"height\":564,\"caption\":\"1991_PerceptionWirklichkeitLanga-ge_franzo\u0308sisch\"},{\"@type\":\"BreadcrumbList\",\"@id\":\"https:\\\/\\\/apwschweiz.ch\\\/shop\\\/buecher\\\/perception-wirklichkeit-et-langage\\\/#breadcrumb\",\"itemListElement\":[{\"@type\":\"ListItem\",\"position\":1,\"name\":\"Startseite\",\"item\":\"https:\\\/\\\/apwschweiz.ch\\\/\"},{\"@type\":\"ListItem\",\"position\":2,\"name\":\"Shop\",\"item\":\"https:\\\/\\\/apwschweiz.ch\\\/shop\\\/\"},{\"@type\":\"ListItem\",\"position\":3,\"name\":\"B\u00fccher\",\"item\":\"https:\\\/\\\/apwschweiz.ch\\\/produkt-kategorie\\\/buecher\\\/\"},{\"@type\":\"ListItem\",\"position\":4,\"name\":\"Perception, Wirklichkeit et Langage\"}]},{\"@type\":\"WebSite\",\"@id\":\"https:\\\/\\\/apwschweiz.ch\\\/#website\",\"url\":\"https:\\\/\\\/apwschweiz.ch\\\/\",\"name\":\"Arbeitsgemeinschaft pro Wahrnehmung\",\"description\":\"Gemeinsam f\u00fcr Menschen mit Wahrnehmungs\u00adst\u00f6rungen\",\"publisher\":{\"@id\":\"https:\\\/\\\/apwschweiz.ch\\\/#organization\"},\"alternateName\":\"APW Schweiz\",\"potentialAction\":[{\"@type\":\"SearchAction\",\"target\":{\"@type\":\"EntryPoint\",\"urlTemplate\":\"https:\\\/\\\/apwschweiz.ch\\\/?s={search_term_string}\"},\"query-input\":{\"@type\":\"PropertyValueSpecification\",\"valueRequired\":true,\"valueName\":\"search_term_string\"}}],\"inLanguage\":\"fr-FR\"},{\"@type\":\"Organization\",\"@id\":\"https:\\\/\\\/apwschweiz.ch\\\/#organization\",\"name\":\"Arbeitsgemeinschaft pro Wahrnehmung\",\"alternateName\":\"APW Schweiz\",\"url\":\"https:\\\/\\\/apwschweiz.ch\\\/\",\"logo\":{\"@type\":\"ImageObject\",\"inLanguage\":\"fr-FR\",\"@id\":\"https:\\\/\\\/apwschweiz.ch\\\/#\\\/schema\\\/logo\\\/image\\\/\",\"url\":\"https:\\\/\\\/apwschweiz.ch\\\/wp-content\\\/uploads\\\/2025\\\/07\\\/APW-Logo-Quadrat.png\",\"contentUrl\":\"https:\\\/\\\/apwschweiz.ch\\\/wp-content\\\/uploads\\\/2025\\\/07\\\/APW-Logo-Quadrat.png\",\"width\":500,\"height\":500,\"caption\":\"Arbeitsgemeinschaft pro Wahrnehmung\"},\"image\":{\"@id\":\"https:\\\/\\\/apwschweiz.ch\\\/#\\\/schema\\\/logo\\\/image\\\/\"},\"sameAs\":[\"https:\\\/\\\/www.facebook.com\\\/tauapw\"]}]}<\/script>\n<!-- \/ Yoast SEO plugin. -->","yoast_head_json":{"title":"Perception, r\u00e9alit\u00e9 et langage | APW Suisse","description":"Ce livre pr\u00e9sente un mod\u00e8le du d\u00e9veloppement humain et aide \u00e0 comprendre, diagnostiquer et traiter les troubles perceptifs. Commandez d\u00e8s maintenant !","robots":{"index":"index","follow":"follow","max-snippet":"max-snippet:-1","max-image-preview":"max-image-preview:large","max-video-preview":"max-video-preview:-1"},"canonical":"https:\/\/apwschweiz.ch\/fr\/boutique\/buecher\/perception-realite-et-langage\/","og_locale":"fr_FR","og_type":"article","og_title":"Perception, Wirklichkeit et Langage | APW Schweiz","og_description":"Ce livre pr\u00e9sente un mod\u00e8le du d\u00e9veloppement humain et aide \u00e0 comprendre, diagnostiquer et traiter les troubles perceptifs. Commandez maintenant!","og_url":"https:\/\/apwschweiz.ch\/fr\/boutique\/buecher\/perception-realite-et-langage\/","og_site_name":"APW Schweiz","article_publisher":"https:\/\/www.facebook.com\/tauapw","article_modified_time":"2026-02-20T14:54:44+00:00","og_image":[{"width":400,"height":564,"url":"https:\/\/apwschweiz.ch\/wp-content\/uploads\/2025\/08\/1991-PerceptionWirklichkeitLanga-ge_franzoesisch-APW-Schweiz.jpg","type":"image\/jpeg"}],"twitter_card":"summary_large_image","twitter_misc":{"Dur\u00e9e de lecture estim\u00e9e":"2 minutes"},"schema":{"@context":"https:\/\/schema.org","@graph":[{"@type":"WebPage","@id":"https:\/\/apwschweiz.ch\/shop\/buecher\/perception-wirklichkeit-et-langage\/","url":"https:\/\/apwschweiz.ch\/shop\/buecher\/perception-wirklichkeit-et-langage\/","name":"Perception, r\u00e9alit\u00e9 et langage | APW Suisse","isPartOf":{"@id":"https:\/\/apwschweiz.ch\/#website"},"primaryImageOfPage":{"@id":"https:\/\/apwschweiz.ch\/shop\/buecher\/perception-wirklichkeit-et-langage\/#primaryimage"},"image":{"@id":"https:\/\/apwschweiz.ch\/shop\/buecher\/perception-wirklichkeit-et-langage\/#primaryimage"},"thumbnailUrl":"https:\/\/apwschweiz.ch\/wp-content\/uploads\/2025\/08\/1991-PerceptionWirklichkeitLanga-ge_franzoesisch-APW-Schweiz.jpg","datePublished":"2025-08-27T12:12:09+00:00","dateModified":"2026-02-20T14:54:44+00:00","description":"Ce livre pr\u00e9sente un mod\u00e8le du d\u00e9veloppement humain et aide \u00e0 comprendre, diagnostiquer et traiter les troubles perceptifs. Commandez d\u00e8s maintenant !","breadcrumb":{"@id":"https:\/\/apwschweiz.ch\/shop\/buecher\/perception-wirklichkeit-et-langage\/#breadcrumb"},"inLanguage":"fr-FR","potentialAction":[{"@type":"ReadAction","target":["https:\/\/apwschweiz.ch\/shop\/buecher\/perception-wirklichkeit-et-langage\/"]}]},{"@type":"ImageObject","inLanguage":"fr-FR","@id":"https:\/\/apwschweiz.ch\/shop\/buecher\/perception-wirklichkeit-et-langage\/#primaryimage","url":"https:\/\/apwschweiz.ch\/wp-content\/uploads\/2025\/08\/1991-PerceptionWirklichkeitLanga-ge_franzoesisch-APW-Schweiz.jpg","contentUrl":"https:\/\/apwschweiz.ch\/wp-content\/uploads\/2025\/08\/1991-PerceptionWirklichkeitLanga-ge_franzoesisch-APW-Schweiz.jpg","width":400,"height":564,"caption":"1991_PerceptionWirklichkeitLanga-ge_franzo\u0308sisch"},{"@type":"BreadcrumbList","@id":"https:\/\/apwschweiz.ch\/shop\/buecher\/perception-wirklichkeit-et-langage\/#breadcrumb","itemListElement":[{"@type":"ListItem","position":1,"name":"Startseite","item":"https:\/\/apwschweiz.ch\/"},{"@type":"ListItem","position":2,"name":"Shop","item":"https:\/\/apwschweiz.ch\/shop\/"},{"@type":"ListItem","position":3,"name":"B\u00fccher","item":"https:\/\/apwschweiz.ch\/produkt-kategorie\/buecher\/"},{"@type":"ListItem","position":4,"name":"Perception, Wirklichkeit et Langage"}]},{"@type":"WebSite","@id":"https:\/\/apwschweiz.ch\/#website","url":"https:\/\/apwschweiz.ch\/","name":"Communaut\u00e9 de travail par perception","description":"Ensemble pour les personnes souffrant de troubles de la perception","publisher":{"@id":"https:\/\/apwschweiz.ch\/#organization"},"alternateName":"APW Schweiz","potentialAction":[{"@type":"SearchAction","target":{"@type":"EntryPoint","urlTemplate":"https:\/\/apwschweiz.ch\/?s={search_term_string}"},"query-input":{"@type":"PropertyValueSpecification","valueRequired":true,"valueName":"search_term_string"}}],"inLanguage":"fr-FR"},{"@type":"Organization","@id":"https:\/\/apwschweiz.ch\/#organization","name":"Communaut\u00e9 de travail par perception","alternateName":"APW Schweiz","url":"https:\/\/apwschweiz.ch\/","logo":{"@type":"ImageObject","inLanguage":"fr-FR","@id":"https:\/\/apwschweiz.ch\/#\/schema\/logo\/image\/","url":"https:\/\/apwschweiz.ch\/wp-content\/uploads\/2025\/07\/APW-Logo-Quadrat.png","contentUrl":"https:\/\/apwschweiz.ch\/wp-content\/uploads\/2025\/07\/APW-Logo-Quadrat.png","width":500,"height":500,"caption":"Arbeitsgemeinschaft pro Wahrnehmung"},"image":{"@id":"https:\/\/apwschweiz.ch\/#\/schema\/logo\/image\/"},"sameAs":["https:\/\/www.facebook.com\/tauapw"]}]}},"_links":{"self":[{"href":"https:\/\/apwschweiz.ch\/fr\/wp-json\/wp\/v2\/product\/4666","targetHints":{"allow":["GET"]}}],"collection":[{"href":"https:\/\/apwschweiz.ch\/fr\/wp-json\/wp\/v2\/product"}],"about":[{"href":"https:\/\/apwschweiz.ch\/fr\/wp-json\/wp\/v2\/types\/product"}],"wp:featuredmedia":[{"embeddable":true,"href":"https:\/\/apwschweiz.ch\/fr\/wp-json\/wp\/v2\/media\/5319"}],"wp:attachment":[{"href":"https:\/\/apwschweiz.ch\/fr\/wp-json\/wp\/v2\/media?parent=4666"}],"wp:term":[{"taxonomy":"product_brand","embeddable":true,"href":"https:\/\/apwschweiz.ch\/fr\/wp-json\/wp\/v2\/product_brand?post=4666"},{"taxonomy":"product_cat","embeddable":true,"href":"https:\/\/apwschweiz.ch\/fr\/wp-json\/wp\/v2\/product_cat?post=4666"},{"taxonomy":"product_tag","embeddable":true,"href":"https:\/\/apwschweiz.ch\/fr\/wp-json\/wp\/v2\/product_tag?post=4666"},{"taxonomy":"zielgruppe","embeddable":true,"href":"https:\/\/apwschweiz.ch\/fr\/wp-json\/wp\/v2\/zielgruppe?post=4666"}],"curies":[{"name":"wp","href":"https:\/\/api.w.org\/{rel}","templated":true}]}}