{"id":4667,"date":"2025-08-27T12:12:09","date_gmt":"2025-08-27T12:12:09","guid":{"rendered":"https:\/\/apwschweiz.ch\/wordpress\/produkt\/apw-infobroschuere-nr-20\/"},"modified":"2025-10-05T13:37:44","modified_gmt":"2025-10-05T13:37:44","slug":"brochure-dinformation-apw-n-20","status":"publish","type":"product","link":"https:\/\/apwschweiz.ch\/fr\/shop\/infobroschueren\/apw-infobroschuere-nr-20\/","title":{"rendered":"Brochure d'information APW (n\u00b0 20)"},"content":{"rendered":"","protected":false},"excerpt":{"rendered":"<p>Le travail selon Affolter en ergoth\u00e9rapie p\u00e9diatrique<br \/>\nGuider parents and children on a shared path<\/p>","protected":false},"featured_media":5330,"template":"","meta":{"_acf_changed":false},"product_brand":[],"product_cat":[44],"product_tag":[95],"zielgruppe":[],"class_list":{"0":"post-4667","1":"product","2":"type-product","3":"status-publish","4":"has-post-thumbnail","6":"product_cat-infobroschueren","7":"product_tag-mitgliederrabatt","8":"product_shipping_class-dvd-infobroschuere","10":"first","11":"instock","12":"shipping-taxable","13":"purchasable","14":"product-type-simple"},"acf":[],"yoast_head":"<!-- This site is optimized with the Yoast SEO plugin v27.4 - https:\/\/yoast.com\/product\/yoast-seo-wordpress\/ -->\n<title>APW-Infobrosch\u00fcre (Nr. 20) | APW Schweiz<\/title>\n<meta name=\"description\" content=\"Dieses Buch zeigt die Anwendung des Affolter-Modells\u00ae in der p\u00e4diatrischen Ergotherapie mit Elternarbeit. Bestellen Sie jetzt!\" \/>\n<meta name=\"robots\" content=\"index, follow, max-snippet:-1, max-image-preview:large, max-video-preview:-1\" \/>\n<link rel=\"canonical\" href=\"https:\/\/apwschweiz.ch\/fr\/boutique\/brochures-dinformation\/brochure-dinformation-apw-n-20\/\" \/>\n<meta property=\"og:locale\" content=\"fr_FR\" \/>\n<meta property=\"og:type\" content=\"article\" \/>\n<meta property=\"og:title\" content=\"APW-Infobrosch\u00fcre (Nr. 20) | APW Schweiz\" \/>\n<meta property=\"og:description\" content=\"Dieses Buch zeigt die Anwendung des Affolter-Modells\u00ae in der p\u00e4diatrischen Ergotherapie mit Elternarbeit. Bestellen Sie jetzt!\" \/>\n<meta property=\"og:url\" content=\"https:\/\/apwschweiz.ch\/fr\/boutique\/brochures-dinformation\/brochure-dinformation-apw-n-20\/\" \/>\n<meta property=\"og:site_name\" content=\"APW Schweiz\" \/>\n<meta property=\"article:publisher\" content=\"https:\/\/www.facebook.com\/tauapw\" \/>\n<meta property=\"article:modified_time\" content=\"2025-10-05T13:37:44+00:00\" \/>\n<meta property=\"og:image\" content=\"https:\/\/apwschweiz.ch\/wp-content\/uploads\/2025\/08\/Infobroschuere-Nr-20-APW-Schweiz.jpg\" \/>\n\t<meta property=\"og:image:width\" content=\"400\" \/>\n\t<meta property=\"og:image:height\" content=\"565\" \/>\n\t<meta property=\"og:image:type\" content=\"image\/jpeg\" \/>\n<meta name=\"twitter:card\" content=\"summary_large_image\" \/>\n<meta name=\"twitter:label1\" content=\"Dur\u00e9e de lecture estim\u00e9e\" \/>\n\t<meta name=\"twitter:data1\" content=\"1 minute\" \/>\n<script type=\"application\/ld+json\" class=\"yoast-schema-graph\">{\"@context\":\"https:\\\/\\\/schema.org\",\"@graph\":[{\"@type\":\"WebPage\",\"@id\":\"https:\\\/\\\/apwschweiz.ch\\\/shop\\\/infobroschueren\\\/apw-infobroschuere-nr-20\\\/\",\"url\":\"https:\\\/\\\/apwschweiz.ch\\\/shop\\\/infobroschueren\\\/apw-infobroschuere-nr-20\\\/\",\"name\":\"APW-Infobrosch\u00fcre (Nr. 20) | APW Schweiz\",\"isPartOf\":{\"@id\":\"https:\\\/\\\/apwschweiz.ch\\\/#website\"},\"primaryImageOfPage\":{\"@id\":\"https:\\\/\\\/apwschweiz.ch\\\/shop\\\/infobroschueren\\\/apw-infobroschuere-nr-20\\\/#primaryimage\"},\"image\":{\"@id\":\"https:\\\/\\\/apwschweiz.ch\\\/shop\\\/infobroschueren\\\/apw-infobroschuere-nr-20\\\/#primaryimage\"},\"thumbnailUrl\":\"https:\\\/\\\/apwschweiz.ch\\\/wp-content\\\/uploads\\\/2025\\\/08\\\/Infobroschuere-Nr-20-APW-Schweiz.jpg\",\"datePublished\":\"2025-08-27T12:12:09+00:00\",\"dateModified\":\"2025-10-05T13:37:44+00:00\",\"description\":\"Dieses Buch zeigt die Anwendung des Affolter-Modells\u00ae in der p\u00e4diatrischen Ergotherapie mit Elternarbeit. Bestellen Sie jetzt!\",\"breadcrumb\":{\"@id\":\"https:\\\/\\\/apwschweiz.ch\\\/shop\\\/infobroschueren\\\/apw-infobroschuere-nr-20\\\/#breadcrumb\"},\"inLanguage\":\"fr-FR\",\"potentialAction\":[{\"@type\":\"ReadAction\",\"target\":[\"https:\\\/\\\/apwschweiz.ch\\\/shop\\\/infobroschueren\\\/apw-infobroschuere-nr-20\\\/\"]}]},{\"@type\":\"ImageObject\",\"inLanguage\":\"fr-FR\",\"@id\":\"https:\\\/\\\/apwschweiz.ch\\\/shop\\\/infobroschueren\\\/apw-infobroschuere-nr-20\\\/#primaryimage\",\"url\":\"https:\\\/\\\/apwschweiz.ch\\\/wp-content\\\/uploads\\\/2025\\\/08\\\/Infobroschuere-Nr-20-APW-Schweiz.jpg\",\"contentUrl\":\"https:\\\/\\\/apwschweiz.ch\\\/wp-content\\\/uploads\\\/2025\\\/08\\\/Infobroschuere-Nr-20-APW-Schweiz.jpg\",\"width\":400,\"height\":565,\"caption\":\"Infobrosch\u00fcre Nr. 20\"},{\"@type\":\"BreadcrumbList\",\"@id\":\"https:\\\/\\\/apwschweiz.ch\\\/shop\\\/infobroschueren\\\/apw-infobroschuere-nr-20\\\/#breadcrumb\",\"itemListElement\":[{\"@type\":\"ListItem\",\"position\":1,\"name\":\"Startseite\",\"item\":\"https:\\\/\\\/apwschweiz.ch\\\/\"},{\"@type\":\"ListItem\",\"position\":2,\"name\":\"Shop\",\"item\":\"https:\\\/\\\/apwschweiz.ch\\\/shop\\\/\"},{\"@type\":\"ListItem\",\"position\":3,\"name\":\"Infobrosch\u00fcren\",\"item\":\"https:\\\/\\\/apwschweiz.ch\\\/produkt-kategorie\\\/infobroschueren\\\/\"},{\"@type\":\"ListItem\",\"position\":4,\"name\":\"APW-Infobrosch\u00fcre (Nr. 20)\"}]},{\"@type\":\"WebSite\",\"@id\":\"https:\\\/\\\/apwschweiz.ch\\\/#website\",\"url\":\"https:\\\/\\\/apwschweiz.ch\\\/\",\"name\":\"Arbeitsgemeinschaft pro Wahrnehmung\",\"description\":\"Gemeinsam f\u00fcr Menschen mit Wahrnehmungs\u00adst\u00f6rungen\",\"publisher\":{\"@id\":\"https:\\\/\\\/apwschweiz.ch\\\/#organization\"},\"alternateName\":\"APW Schweiz\",\"potentialAction\":[{\"@type\":\"SearchAction\",\"target\":{\"@type\":\"EntryPoint\",\"urlTemplate\":\"https:\\\/\\\/apwschweiz.ch\\\/?s={search_term_string}\"},\"query-input\":{\"@type\":\"PropertyValueSpecification\",\"valueRequired\":true,\"valueName\":\"search_term_string\"}}],\"inLanguage\":\"fr-FR\"},{\"@type\":\"Organization\",\"@id\":\"https:\\\/\\\/apwschweiz.ch\\\/#organization\",\"name\":\"Arbeitsgemeinschaft pro Wahrnehmung\",\"alternateName\":\"APW Schweiz\",\"url\":\"https:\\\/\\\/apwschweiz.ch\\\/\",\"logo\":{\"@type\":\"ImageObject\",\"inLanguage\":\"fr-FR\",\"@id\":\"https:\\\/\\\/apwschweiz.ch\\\/#\\\/schema\\\/logo\\\/image\\\/\",\"url\":\"https:\\\/\\\/apwschweiz.ch\\\/wp-content\\\/uploads\\\/2025\\\/07\\\/APW-Logo-Quadrat.png\",\"contentUrl\":\"https:\\\/\\\/apwschweiz.ch\\\/wp-content\\\/uploads\\\/2025\\\/07\\\/APW-Logo-Quadrat.png\",\"width\":500,\"height\":500,\"caption\":\"Arbeitsgemeinschaft pro Wahrnehmung\"},\"image\":{\"@id\":\"https:\\\/\\\/apwschweiz.ch\\\/#\\\/schema\\\/logo\\\/image\\\/\"},\"sameAs\":[\"https:\\\/\\\/www.facebook.com\\\/tauapw\"]}]}<\/script>\n<!-- \/ Yoast SEO plugin. -->","yoast_head_json":{"title":"APW-Brochure d'information (N\u00b0 20) | APW Suisse","description":"Ce livre pr\u00e9sente l'application du mod\u00e8le Affolter\u00ae en ergoth\u00e9rapie p\u00e9diatrique avec un travail aupr\u00e8s des parents. Commandez d\u00e8s maintenant !","robots":{"index":"index","follow":"follow","max-snippet":"max-snippet:-1","max-image-preview":"max-image-preview:large","max-video-preview":"max-video-preview:-1"},"canonical":"https:\/\/apwschweiz.ch\/fr\/boutique\/brochures-dinformation\/brochure-dinformation-apw-n-20\/","og_locale":"fr_FR","og_type":"article","og_title":"APW-Infobrosch\u00fcre (Nr. 20) | APW Schweiz","og_description":"Dieses Buch zeigt die Anwendung des Affolter-Modells\u00ae in der p\u00e4diatrischen Ergotherapie mit Elternarbeit. Bestellen Sie jetzt!","og_url":"https:\/\/apwschweiz.ch\/fr\/boutique\/brochures-dinformation\/brochure-dinformation-apw-n-20\/","og_site_name":"APW Schweiz","article_publisher":"https:\/\/www.facebook.com\/tauapw","article_modified_time":"2025-10-05T13:37:44+00:00","og_image":[{"width":400,"height":565,"url":"https:\/\/apwschweiz.ch\/wp-content\/uploads\/2025\/08\/Infobroschuere-Nr-20-APW-Schweiz.jpg","type":"image\/jpeg"}],"twitter_card":"summary_large_image","twitter_misc":{"Dur\u00e9e de lecture estim\u00e9e":"1 minute"},"schema":{"@context":"https:\/\/schema.org","@graph":[{"@type":"WebPage","@id":"https:\/\/apwschweiz.ch\/shop\/infobroschueren\/apw-infobroschuere-nr-20\/","url":"https:\/\/apwschweiz.ch\/shop\/infobroschueren\/apw-infobroschuere-nr-20\/","name":"APW-Brochure d'information (N\u00b0 20) | APW Suisse","isPartOf":{"@id":"https:\/\/apwschweiz.ch\/#website"},"primaryImageOfPage":{"@id":"https:\/\/apwschweiz.ch\/shop\/infobroschueren\/apw-infobroschuere-nr-20\/#primaryimage"},"image":{"@id":"https:\/\/apwschweiz.ch\/shop\/infobroschueren\/apw-infobroschuere-nr-20\/#primaryimage"},"thumbnailUrl":"https:\/\/apwschweiz.ch\/wp-content\/uploads\/2025\/08\/Infobroschuere-Nr-20-APW-Schweiz.jpg","datePublished":"2025-08-27T12:12:09+00:00","dateModified":"2025-10-05T13:37:44+00:00","description":"Ce livre pr\u00e9sente l'application du mod\u00e8le Affolter\u00ae en ergoth\u00e9rapie p\u00e9diatrique avec un travail aupr\u00e8s des parents. Commandez d\u00e8s maintenant !","breadcrumb":{"@id":"https:\/\/apwschweiz.ch\/shop\/infobroschueren\/apw-infobroschuere-nr-20\/#breadcrumb"},"inLanguage":"fr-FR","potentialAction":[{"@type":"ReadAction","target":["https:\/\/apwschweiz.ch\/shop\/infobroschueren\/apw-infobroschuere-nr-20\/"]}]},{"@type":"ImageObject","inLanguage":"fr-FR","@id":"https:\/\/apwschweiz.ch\/shop\/infobroschueren\/apw-infobroschuere-nr-20\/#primaryimage","url":"https:\/\/apwschweiz.ch\/wp-content\/uploads\/2025\/08\/Infobroschuere-Nr-20-APW-Schweiz.jpg","contentUrl":"https:\/\/apwschweiz.ch\/wp-content\/uploads\/2025\/08\/Infobroschuere-Nr-20-APW-Schweiz.jpg","width":400,"height":565,"caption":"Infobrosch\u00fcre Nr. 20"},{"@type":"BreadcrumbList","@id":"https:\/\/apwschweiz.ch\/shop\/infobroschueren\/apw-infobroschuere-nr-20\/#breadcrumb","itemListElement":[{"@type":"ListItem","position":1,"name":"Startseite","item":"https:\/\/apwschweiz.ch\/"},{"@type":"ListItem","position":2,"name":"Shop","item":"https:\/\/apwschweiz.ch\/shop\/"},{"@type":"ListItem","position":3,"name":"Infobrosch\u00fcren","item":"https:\/\/apwschweiz.ch\/produkt-kategorie\/infobroschueren\/"},{"@type":"ListItem","position":4,"name":"APW-Infobrosch\u00fcre (Nr. 20)"}]},{"@type":"WebSite","@id":"https:\/\/apwschweiz.ch\/#website","url":"https:\/\/apwschweiz.ch\/","name":"Communaut\u00e9 de travail par perception","description":"Ensemble pour les personnes souffrant de troubles de la perception","publisher":{"@id":"https:\/\/apwschweiz.ch\/#organization"},"alternateName":"APW Schweiz","potentialAction":[{"@type":"SearchAction","target":{"@type":"EntryPoint","urlTemplate":"https:\/\/apwschweiz.ch\/?s={search_term_string}"},"query-input":{"@type":"PropertyValueSpecification","valueRequired":true,"valueName":"search_term_string"}}],"inLanguage":"fr-FR"},{"@type":"Organization","@id":"https:\/\/apwschweiz.ch\/#organization","name":"Communaut\u00e9 de travail par perception","alternateName":"APW Schweiz","url":"https:\/\/apwschweiz.ch\/","logo":{"@type":"ImageObject","inLanguage":"fr-FR","@id":"https:\/\/apwschweiz.ch\/#\/schema\/logo\/image\/","url":"https:\/\/apwschweiz.ch\/wp-content\/uploads\/2025\/07\/APW-Logo-Quadrat.png","contentUrl":"https:\/\/apwschweiz.ch\/wp-content\/uploads\/2025\/07\/APW-Logo-Quadrat.png","width":500,"height":500,"caption":"Arbeitsgemeinschaft pro Wahrnehmung"},"image":{"@id":"https:\/\/apwschweiz.ch\/#\/schema\/logo\/image\/"},"sameAs":["https:\/\/www.facebook.com\/tauapw"]}]}},"_links":{"self":[{"href":"https:\/\/apwschweiz.ch\/fr\/wp-json\/wp\/v2\/product\/4667","targetHints":{"allow":["GET"]}}],"collection":[{"href":"https:\/\/apwschweiz.ch\/fr\/wp-json\/wp\/v2\/product"}],"about":[{"href":"https:\/\/apwschweiz.ch\/fr\/wp-json\/wp\/v2\/types\/product"}],"wp:featuredmedia":[{"embeddable":true,"href":"https:\/\/apwschweiz.ch\/fr\/wp-json\/wp\/v2\/media\/5330"}],"wp:attachment":[{"href":"https:\/\/apwschweiz.ch\/fr\/wp-json\/wp\/v2\/media?parent=4667"}],"wp:term":[{"taxonomy":"product_brand","embeddable":true,"href":"https:\/\/apwschweiz.ch\/fr\/wp-json\/wp\/v2\/product_brand?post=4667"},{"taxonomy":"product_cat","embeddable":true,"href":"https:\/\/apwschweiz.ch\/fr\/wp-json\/wp\/v2\/product_cat?post=4667"},{"taxonomy":"product_tag","embeddable":true,"href":"https:\/\/apwschweiz.ch\/fr\/wp-json\/wp\/v2\/product_tag?post=4667"},{"taxonomy":"zielgruppe","embeddable":true,"href":"https:\/\/apwschweiz.ch\/fr\/wp-json\/wp\/v2\/zielgruppe?post=4667"}],"curies":[{"name":"wp","href":"https:\/\/api.w.org\/{rel}","templated":true}]}}