{"id":6234,"date":"2025-10-05T12:17:47","date_gmt":"2025-10-05T12:17:47","guid":{"rendered":"https:\/\/apwschweiz.ch\/?post_type=product&#038;p=6234"},"modified":"2025-10-05T13:37:47","modified_gmt":"2025-10-05T13:37:47","slug":"la-douleur-au-quotidien-le-modele-affolter-en-pratique-dvd","status":"publish","type":"product","link":"https:\/\/apwschweiz.ch\/fr\/shop\/filme\/spueren-im-alltag-das-affolter-modell-in-der-praxis-dvd\/","title":{"rendered":"Sentir au quotidien - Le mod\u00e8le Affolter\u00ae dans la pratique - DVD"},"content":{"rendered":"<p>Le mod\u00e8le Affolter\u00ae et la \u00ab Physioth\u00e9rapie kinesth\u00e9sique \u00bb qui en est d\u00e9riv\u00e9e sont appliqu\u00e9s, entre autres, dans la famille, dans les \u00e9coles, en r\u00e9adaptation neurologique, ainsi que dans les milieux de vie et de travail pour les personnes en situation de handicap.<br \/>\nL\u00e0, on rencontre diff\u00e9rents diagnostics, tels que le TSA, le TDAH, les troubles du d\u00e9veloppement, les troubles du comportement, etc. Les th\u00e9rapeutes du mod\u00e8le Affolter\u00ae tentent de regarder au-del\u00e0 des diagnostics et d'interpr\u00e9ter les r\u00e9sultats concernant l'organisation de la perception.<br \/>\nCe film montre comment des personnes ayant une organisation perceptive distinctive (\u00e9galement appel\u00e9e trouble de la perception) sont accompagn\u00e9es et soutenues dans leur vie quotidienne. L'interaction ressentie est au c\u0153ur de cette d\u00e9marche. Une approche qui permet la participation \u00e0 la vie quotidienne de diverses mani\u00e8res.<\/p>","protected":false},"excerpt":{"rendered":"<p>Ce film donne un aper\u00e7u de l'application du mod\u00e8le Affolter\u00ae et de la th\u00e9rapie d'interaction ressentie dans la vie quotidienne des personnes souffrant de troubles de la perception. Il montre comment les th\u00e9rapeutes accompagnent des personnes atteintes de diagnostics vari\u00e9s tels que le TSA, le TDAH ou des troubles du d\u00e9veloppement par des interactions ressenties cibl\u00e9es et favorisent leur participation \u00e0 la vie quotidienne.<\/p>","protected":false},"featured_media":5324,"template":"","meta":{"_acf_changed":false},"product_brand":[],"product_cat":[45],"product_tag":[],"zielgruppe":[],"class_list":{"0":"post-6234","1":"product","2":"type-product","3":"status-publish","4":"has-post-thumbnail","6":"product_cat-filme","7":"product_shipping_class-dvd-infobroschuere","9":"first","10":"instock","11":"shipping-taxable","12":"purchasable","13":"product-type-simple"},"acf":[],"yoast_head":"<!-- This site is optimized with the Yoast SEO plugin v27.4 - https:\/\/yoast.com\/product\/yoast-seo-wordpress\/ -->\n<title>Sp\u00fcren im Alltag \u2013 Affolter-Modell\u00ae im Film | APW Schweiz<\/title>\n<meta name=\"description\" content=\"Erleben Sie das Affolter-Modell\u00ae in der Praxis! Jetzt Film ansehen und verstehen, wie gesp\u00fcrte Interaktion Teilhabe im Alltag erm\u00f6glicht.\" \/>\n<meta name=\"robots\" content=\"index, follow, max-snippet:-1, max-image-preview:large, max-video-preview:-1\" \/>\n<link rel=\"canonical\" href=\"https:\/\/apwschweiz.ch\/fr\/boutique\/films\/la-douleur-au-quotidien-le-modele-affolter-en-pratique-dvd\/\" \/>\n<meta property=\"og:locale\" content=\"fr_FR\" \/>\n<meta property=\"og:type\" content=\"article\" \/>\n<meta property=\"og:title\" content=\"Sp\u00fcren im Alltag \u2013 Affolter-Modell\u00ae im Film | APW Schweiz\" \/>\n<meta property=\"og:description\" content=\"Erleben Sie das Affolter-Modell\u00ae in der Praxis! Jetzt Film ansehen und verstehen, wie gesp\u00fcrte Interaktion Teilhabe im Alltag erm\u00f6glicht.\" \/>\n<meta property=\"og:url\" content=\"https:\/\/apwschweiz.ch\/fr\/boutique\/films\/la-douleur-au-quotidien-le-modele-affolter-en-pratique-dvd\/\" \/>\n<meta property=\"og:site_name\" content=\"APW Schweiz\" \/>\n<meta property=\"article:publisher\" content=\"https:\/\/www.facebook.com\/tauapw\" \/>\n<meta property=\"article:modified_time\" content=\"2025-10-05T13:37:47+00:00\" \/>\n<meta property=\"og:image\" content=\"https:\/\/apwschweiz.ch\/wp-content\/uploads\/2025\/05\/Spueren-im-Alltag-Film_DVD_Vorderseite-APW-Schweiz.jpg\" \/>\n\t<meta property=\"og:image:width\" content=\"714\" \/>\n\t<meta property=\"og:image:height\" content=\"1006\" \/>\n\t<meta property=\"og:image:type\" content=\"image\/jpeg\" \/>\n<meta name=\"twitter:card\" content=\"summary_large_image\" \/>\n<meta name=\"twitter:label1\" content=\"Dur\u00e9e de lecture estim\u00e9e\" \/>\n\t<meta name=\"twitter:data1\" content=\"1 minute\" \/>\n<script type=\"application\/ld+json\" class=\"yoast-schema-graph\">{\"@context\":\"https:\\\/\\\/schema.org\",\"@graph\":[{\"@type\":\"WebPage\",\"@id\":\"https:\\\/\\\/apwschweiz.ch\\\/shop\\\/filme\\\/spueren-im-alltag-das-affolter-modell-in-der-praxis-dvd\\\/\",\"url\":\"https:\\\/\\\/apwschweiz.ch\\\/shop\\\/filme\\\/spueren-im-alltag-das-affolter-modell-in-der-praxis-dvd\\\/\",\"name\":\"Sp\u00fcren im Alltag \u2013 Affolter-Modell\u00ae im Film | APW Schweiz\",\"isPartOf\":{\"@id\":\"https:\\\/\\\/apwschweiz.ch\\\/#website\"},\"primaryImageOfPage\":{\"@id\":\"https:\\\/\\\/apwschweiz.ch\\\/shop\\\/filme\\\/spueren-im-alltag-das-affolter-modell-in-der-praxis-dvd\\\/#primaryimage\"},\"image\":{\"@id\":\"https:\\\/\\\/apwschweiz.ch\\\/shop\\\/filme\\\/spueren-im-alltag-das-affolter-modell-in-der-praxis-dvd\\\/#primaryimage\"},\"thumbnailUrl\":\"https:\\\/\\\/apwschweiz.ch\\\/wp-content\\\/uploads\\\/2025\\\/05\\\/Spueren-im-Alltag-Film_DVD_Vorderseite-APW-Schweiz.jpg\",\"datePublished\":\"2025-10-05T12:17:47+00:00\",\"dateModified\":\"2025-10-05T13:37:47+00:00\",\"description\":\"Erleben Sie das Affolter-Modell\u00ae in der Praxis! Jetzt Film ansehen und verstehen, wie gesp\u00fcrte Interaktion Teilhabe im Alltag erm\u00f6glicht.\",\"breadcrumb\":{\"@id\":\"https:\\\/\\\/apwschweiz.ch\\\/shop\\\/filme\\\/spueren-im-alltag-das-affolter-modell-in-der-praxis-dvd\\\/#breadcrumb\"},\"inLanguage\":\"fr-FR\",\"potentialAction\":[{\"@type\":\"ReadAction\",\"target\":[\"https:\\\/\\\/apwschweiz.ch\\\/shop\\\/filme\\\/spueren-im-alltag-das-affolter-modell-in-der-praxis-dvd\\\/\"]}]},{\"@type\":\"ImageObject\",\"inLanguage\":\"fr-FR\",\"@id\":\"https:\\\/\\\/apwschweiz.ch\\\/shop\\\/filme\\\/spueren-im-alltag-das-affolter-modell-in-der-praxis-dvd\\\/#primaryimage\",\"url\":\"https:\\\/\\\/apwschweiz.ch\\\/wp-content\\\/uploads\\\/2025\\\/05\\\/Spueren-im-Alltag-Film_DVD_Vorderseite-APW-Schweiz.jpg\",\"contentUrl\":\"https:\\\/\\\/apwschweiz.ch\\\/wp-content\\\/uploads\\\/2025\\\/05\\\/Spueren-im-Alltag-Film_DVD_Vorderseite-APW-Schweiz.jpg\",\"width\":714,\"height\":1006,\"caption\":\"DVD Vorderseite Spueren im Alltag das Affolter-Modell in der Praxis\"},{\"@type\":\"BreadcrumbList\",\"@id\":\"https:\\\/\\\/apwschweiz.ch\\\/shop\\\/filme\\\/spueren-im-alltag-das-affolter-modell-in-der-praxis-dvd\\\/#breadcrumb\",\"itemListElement\":[{\"@type\":\"ListItem\",\"position\":1,\"name\":\"Startseite\",\"item\":\"https:\\\/\\\/apwschweiz.ch\\\/\"},{\"@type\":\"ListItem\",\"position\":2,\"name\":\"Shop\",\"item\":\"https:\\\/\\\/apwschweiz.ch\\\/shop\\\/\"},{\"@type\":\"ListItem\",\"position\":3,\"name\":\"Filme\",\"item\":\"https:\\\/\\\/apwschweiz.ch\\\/produkt-kategorie\\\/filme\\\/\"},{\"@type\":\"ListItem\",\"position\":4,\"name\":\"Sp\u00fcren im Alltag &#8211; Das Affolter-Modell\u00ae in der Praxis &#8211; DVD\"}]},{\"@type\":\"WebSite\",\"@id\":\"https:\\\/\\\/apwschweiz.ch\\\/#website\",\"url\":\"https:\\\/\\\/apwschweiz.ch\\\/\",\"name\":\"Arbeitsgemeinschaft pro Wahrnehmung\",\"description\":\"Gemeinsam f\u00fcr Menschen mit Wahrnehmungs\u00adst\u00f6rungen\",\"publisher\":{\"@id\":\"https:\\\/\\\/apwschweiz.ch\\\/#organization\"},\"alternateName\":\"APW Schweiz\",\"potentialAction\":[{\"@type\":\"SearchAction\",\"target\":{\"@type\":\"EntryPoint\",\"urlTemplate\":\"https:\\\/\\\/apwschweiz.ch\\\/?s={search_term_string}\"},\"query-input\":{\"@type\":\"PropertyValueSpecification\",\"valueRequired\":true,\"valueName\":\"search_term_string\"}}],\"inLanguage\":\"fr-FR\"},{\"@type\":\"Organization\",\"@id\":\"https:\\\/\\\/apwschweiz.ch\\\/#organization\",\"name\":\"Arbeitsgemeinschaft pro Wahrnehmung\",\"alternateName\":\"APW Schweiz\",\"url\":\"https:\\\/\\\/apwschweiz.ch\\\/\",\"logo\":{\"@type\":\"ImageObject\",\"inLanguage\":\"fr-FR\",\"@id\":\"https:\\\/\\\/apwschweiz.ch\\\/#\\\/schema\\\/logo\\\/image\\\/\",\"url\":\"https:\\\/\\\/apwschweiz.ch\\\/wp-content\\\/uploads\\\/2025\\\/07\\\/APW-Logo-Quadrat.png\",\"contentUrl\":\"https:\\\/\\\/apwschweiz.ch\\\/wp-content\\\/uploads\\\/2025\\\/07\\\/APW-Logo-Quadrat.png\",\"width\":500,\"height\":500,\"caption\":\"Arbeitsgemeinschaft pro Wahrnehmung\"},\"image\":{\"@id\":\"https:\\\/\\\/apwschweiz.ch\\\/#\\\/schema\\\/logo\\\/image\\\/\"},\"sameAs\":[\"https:\\\/\\\/www.facebook.com\\\/tauapw\"]}]}<\/script>\n<!-- \/ Yoast SEO plugin. -->","yoast_head_json":{"title":"Ressentir au quotidien \u2013 Mod\u00e8le Affolter\u00ae en film | APW Suisse","description":"D\u00e9couvrez le mod\u00e8le Affolter\u00ae en pratique ! Regardez la vid\u00e9o maintenant et comprenez comment l'interaction ressentie permet la participation au quotidien.","robots":{"index":"index","follow":"follow","max-snippet":"max-snippet:-1","max-image-preview":"max-image-preview:large","max-video-preview":"max-video-preview:-1"},"canonical":"https:\/\/apwschweiz.ch\/fr\/boutique\/films\/la-douleur-au-quotidien-le-modele-affolter-en-pratique-dvd\/","og_locale":"fr_FR","og_type":"article","og_title":"Sp\u00fcren im Alltag \u2013 Affolter-Modell\u00ae im Film | APW Schweiz","og_description":"Erleben Sie das Affolter-Modell\u00ae in der Praxis! Jetzt Film ansehen und verstehen, wie gesp\u00fcrte Interaktion Teilhabe im Alltag erm\u00f6glicht.","og_url":"https:\/\/apwschweiz.ch\/fr\/boutique\/films\/la-douleur-au-quotidien-le-modele-affolter-en-pratique-dvd\/","og_site_name":"APW Schweiz","article_publisher":"https:\/\/www.facebook.com\/tauapw","article_modified_time":"2025-10-05T13:37:47+00:00","og_image":[{"width":714,"height":1006,"url":"https:\/\/apwschweiz.ch\/wp-content\/uploads\/2025\/05\/Spueren-im-Alltag-Film_DVD_Vorderseite-APW-Schweiz.jpg","type":"image\/jpeg"}],"twitter_card":"summary_large_image","twitter_misc":{"Dur\u00e9e de lecture estim\u00e9e":"1 minute"},"schema":{"@context":"https:\/\/schema.org","@graph":[{"@type":"WebPage","@id":"https:\/\/apwschweiz.ch\/shop\/filme\/spueren-im-alltag-das-affolter-modell-in-der-praxis-dvd\/","url":"https:\/\/apwschweiz.ch\/shop\/filme\/spueren-im-alltag-das-affolter-modell-in-der-praxis-dvd\/","name":"Ressentir au quotidien \u2013 Mod\u00e8le Affolter\u00ae en film | APW Suisse","isPartOf":{"@id":"https:\/\/apwschweiz.ch\/#website"},"primaryImageOfPage":{"@id":"https:\/\/apwschweiz.ch\/shop\/filme\/spueren-im-alltag-das-affolter-modell-in-der-praxis-dvd\/#primaryimage"},"image":{"@id":"https:\/\/apwschweiz.ch\/shop\/filme\/spueren-im-alltag-das-affolter-modell-in-der-praxis-dvd\/#primaryimage"},"thumbnailUrl":"https:\/\/apwschweiz.ch\/wp-content\/uploads\/2025\/05\/Spueren-im-Alltag-Film_DVD_Vorderseite-APW-Schweiz.jpg","datePublished":"2025-10-05T12:17:47+00:00","dateModified":"2025-10-05T13:37:47+00:00","description":"D\u00e9couvrez le mod\u00e8le Affolter\u00ae en pratique ! Regardez la vid\u00e9o maintenant et comprenez comment l'interaction ressentie permet la participation au quotidien.","breadcrumb":{"@id":"https:\/\/apwschweiz.ch\/shop\/filme\/spueren-im-alltag-das-affolter-modell-in-der-praxis-dvd\/#breadcrumb"},"inLanguage":"fr-FR","potentialAction":[{"@type":"ReadAction","target":["https:\/\/apwschweiz.ch\/shop\/filme\/spueren-im-alltag-das-affolter-modell-in-der-praxis-dvd\/"]}]},{"@type":"ImageObject","inLanguage":"fr-FR","@id":"https:\/\/apwschweiz.ch\/shop\/filme\/spueren-im-alltag-das-affolter-modell-in-der-praxis-dvd\/#primaryimage","url":"https:\/\/apwschweiz.ch\/wp-content\/uploads\/2025\/05\/Spueren-im-Alltag-Film_DVD_Vorderseite-APW-Schweiz.jpg","contentUrl":"https:\/\/apwschweiz.ch\/wp-content\/uploads\/2025\/05\/Spueren-im-Alltag-Film_DVD_Vorderseite-APW-Schweiz.jpg","width":714,"height":1006,"caption":"DVD Vorderseite Spueren im Alltag das Affolter-Modell in der Praxis"},{"@type":"BreadcrumbList","@id":"https:\/\/apwschweiz.ch\/shop\/filme\/spueren-im-alltag-das-affolter-modell-in-der-praxis-dvd\/#breadcrumb","itemListElement":[{"@type":"ListItem","position":1,"name":"Startseite","item":"https:\/\/apwschweiz.ch\/"},{"@type":"ListItem","position":2,"name":"Shop","item":"https:\/\/apwschweiz.ch\/shop\/"},{"@type":"ListItem","position":3,"name":"Filme","item":"https:\/\/apwschweiz.ch\/produkt-kategorie\/filme\/"},{"@type":"ListItem","position":4,"name":"Sp\u00fcren im Alltag &#8211; Das Affolter-Modell\u00ae in der Praxis &#8211; DVD"}]},{"@type":"WebSite","@id":"https:\/\/apwschweiz.ch\/#website","url":"https:\/\/apwschweiz.ch\/","name":"Communaut\u00e9 de travail par perception","description":"Ensemble pour les personnes souffrant de troubles de la perception","publisher":{"@id":"https:\/\/apwschweiz.ch\/#organization"},"alternateName":"APW Schweiz","potentialAction":[{"@type":"SearchAction","target":{"@type":"EntryPoint","urlTemplate":"https:\/\/apwschweiz.ch\/?s={search_term_string}"},"query-input":{"@type":"PropertyValueSpecification","valueRequired":true,"valueName":"search_term_string"}}],"inLanguage":"fr-FR"},{"@type":"Organization","@id":"https:\/\/apwschweiz.ch\/#organization","name":"Communaut\u00e9 de travail par perception","alternateName":"APW Schweiz","url":"https:\/\/apwschweiz.ch\/","logo":{"@type":"ImageObject","inLanguage":"fr-FR","@id":"https:\/\/apwschweiz.ch\/#\/schema\/logo\/image\/","url":"https:\/\/apwschweiz.ch\/wp-content\/uploads\/2025\/07\/APW-Logo-Quadrat.png","contentUrl":"https:\/\/apwschweiz.ch\/wp-content\/uploads\/2025\/07\/APW-Logo-Quadrat.png","width":500,"height":500,"caption":"Arbeitsgemeinschaft pro Wahrnehmung"},"image":{"@id":"https:\/\/apwschweiz.ch\/#\/schema\/logo\/image\/"},"sameAs":["https:\/\/www.facebook.com\/tauapw"]}]}},"_links":{"self":[{"href":"https:\/\/apwschweiz.ch\/fr\/wp-json\/wp\/v2\/product\/6234","targetHints":{"allow":["GET"]}}],"collection":[{"href":"https:\/\/apwschweiz.ch\/fr\/wp-json\/wp\/v2\/product"}],"about":[{"href":"https:\/\/apwschweiz.ch\/fr\/wp-json\/wp\/v2\/types\/product"}],"wp:featuredmedia":[{"embeddable":true,"href":"https:\/\/apwschweiz.ch\/fr\/wp-json\/wp\/v2\/media\/5324"}],"wp:attachment":[{"href":"https:\/\/apwschweiz.ch\/fr\/wp-json\/wp\/v2\/media?parent=6234"}],"wp:term":[{"taxonomy":"product_brand","embeddable":true,"href":"https:\/\/apwschweiz.ch\/fr\/wp-json\/wp\/v2\/product_brand?post=6234"},{"taxonomy":"product_cat","embeddable":true,"href":"https:\/\/apwschweiz.ch\/fr\/wp-json\/wp\/v2\/product_cat?post=6234"},{"taxonomy":"product_tag","embeddable":true,"href":"https:\/\/apwschweiz.ch\/fr\/wp-json\/wp\/v2\/product_tag?post=6234"},{"taxonomy":"zielgruppe","embeddable":true,"href":"https:\/\/apwschweiz.ch\/fr\/wp-json\/wp\/v2\/zielgruppe?post=6234"}],"curies":[{"name":"wp","href":"https:\/\/api.w.org\/{rel}","templated":true}]}}