{"id":6762,"date":"2026-02-20T14:36:58","date_gmt":"2026-02-20T14:36:58","guid":{"rendered":"https:\/\/apwschweiz.ch\/?post_type=product&#038;p=6762"},"modified":"2026-03-01T14:45:24","modified_gmt":"2026-03-01T14:45:24","slug":"perception-interaction-et-langage-affolter","status":"publish","type":"product","link":"https:\/\/apwschweiz.ch\/fr\/shop\/buecher\/perception-interaction-and-language-affolter\/","title":{"rendered":"Perception, Interaction et Langage"},"content":{"rendered":"<p class=\"p1\">En <i>Perception, Interaction et Langage<\/i>, F\u00e9licie D. Affolter pr\u00e9sente les fondements th\u00e9oriques du mod\u00e8le Affolter et explique pourquoi l'interaction guid\u00e9e dans les situations quotidiennes est centrale pour le d\u00e9veloppement humain.<\/p>\n<p class=\"p1\">La perception est d\u00e9crite comme la racine du d\u00e9veloppement. Par l'interaction dans les activit\u00e9s de la vie quotidienne, les individus construisent leur compr\u00e9hension du monde. L'action et la perception forment une unit\u00e9 ins\u00e9parable qui permet l'apprentissage, la communication et le d\u00e9veloppement du langage.<\/p>\n<p class=\"p1\">Le livre d\u00e9crit comment les perturbations des processus perceptifs affectent le d\u00e9veloppement cognitif, moteur et linguistique. Il fournit un cadre structur\u00e9 aux professionnels travaillant avec des enfants, des adolescents et des adultes qui \u00e9prouvent des difficult\u00e9s perceptuelles et interactionnelles.<\/p>\n<p class=\"p1\">Combinant th\u00e9orie et perspicacit\u00e9 clinique, ce volume reste une r\u00e9f\u00e9rence cl\u00e9 pour les th\u00e9rapeutes, les \u00e9ducateurs et tous les professionnels appliquant le Mod\u00e8le Affolter en pratique.<\/p>","protected":false},"excerpt":{"rendered":"<p class=\"p1\">L'\u0153uvre classique de F\u00e9licie D. Affolter sur la perception comme fondement de l'interaction, du d\u00e9veloppement et du langage. D\u00e9sormais disponible en anglais directement aupr\u00e8s d'APW Suisse.<\/p>","protected":false},"featured_media":6763,"template":"","meta":{"_acf_changed":false},"product_brand":[],"product_cat":[43],"product_tag":[],"zielgruppe":[],"class_list":{"0":"post-6762","1":"product","2":"type-product","3":"status-publish","4":"has-post-thumbnail","6":"product_cat-buecher","7":"product_shipping_class-buch","9":"first","10":"instock","11":"shipping-taxable","12":"purchasable","13":"product-type-simple"},"acf":[],"yoast_head":"<!-- This site is optimized with the Yoast SEO plugin v27.4 - https:\/\/yoast.com\/product\/yoast-seo-wordpress\/ -->\n<title>Perception, Interaction and Language | APW Schweiz<\/title>\n<meta name=\"description\" content=\"Perception, Interaction and Language von F. D. Affolter. Englische Ausgabe zum Affolter Modell jetzt bei APW Schweiz erh\u00e4ltlich. Jetzt bestellen!\" \/>\n<meta name=\"robots\" content=\"index, follow, max-snippet:-1, max-image-preview:large, max-video-preview:-1\" \/>\n<link rel=\"canonical\" href=\"https:\/\/apwschweiz.ch\/fr\/boutique\/buecher\/perception-interaction-et-langage-affolter\/\" \/>\n<meta property=\"og:locale\" content=\"fr_FR\" \/>\n<meta property=\"og:type\" content=\"article\" \/>\n<meta property=\"og:title\" content=\"Perception, Interaction and Language | APW Schweiz\" \/>\n<meta property=\"og:description\" content=\"Perception, Interaction and Language von F. D. Affolter. Englische Ausgabe zum Affolter Modell jetzt bei APW Schweiz erh\u00e4ltlich. Jetzt bestellen!\" \/>\n<meta property=\"og:url\" content=\"https:\/\/apwschweiz.ch\/fr\/boutique\/buecher\/perception-interaction-et-langage-affolter\/\" \/>\n<meta property=\"og:site_name\" content=\"APW Schweiz\" \/>\n<meta property=\"article:publisher\" content=\"https:\/\/www.facebook.com\/tauapw\" \/>\n<meta property=\"article:modified_time\" content=\"2026-03-01T14:45:24+00:00\" \/>\n<meta property=\"og:image\" content=\"https:\/\/apwschweiz.ch\/wp-content\/uploads\/2026\/02\/1991_PerceptionWirklichkeitLangage_englisch.webp\" \/>\n\t<meta property=\"og:image:width\" content=\"401\" \/>\n\t<meta property=\"og:image:height\" content=\"620\" \/>\n\t<meta property=\"og:image:type\" content=\"image\/webp\" \/>\n<meta name=\"twitter:card\" content=\"summary_large_image\" \/>\n<meta name=\"twitter:label1\" content=\"Dur\u00e9e de lecture estim\u00e9e\" \/>\n\t<meta name=\"twitter:data1\" content=\"1 minute\" \/>\n<script type=\"application\/ld+json\" class=\"yoast-schema-graph\">{\"@context\":\"https:\\\/\\\/schema.org\",\"@graph\":[{\"@type\":\"WebPage\",\"@id\":\"https:\\\/\\\/apwschweiz.ch\\\/shop\\\/buecher\\\/perception-interaction-and-language-affolter\\\/\",\"url\":\"https:\\\/\\\/apwschweiz.ch\\\/shop\\\/buecher\\\/perception-interaction-and-language-affolter\\\/\",\"name\":\"Perception, Interaction and Language | APW Schweiz\",\"isPartOf\":{\"@id\":\"https:\\\/\\\/apwschweiz.ch\\\/#website\"},\"primaryImageOfPage\":{\"@id\":\"https:\\\/\\\/apwschweiz.ch\\\/shop\\\/buecher\\\/perception-interaction-and-language-affolter\\\/#primaryimage\"},\"image\":{\"@id\":\"https:\\\/\\\/apwschweiz.ch\\\/shop\\\/buecher\\\/perception-interaction-and-language-affolter\\\/#primaryimage\"},\"thumbnailUrl\":\"https:\\\/\\\/apwschweiz.ch\\\/wp-content\\\/uploads\\\/2026\\\/02\\\/1991_PerceptionWirklichkeitLangage_englisch.webp\",\"datePublished\":\"2026-02-20T14:36:58+00:00\",\"dateModified\":\"2026-03-01T14:45:24+00:00\",\"description\":\"Perception, Interaction and Language von F. D. Affolter. Englische Ausgabe zum Affolter Modell jetzt bei APW Schweiz erh\u00e4ltlich. Jetzt bestellen!\",\"breadcrumb\":{\"@id\":\"https:\\\/\\\/apwschweiz.ch\\\/shop\\\/buecher\\\/perception-interaction-and-language-affolter\\\/#breadcrumb\"},\"inLanguage\":\"fr-FR\",\"potentialAction\":[{\"@type\":\"ReadAction\",\"target\":[\"https:\\\/\\\/apwschweiz.ch\\\/shop\\\/buecher\\\/perception-interaction-and-language-affolter\\\/\"]}]},{\"@type\":\"ImageObject\",\"inLanguage\":\"fr-FR\",\"@id\":\"https:\\\/\\\/apwschweiz.ch\\\/shop\\\/buecher\\\/perception-interaction-and-language-affolter\\\/#primaryimage\",\"url\":\"https:\\\/\\\/apwschweiz.ch\\\/wp-content\\\/uploads\\\/2026\\\/02\\\/1991_PerceptionWirklichkeitLangage_englisch.webp\",\"contentUrl\":\"https:\\\/\\\/apwschweiz.ch\\\/wp-content\\\/uploads\\\/2026\\\/02\\\/1991_PerceptionWirklichkeitLangage_englisch.webp\",\"width\":401,\"height\":620,\"caption\":\"Buchcover \u201ePerception, Interaction and Language\u201c von F\u00e9licie D. Affolter, t\u00fcrkiser Hintergrund, Schwarzwei\u00dffoto eines Kindes bei einer alltagsnahen Handlung mit unterst\u00fctzender Handf\u00fchrung, Verlag Springer Verlag.\"},{\"@type\":\"BreadcrumbList\",\"@id\":\"https:\\\/\\\/apwschweiz.ch\\\/shop\\\/buecher\\\/perception-interaction-and-language-affolter\\\/#breadcrumb\",\"itemListElement\":[{\"@type\":\"ListItem\",\"position\":1,\"name\":\"Startseite\",\"item\":\"https:\\\/\\\/apwschweiz.ch\\\/\"},{\"@type\":\"ListItem\",\"position\":2,\"name\":\"Shop\",\"item\":\"https:\\\/\\\/apwschweiz.ch\\\/shop\\\/\"},{\"@type\":\"ListItem\",\"position\":3,\"name\":\"B\u00fccher\",\"item\":\"https:\\\/\\\/apwschweiz.ch\\\/produkt-kategorie\\\/buecher\\\/\"},{\"@type\":\"ListItem\",\"position\":4,\"name\":\"Perception, Interaction and Language\"}]},{\"@type\":\"WebSite\",\"@id\":\"https:\\\/\\\/apwschweiz.ch\\\/#website\",\"url\":\"https:\\\/\\\/apwschweiz.ch\\\/\",\"name\":\"Arbeitsgemeinschaft pro Wahrnehmung\",\"description\":\"Gemeinsam f\u00fcr Menschen mit Wahrnehmungs\u00adst\u00f6rungen\",\"publisher\":{\"@id\":\"https:\\\/\\\/apwschweiz.ch\\\/#organization\"},\"alternateName\":\"APW Schweiz\",\"potentialAction\":[{\"@type\":\"SearchAction\",\"target\":{\"@type\":\"EntryPoint\",\"urlTemplate\":\"https:\\\/\\\/apwschweiz.ch\\\/?s={search_term_string}\"},\"query-input\":{\"@type\":\"PropertyValueSpecification\",\"valueRequired\":true,\"valueName\":\"search_term_string\"}}],\"inLanguage\":\"fr-FR\"},{\"@type\":\"Organization\",\"@id\":\"https:\\\/\\\/apwschweiz.ch\\\/#organization\",\"name\":\"Arbeitsgemeinschaft pro Wahrnehmung\",\"alternateName\":\"APW Schweiz\",\"url\":\"https:\\\/\\\/apwschweiz.ch\\\/\",\"logo\":{\"@type\":\"ImageObject\",\"inLanguage\":\"fr-FR\",\"@id\":\"https:\\\/\\\/apwschweiz.ch\\\/#\\\/schema\\\/logo\\\/image\\\/\",\"url\":\"https:\\\/\\\/apwschweiz.ch\\\/wp-content\\\/uploads\\\/2025\\\/07\\\/APW-Logo-Quadrat.png\",\"contentUrl\":\"https:\\\/\\\/apwschweiz.ch\\\/wp-content\\\/uploads\\\/2025\\\/07\\\/APW-Logo-Quadrat.png\",\"width\":500,\"height\":500,\"caption\":\"Arbeitsgemeinschaft pro Wahrnehmung\"},\"image\":{\"@id\":\"https:\\\/\\\/apwschweiz.ch\\\/#\\\/schema\\\/logo\\\/image\\\/\"},\"sameAs\":[\"https:\\\/\\\/www.facebook.com\\\/tauapw\"]}]}<\/script>\n<!-- \/ Yoast SEO plugin. -->","yoast_head_json":{"title":"Perception, Interaction et Langage | APW Suisse","description":"Perception, Interaction and Language par F. D. Affolter. L'\u00e9dition anglaise du Mod\u00e8le Affolter est maintenant disponible chez APW Suisse. Commandez d\u00e8s maintenant !","robots":{"index":"index","follow":"follow","max-snippet":"max-snippet:-1","max-image-preview":"max-image-preview:large","max-video-preview":"max-video-preview:-1"},"canonical":"https:\/\/apwschweiz.ch\/fr\/boutique\/buecher\/perception-interaction-et-langage-affolter\/","og_locale":"fr_FR","og_type":"article","og_title":"Perception, Interaction and Language | APW Schweiz","og_description":"Perception, Interaction and Language von F. D. Affolter. Englische Ausgabe zum Affolter Modell jetzt bei APW Schweiz erh\u00e4ltlich. Jetzt bestellen!","og_url":"https:\/\/apwschweiz.ch\/fr\/boutique\/buecher\/perception-interaction-et-langage-affolter\/","og_site_name":"APW Schweiz","article_publisher":"https:\/\/www.facebook.com\/tauapw","article_modified_time":"2026-03-01T14:45:24+00:00","og_image":[{"width":401,"height":620,"url":"https:\/\/apwschweiz.ch\/wp-content\/uploads\/2026\/02\/1991_PerceptionWirklichkeitLangage_englisch.webp","type":"image\/webp"}],"twitter_card":"summary_large_image","twitter_misc":{"Dur\u00e9e de lecture estim\u00e9e":"1 minute"},"schema":{"@context":"https:\/\/schema.org","@graph":[{"@type":"WebPage","@id":"https:\/\/apwschweiz.ch\/shop\/buecher\/perception-interaction-and-language-affolter\/","url":"https:\/\/apwschweiz.ch\/shop\/buecher\/perception-interaction-and-language-affolter\/","name":"Perception, Interaction et Langage | APW Suisse","isPartOf":{"@id":"https:\/\/apwschweiz.ch\/#website"},"primaryImageOfPage":{"@id":"https:\/\/apwschweiz.ch\/shop\/buecher\/perception-interaction-and-language-affolter\/#primaryimage"},"image":{"@id":"https:\/\/apwschweiz.ch\/shop\/buecher\/perception-interaction-and-language-affolter\/#primaryimage"},"thumbnailUrl":"https:\/\/apwschweiz.ch\/wp-content\/uploads\/2026\/02\/1991_PerceptionWirklichkeitLangage_englisch.webp","datePublished":"2026-02-20T14:36:58+00:00","dateModified":"2026-03-01T14:45:24+00:00","description":"Perception, Interaction and Language par F. D. Affolter. L'\u00e9dition anglaise du Mod\u00e8le Affolter est maintenant disponible chez APW Suisse. Commandez d\u00e8s maintenant !","breadcrumb":{"@id":"https:\/\/apwschweiz.ch\/shop\/buecher\/perception-interaction-and-language-affolter\/#breadcrumb"},"inLanguage":"fr-FR","potentialAction":[{"@type":"ReadAction","target":["https:\/\/apwschweiz.ch\/shop\/buecher\/perception-interaction-and-language-affolter\/"]}]},{"@type":"ImageObject","inLanguage":"fr-FR","@id":"https:\/\/apwschweiz.ch\/shop\/buecher\/perception-interaction-and-language-affolter\/#primaryimage","url":"https:\/\/apwschweiz.ch\/wp-content\/uploads\/2026\/02\/1991_PerceptionWirklichkeitLangage_englisch.webp","contentUrl":"https:\/\/apwschweiz.ch\/wp-content\/uploads\/2026\/02\/1991_PerceptionWirklichkeitLangage_englisch.webp","width":401,"height":620,"caption":"Buchcover \u201ePerception, Interaction and Language\u201c von F\u00e9licie D. Affolter, t\u00fcrkiser Hintergrund, Schwarzwei\u00dffoto eines Kindes bei einer alltagsnahen Handlung mit unterst\u00fctzender Handf\u00fchrung, Verlag Springer Verlag."},{"@type":"BreadcrumbList","@id":"https:\/\/apwschweiz.ch\/shop\/buecher\/perception-interaction-and-language-affolter\/#breadcrumb","itemListElement":[{"@type":"ListItem","position":1,"name":"Startseite","item":"https:\/\/apwschweiz.ch\/"},{"@type":"ListItem","position":2,"name":"Shop","item":"https:\/\/apwschweiz.ch\/shop\/"},{"@type":"ListItem","position":3,"name":"B\u00fccher","item":"https:\/\/apwschweiz.ch\/produkt-kategorie\/buecher\/"},{"@type":"ListItem","position":4,"name":"Perception, Interaction and Language"}]},{"@type":"WebSite","@id":"https:\/\/apwschweiz.ch\/#website","url":"https:\/\/apwschweiz.ch\/","name":"Communaut\u00e9 de travail par perception","description":"Ensemble pour les personnes souffrant de troubles de la perception","publisher":{"@id":"https:\/\/apwschweiz.ch\/#organization"},"alternateName":"APW Schweiz","potentialAction":[{"@type":"SearchAction","target":{"@type":"EntryPoint","urlTemplate":"https:\/\/apwschweiz.ch\/?s={search_term_string}"},"query-input":{"@type":"PropertyValueSpecification","valueRequired":true,"valueName":"search_term_string"}}],"inLanguage":"fr-FR"},{"@type":"Organization","@id":"https:\/\/apwschweiz.ch\/#organization","name":"Communaut\u00e9 de travail par perception","alternateName":"APW Schweiz","url":"https:\/\/apwschweiz.ch\/","logo":{"@type":"ImageObject","inLanguage":"fr-FR","@id":"https:\/\/apwschweiz.ch\/#\/schema\/logo\/image\/","url":"https:\/\/apwschweiz.ch\/wp-content\/uploads\/2025\/07\/APW-Logo-Quadrat.png","contentUrl":"https:\/\/apwschweiz.ch\/wp-content\/uploads\/2025\/07\/APW-Logo-Quadrat.png","width":500,"height":500,"caption":"Arbeitsgemeinschaft pro Wahrnehmung"},"image":{"@id":"https:\/\/apwschweiz.ch\/#\/schema\/logo\/image\/"},"sameAs":["https:\/\/www.facebook.com\/tauapw"]}]}},"_links":{"self":[{"href":"https:\/\/apwschweiz.ch\/fr\/wp-json\/wp\/v2\/product\/6762","targetHints":{"allow":["GET"]}}],"collection":[{"href":"https:\/\/apwschweiz.ch\/fr\/wp-json\/wp\/v2\/product"}],"about":[{"href":"https:\/\/apwschweiz.ch\/fr\/wp-json\/wp\/v2\/types\/product"}],"wp:featuredmedia":[{"embeddable":true,"href":"https:\/\/apwschweiz.ch\/fr\/wp-json\/wp\/v2\/media\/6763"}],"wp:attachment":[{"href":"https:\/\/apwschweiz.ch\/fr\/wp-json\/wp\/v2\/media?parent=6762"}],"wp:term":[{"taxonomy":"product_brand","embeddable":true,"href":"https:\/\/apwschweiz.ch\/fr\/wp-json\/wp\/v2\/product_brand?post=6762"},{"taxonomy":"product_cat","embeddable":true,"href":"https:\/\/apwschweiz.ch\/fr\/wp-json\/wp\/v2\/product_cat?post=6762"},{"taxonomy":"product_tag","embeddable":true,"href":"https:\/\/apwschweiz.ch\/fr\/wp-json\/wp\/v2\/product_tag?post=6762"},{"taxonomy":"zielgruppe","embeddable":true,"href":"https:\/\/apwschweiz.ch\/fr\/wp-json\/wp\/v2\/zielgruppe?post=6762"}],"curies":[{"name":"wp","href":"https:\/\/api.w.org\/{rel}","templated":true}]}}